{"id":197,"date":"2017-02-03T19:14:53","date_gmt":"2017-02-03T18:14:53","guid":{"rendered":"http:\/\/www.smiecio.pl\/?page_id=197"},"modified":"2020-05-24T18:27:24","modified_gmt":"2020-05-24T16:27:24","slug":"wywoz-lodowek","status":"publish","type":"page","link":"http:\/\/www.smiecio.pl\/index.php\/wywoz-lodowek\/","title":{"rendered":"Wyw\u00f3z lod\u00f3wek"},"content":{"rendered":"<p><img loading=\"lazy\" class=\"size-full wp-image-199 alignright\" src=\"http:\/\/smiecio.pl\/wp-content\/uploads\/2020\/05\/stare_lodowki2.jpg\" alt=\"\" width=\"250\" height=\"161\" \/>Co zrobi\u0107 ze star\u0105 lod\u00f3wk\u0105? Bardzo wa\u017cne jest, aby pozby\u0107 si\u0119 jej w odpowiedni spos\u00f3b, poniewa\u017c ch\u0142odziarki i zamra\u017carki zawieraj\u0105 szkodliwe substancje chemiczne. Pozw\u00f3l, aby to \u015amiecio si\u0119 tym zaj\u0119\u0142o, a my zadbamy, aby trafi\u0142a ona w odpowiednie miejsce<\/p>\n<h4><b>Jak pozby\u0107 si\u0119 lod\u00f3wki z firm\u0105 \u015amiecio?<\/b><\/h4>\n<p>Wystarczy, \u017ce zam\u00f3wisz <a title=\"wyw\u00f3z lod\u00f3wek, recykling, gda\u0144sk, gdynia\" href=\"http:\/\/www.smiecio.pl\/index.php\/zamow-usluge\/\">wyw\u00f3z odpad\u00f3w online<\/a> lub telefonicznie pod numerem<br \/>\n786-817-387. Nasz przyjazny, ubrany w firmowe uniformy zesp\u00f3\u0142 zadzwoni do Ciebie 15-30 minut przed wybranym przez Ciebie dwu godzinnym terminem. Kiedy przyjedziemy wska\u017c lod\u00f3wk\u0119, kt\u00f3rej chcesz si\u0119 pozby\u0107, a my podamy cen\u0119 us\u0142ugi. Wystarczy, \u017ce powiesz s\u0142owo i zabierzemy lod\u00f3wk\u0119 gdziekolwiek jest zlokalizowana, a na koniec posprz\u0105tamy po sobie.<\/p>\n<p><i>Pami\u0119taj, \u017ce zabieramy r\u00f3wnie\u017c inne urz\u0105dzenia zawieraj\u0105ce substancje niebezpieczne, np: <a title=\"wyw\u00f3z, recykling, starych, komputer\u00f3w\" href=\"http:\/\/www.smiecio.pl\/index.php\/wywoz-recykling-komputerow\/\">komputery<\/a> czy <a title=\"wyw\u00f3z, recykling, drukarek, kopiarek, starych\" href=\"http:\/\/www.smiecio.pl\/index.php\/wywoz-drukarek-kserokopiarek\/\">drukarki<\/a>.<\/i><\/p>\n","protected":false},"excerpt":{"rendered":"<p>Co zrobi\u0107 ze star\u0105 lod\u00f3wk\u0105? Bardzo wa\u017cne jest, aby pozby\u0107 si\u0119 jej w odpowiedni spos\u00f3b, poniewa\u017c ch\u0142odziarki i zamra\u017carki zawieraj\u0105 szkodliwe substancje chemiczne. Pozw\u00f3l, aby to \u015amiecio si\u0119 tym zaj\u0119\u0142o, a my zadbamy, aby trafi\u0142a ona w odpowiednie miejsce Jak pozby\u0107 si\u0119 lod\u00f3wki z firm\u0105 \u015amiecio? Wystarczy, \u017ce zam\u00f3wisz wyw\u00f3z odpad\u00f3w online lub telefonicznie pod [&hellip;]<\/p>\n","protected":false},"author":1,"featured_media":0,"parent":0,"menu_order":0,"comment_status":"closed","ping_status":"closed","template":"","meta":[],"_links":{"self":[{"href":"http:\/\/www.smiecio.pl\/index.php\/wp-json\/wp\/v2\/pages\/197"}],"collection":[{"href":"http:\/\/www.smiecio.pl\/index.php\/wp-json\/wp\/v2\/pages"}],"about":[{"href":"http:\/\/www.smiecio.pl\/index.php\/wp-json\/wp\/v2\/types\/page"}],"author":[{"embeddable":true,"href":"http:\/\/www.smiecio.pl\/index.php\/wp-json\/wp\/v2\/users\/1"}],"replies":[{"embeddable":true,"href":"http:\/\/www.smiecio.pl\/index.php\/wp-json\/wp\/v2\/comments?post=197"}],"version-history":[{"count":1,"href":"http:\/\/www.smiecio.pl\/index.php\/wp-json\/wp\/v2\/pages\/197\/revisions"}],"predecessor-version":[{"id":444,"href":"http:\/\/www.smiecio.pl\/index.php\/wp-json\/wp\/v2\/pages\/197\/revisions\/444"}],"wp:attachment":[{"href":"http:\/\/www.smiecio.pl\/index.php\/wp-json\/wp\/v2\/media?parent=197"}],"curies":[{"name":"wp","href":"https:\/\/api.w.org\/{rel}","templated":true}]}}