{"id":210,"date":"2017-02-03T19:23:50","date_gmt":"2017-02-03T18:23:50","guid":{"rendered":"http:\/\/www.smiecio.pl\/?page_id=210"},"modified":"2020-05-24T18:27:23","modified_gmt":"2020-05-24T16:27:23","slug":"wywoz-recykling-opon","status":"publish","type":"page","link":"http:\/\/www.smiecio.pl\/index.php\/wywoz-recykling-opon\/","title":{"rendered":"Wyw\u00f3z i recykling opon"},"content":{"rendered":"<p><img loading=\"lazy\" class=\"size-full wp-image-211 alignright\" src=\"http:\/\/smiecio.pl\/wp-content\/uploads\/2020\/05\/stary_telewizor-1.jpg\" alt=\"\" width=\"250\" height=\"164\" \/>Zastanawiasz si\u0119 co zrobi\u0107 ze starymi oponami? Nie wiem czy wiesz, ale opony to jeden z najgorszych odpad\u00f3w, kt\u00f3re mog\u0105 wyl\u0105dowa\u0107 na wysypisku, poniewa\u017c rozk\u0142adaj\u0105 si\u0119 bardzo d\u0142ugo.<\/p>\n<p>Na szcz\u0119\u015bcie recykling opon jest coraz bardziej powszechny. Mo\u017cna je wykorzysta\u0107 do produkcji asfaltu, but\u00f3w, boisk do koszyk\u00f3wki, czy nawet do sztuki.<\/p>\n<p>Je\u015bli posiadasz stare opony, kt\u00f3rych chcesz si\u0119 pozby\u0107, to \u015amiecio pomo\u017ce Tobie upora\u0107 si\u0119 z tym problemem w odpowiedzialny spos\u00f3b. Zabierzemy opony ka\u017cdego rodzaju, te od roweru, samochodu osobowego, czy ci\u0119\u017car\u00f3wki. Wszystko co tylko b\u0119d\u0105 mog\u0142y unie\u015b\u0107 dwie osoby, a Ty zap\u0142acisz tylko za to ile miejsca zajmuj\u0105 na naszym samochodzie.<\/p>\n<h4>Jak pozby\u0107 si\u0119 starych opon z firm\u0105 \u015amiecio?<\/h4>\n<p>Wystarczy, \u017ce zam\u00f3wisz <a href=\"http:\/\/www.smiecio.pl\/index.php\/zamow-usluge\/\">wyw\u00f3z odpad\u00f3w online<\/a> lub telefonicznie pod numerem<br \/>\n786-817-387. Nasz przyjazny, ubrany w firmowe uniformy zesp\u00f3\u0142 zadzwoni do Ciebie 15-30 minut przed wybranym przez Ciebie dwu godzinnym terminem. Kiedy przyjedziemy wska\u017c opony, kt\u00f3rych chcesz si\u0119 pozby\u0107, a my podamy cen\u0119 us\u0142ugi. Wystarczy, \u017ce powiesz s\u0142owo i zabierzemy stare opony gdziekolwiek s\u0105 zlokalizowane,<br \/>\na na koniec posprz\u0105tamy po sobie.<\/p>\n<p>Pami\u0119taj, \u017ce mo\u017cemy zabra\u0107 od Ciebie nie tylko stare opony, ale r\u00f3wnie\u017c du\u017co innych rzeczy. Pe\u0142n\u0105 list\u0119 znajdziesz <a href=\"http:\/\/www.smiecio.pl\/index.php\/co-zabieramy\/\">tutaj<\/a>.<\/p>\n","protected":false},"excerpt":{"rendered":"<p>Zastanawiasz si\u0119 co zrobi\u0107 ze starymi oponami? Nie wiem czy wiesz, ale opony to jeden z najgorszych odpad\u00f3w, kt\u00f3re mog\u0105 wyl\u0105dowa\u0107 na wysypisku, poniewa\u017c rozk\u0142adaj\u0105 si\u0119 bardzo d\u0142ugo. Na szcz\u0119\u015bcie recykling opon jest coraz bardziej powszechny. Mo\u017cna je wykorzysta\u0107 do produkcji asfaltu, but\u00f3w, boisk do koszyk\u00f3wki, czy nawet do sztuki. Je\u015bli posiadasz stare opony, kt\u00f3rych [&hellip;]<\/p>\n","protected":false},"author":1,"featured_media":0,"parent":0,"menu_order":0,"comment_status":"closed","ping_status":"closed","template":"","meta":[],"_links":{"self":[{"href":"http:\/\/www.smiecio.pl\/index.php\/wp-json\/wp\/v2\/pages\/210"}],"collection":[{"href":"http:\/\/www.smiecio.pl\/index.php\/wp-json\/wp\/v2\/pages"}],"about":[{"href":"http:\/\/www.smiecio.pl\/index.php\/wp-json\/wp\/v2\/types\/page"}],"author":[{"embeddable":true,"href":"http:\/\/www.smiecio.pl\/index.php\/wp-json\/wp\/v2\/users\/1"}],"replies":[{"embeddable":true,"href":"http:\/\/www.smiecio.pl\/index.php\/wp-json\/wp\/v2\/comments?post=210"}],"version-history":[{"count":1,"href":"http:\/\/www.smiecio.pl\/index.php\/wp-json\/wp\/v2\/pages\/210\/revisions"}],"predecessor-version":[{"id":440,"href":"http:\/\/www.smiecio.pl\/index.php\/wp-json\/wp\/v2\/pages\/210\/revisions\/440"}],"wp:attachment":[{"href":"http:\/\/www.smiecio.pl\/index.php\/wp-json\/wp\/v2\/media?parent=210"}],"curies":[{"name":"wp","href":"https:\/\/api.w.org\/{rel}","templated":true}]}}