{"id":214,"date":"2017-02-03T19:26:21","date_gmt":"2017-02-03T18:26:21","guid":{"rendered":"http:\/\/www.smiecio.pl\/?page_id=214"},"modified":"2020-05-24T18:27:22","modified_gmt":"2020-05-24T16:27:22","slug":"wywoz-recykling-komputerow","status":"publish","type":"page","link":"http:\/\/www.smiecio.pl\/index.php\/wywoz-recykling-komputerow\/","title":{"rendered":"Wyw\u00f3z i recykling komputer\u00f3w"},"content":{"rendered":"<p>Coraz szybszy post\u0119p technologiczny <img loading=\"lazy\" class=\"alignright\" title=\"recykling komputer\u00f3w, wyw\u00f3z odpad\u00f3w, wyw\u00f3z komputer\u00f3w, Gda\u0144sk, Gdynia, Tr\u00f3jmiasto\" src=\"http:\/\/www.smiecio.pl\/\/img\/stare_komputery1.jpg\" alt=\"recykling komputer\u00f3w, wyw\u00f3z odpad\u00f3w, wyw\u00f3z komputer\u00f3w, Gda\u0144sk, Gdynia, Tr\u00f3jmiasto\" width=\"244\" height=\"171\" border=\"0\" \/>powoduje wzrost ilo\u015bci przestarza\u0142ego sprz\u0119tu. Nowe gad\u017cety pojawiaj\u0105 si\u0119 na naszym rynku codziennie, dlatego recykling komputer\u00f3w jest dzisiaj wa\u017cniejszy ni\u017c kiedykolwiek wcze\u015bniej.<\/p>\n<p>Nie musisz czu\u0107 si\u0119 \u017ale kupuj\u0105c nowe urz\u0105dzenia, je\u015bli anga\u017cujesz si\u0119 w recykling komputer\u00f3w. Ale jak to zrobi\u0107? Wyrzucanie komputer\u00f3w ze zwyk\u0142ymi \u015bmieciami jest zabronione, poniewa\u017c bardzo cz\u0119sto zawieraj\u0105 one pierwiastki chemiczne, kt\u00f3re wyrz\u0105dzaj\u0105 szkod\u0119 \u015brodowisku. Dodatkowo, firmy, kt\u00f3re pozbywaj\u0105 si\u0119 komputer\u00f3w w nieodpowiedni spos\u00f3b mog\u0105 zosta\u0107 ukarane wysok\u0105 grzywn\u0105.<\/p>\n<h4><b>Jak pozby\u0107 si\u0119 starego komputera czy laptopa z firm\u0105 \u015amiecio?<\/b><\/h4>\n<p>Nie wiesz gdzie wyrzuci\u0107 stary komputer, a chcesz zrobi\u0107 miejsce na nowe gad\u017cety? Pozw\u00f3l nam si\u0119 tym zaj\u0105\u0107.<\/p>\n<p>Wystarczy zam\u00f3wi\u0107 <a title=\"Wyw\u00f3z odpad\u00f3w, \u015bmieci, grat\u00f3w, Gda\u0144sk, Gdynia, Tr\u00f3jmiasto\" href=\"http:\/\/www.smiecio.pl\/index.php\/zamow-usluge\/\">wyw\u00f3z odpad\u00f3w online<\/a> lub telefonicznie pod numerem<br \/>\n786-817-387. Nasz przyjazny, ubrany w firmowe uniformy zesp\u00f3\u0142 zadzwoni do Ciebie 15-30 minut przed wybranym przez Ciebie dwu godzinnym terminem. Kiedy przyjedziemy wska\u017c komputer lub komputery, kt\u00f3rych chcesz si\u0119 pozby\u0107,<br \/>\na my podamy Tobie cen\u0119 pe\u0142nej us\u0142ugi. Wystarczy, \u017ce powiesz s\u0142owo, a my zabierzemy Tw\u00f3j komputer gdziekolwiek jest zlokalizowany, a na koniec posprz\u0105tamy po sobie.<\/p>\n<p><i>Pami\u0119taj, \u017ce zabieramy r\u00f3wnie\u017c inne urz\u0105dzenia zawieraj\u0105ce substancje niebezpieczne, np: <a title=\"recykling monitor\u00f3w, wyw\u00f3z monitor\u00f3w, wyw\u00f3z odpadow, \u015bmieci, Gda\u0144sk, Gdynia, Tr\u00f3jmaisti\" href=\"http:\/\/www.smiecio.pl\/index.php\/index.php\/wywoz-recykling-monitorow\">monitory<\/a> czy <a title=\"recykling drukarek, wyw\u00f3z drukarek, wyw\u00f3z \u015bmieci, odpad\u00f3w, Gda\u0144sk, Gdynia, Tr\u00f3jmiasto\" href=\"http:\/\/www.smiecio.pl\/index.php\/wywoz-drukarek-kserokopiarek\">drukarki<\/a>.<\/i><\/p>\n","protected":false},"excerpt":{"rendered":"<p>Coraz szybszy post\u0119p technologiczny powoduje wzrost ilo\u015bci przestarza\u0142ego sprz\u0119tu. Nowe gad\u017cety pojawiaj\u0105 si\u0119 na naszym rynku codziennie, dlatego recykling komputer\u00f3w jest dzisiaj wa\u017cniejszy ni\u017c kiedykolwiek wcze\u015bniej. Nie musisz czu\u0107 si\u0119 \u017ale kupuj\u0105c nowe urz\u0105dzenia, je\u015bli anga\u017cujesz si\u0119 w recykling komputer\u00f3w. Ale jak to zrobi\u0107? Wyrzucanie komputer\u00f3w ze zwyk\u0142ymi \u015bmieciami jest zabronione, poniewa\u017c bardzo cz\u0119sto zawieraj\u0105 [&hellip;]<\/p>\n","protected":false},"author":1,"featured_media":0,"parent":0,"menu_order":0,"comment_status":"closed","ping_status":"closed","template":"","meta":[],"_links":{"self":[{"href":"http:\/\/www.smiecio.pl\/index.php\/wp-json\/wp\/v2\/pages\/214"}],"collection":[{"href":"http:\/\/www.smiecio.pl\/index.php\/wp-json\/wp\/v2\/pages"}],"about":[{"href":"http:\/\/www.smiecio.pl\/index.php\/wp-json\/wp\/v2\/types\/page"}],"author":[{"embeddable":true,"href":"http:\/\/www.smiecio.pl\/index.php\/wp-json\/wp\/v2\/users\/1"}],"replies":[{"embeddable":true,"href":"http:\/\/www.smiecio.pl\/index.php\/wp-json\/wp\/v2\/comments?post=214"}],"version-history":[{"count":1,"href":"http:\/\/www.smiecio.pl\/index.php\/wp-json\/wp\/v2\/pages\/214\/revisions"}],"predecessor-version":[{"id":436,"href":"http:\/\/www.smiecio.pl\/index.php\/wp-json\/wp\/v2\/pages\/214\/revisions\/436"}],"wp:attachment":[{"href":"http:\/\/www.smiecio.pl\/index.php\/wp-json\/wp\/v2\/media?parent=214"}],"curies":[{"name":"wp","href":"https:\/\/api.w.org\/{rel}","templated":true}]}}