{"id":217,"date":"2017-02-03T19:28:35","date_gmt":"2017-02-03T18:28:35","guid":{"rendered":"http:\/\/www.smiecio.pl\/?page_id=217"},"modified":"2020-05-24T18:27:21","modified_gmt":"2020-05-24T16:27:21","slug":"wywoz-drukarek-kserokopiarek","status":"publish","type":"page","link":"http:\/\/www.smiecio.pl\/index.php\/wywoz-drukarek-kserokopiarek\/","title":{"rendered":"Wyw\u00f3z i recykling drukarek"},"content":{"rendered":"<p><img loading=\"lazy\" class=\"size-full wp-image-218 alignright\" src=\"http:\/\/smiecio.pl\/wp-content\/uploads\/2020\/05\/stara_drukarka.jpg\" alt=\"\" width=\"250\" height=\"224\" \/>Dzisiaj drukarki mog\u0105 zrobi\u0107 prawie wszystko &#8211; drukowa\u0107, kopiowa\u0107, skanowa\u0107, czy nawet wysy\u0142a\u0107 faxy &#8211; a dodatkowo staj\u0105 si\u0119 coraz bardziej przyst\u0119pne cenowo.<\/p>\n<p>Chcesz stary model wymieni\u0107 na nowy,<br \/>\na mo\u017ce po prostu si\u0119 popsu\u0142a chcesz si\u0119 jej pozby\u0107? Nie wiesz co zrobi\u0107 ze star\u0105 drukark\u0105?<\/p>\n<p>Skontaktuj si\u0119 z nami, a my zajmiemy si\u0119 tym problemem w odpowiedzialny spos\u00f3b. Twoja drukarka zostanie przekazana do recyklingu, a je\u015bli wci\u0105\u017c dzia\u0142a by\u0107 mo\u017ce trafi w r\u0119ce kogo\u015b, komu si\u0119 przyda.<\/p>\n<h4><b>Jak pozby\u0107 si\u0119 starej drukarki czy ksera z firm\u0105 \u015amiecio?<\/b><\/h4>\n<p>Wystarczy, \u017ce zam\u00f3wisz <a title=\"wyw\u00f3z i recykling drukarek\" href=\"http:\/\/www.smiecio.pl\/index.php\/zamow-usluge\/\">wyw\u00f3z odpad\u00f3w online<\/a> lub telefonicznie pod numerem<br \/>\n786-817-387. Nasz przyjazny, ubrany w firmowe uniformy zesp\u00f3\u0142 zadzwoni do Ciebie 15-30 minut przed wybranym przez Ciebie dwu godzinnym terminem. Kiedy przyjedziemy wska\u017c drukark\u0119, kt\u00f3rej chcesz si\u0119 pozby\u0107, a my podamy cen\u0119 us\u0142ugi. Wystarczy, \u017ce powiesz s\u0142owo i zabierzemy Twoj\u0105 drukark\u0119 gdziekolwiek jest zlokalizowana, a na koniec posprz\u0105tamy po sobie.<\/p>\n<p>Pami\u0119taj, \u017ce zabieramy i przekazujemy do recyklingu r\u00f3wnie\u017c inne elektro\u015bmieci, np <a title=\"Wyw\u00f3z i recykling komputer\u00f3w\" href=\"http:\/\/www.smiecio.pl\/index.php\/wywoz-recykling-komputerow\">komputery<\/a>, czy <a title=\"Wyw\u00f3z i recykling monitor\u00f3w\" href=\"http:\/\/www.smiecio.pl\/index.php\/wywoz-recykling-monitorow\">monitory<\/a>.<\/p>\n","protected":false},"excerpt":{"rendered":"<p>Dzisiaj drukarki mog\u0105 zrobi\u0107 prawie wszystko &#8211; drukowa\u0107, kopiowa\u0107, skanowa\u0107, czy nawet wysy\u0142a\u0107 faxy &#8211; a dodatkowo staj\u0105 si\u0119 coraz bardziej przyst\u0119pne cenowo. Chcesz stary model wymieni\u0107 na nowy, a mo\u017ce po prostu si\u0119 popsu\u0142a chcesz si\u0119 jej pozby\u0107? Nie wiesz co zrobi\u0107 ze star\u0105 drukark\u0105? Skontaktuj si\u0119 z nami, a my zajmiemy si\u0119 tym [&hellip;]<\/p>\n","protected":false},"author":1,"featured_media":0,"parent":0,"menu_order":0,"comment_status":"closed","ping_status":"closed","template":"","meta":[],"_links":{"self":[{"href":"http:\/\/www.smiecio.pl\/index.php\/wp-json\/wp\/v2\/pages\/217"}],"collection":[{"href":"http:\/\/www.smiecio.pl\/index.php\/wp-json\/wp\/v2\/pages"}],"about":[{"href":"http:\/\/www.smiecio.pl\/index.php\/wp-json\/wp\/v2\/types\/page"}],"author":[{"embeddable":true,"href":"http:\/\/www.smiecio.pl\/index.php\/wp-json\/wp\/v2\/users\/1"}],"replies":[{"embeddable":true,"href":"http:\/\/www.smiecio.pl\/index.php\/wp-json\/wp\/v2\/comments?post=217"}],"version-history":[{"count":1,"href":"http:\/\/www.smiecio.pl\/index.php\/wp-json\/wp\/v2\/pages\/217\/revisions"}],"predecessor-version":[{"id":435,"href":"http:\/\/www.smiecio.pl\/index.php\/wp-json\/wp\/v2\/pages\/217\/revisions\/435"}],"wp:attachment":[{"href":"http:\/\/www.smiecio.pl\/index.php\/wp-json\/wp\/v2\/media?parent=217"}],"curies":[{"name":"wp","href":"https:\/\/api.w.org\/{rel}","templated":true}]}}