{"id":221,"date":"2017-02-03T19:30:32","date_gmt":"2017-02-03T18:30:32","guid":{"rendered":"http:\/\/www.smiecio.pl\/?page_id=221"},"modified":"2020-05-24T18:27:23","modified_gmt":"2020-05-24T16:27:23","slug":"wywoz-recykling-monitorow","status":"publish","type":"page","link":"http:\/\/www.smiecio.pl\/index.php\/wywoz-recykling-monitorow\/","title":{"rendered":"Wyw\u00f3z i recykling monitor\u00f3w"},"content":{"rendered":"<table class=\"contentpaneopen\">\n<tbody>\n<tr>\n<td valign=\"top\"><img loading=\"lazy\" class=\"size-full wp-image-222 alignright\" src=\"http:\/\/smiecio.pl\/wp-content\/uploads\/2020\/05\/stary_monitor.jpg\" alt=\"\" width=\"183\" height=\"183\" \/>Zastanawiasz si\u0119 co zrobi\u0107 ze starym monitorem?<br \/>\nCzy wiesz, \u017ce wi\u0119kszo\u015b\u0107 urz\u0105dze\u0144 elektronicznych zawiera pierwiastki chemiczne,kt\u00f3re mog\u0105 by\u0107 szkodliwe dla naszego zdrowia i \u015brodowiska je\u015bli zostan\u0105 w nieodpowiedni spos\u00f3b zutylizowane?Recykling monitor\u00f3w jest szczeg\u00f3lnie wa\u017cny, poniewa\u017c te urz\u0105dzenia zawieraj\u0105 szkodliwy o\u0142\u00f3w, kadm i rt\u0119\u0107. Kiedy monitory s\u0105 wyrzucane na wysypisko i tam niszczone, to wszystkie chemikalia wydostaj\u0105 si\u0119 do powietrza i wody. Mo\u017ce to powodowa\u0107 zaburzenia oddechowe i neuropsychologiczne. Dlatego wi\u0119kszo\u015b\u0107 firm wywo\u017c\u0105cych \u015bmieci nie zabiera starych monitor\u00f3w czy komputer\u00f3w.<\/p>\n<h4><b>Jak mo\u017cesz pozby\u0107 si\u0119 monitora w odpowiedzialny spos\u00f3b?<\/b><\/h4>\n<p>Wystarczy zam\u00f3wi\u0107 <a title=\"Wyw\u00f3z odpad\u00f3w, \u015bmieci, Gda\u0144sk, Gdynia, Tr\u00f3jmiasto\" href=\"http:\/\/www.smiecio.pl\/index.php\/zamow-usluge\/\">wyw\u00f3z odpad\u00f3w online<\/a> lub telefonicznie pod numerem<br \/>\n786-817-387. Nasz przyjazny, ubrany w firmowe uniformy zesp\u00f3\u0142 zadzwoni do Ciebie 15-30 minut przed wybranym przez Ciebie dwu godzinnym terminem. Kiedy przyjedziemy wska\u017c monitor lub monitory, kt\u00f3rych chcesz si\u0119 pozby\u0107,<br \/>\na my podamy Tobie cen\u0119 pe\u0142nej us\u0142ugi. Wystarczy, \u017ce powiesz s\u0142owo, a my zabierzemy Tw\u00f3j monitor gdziekolwiek jest zlokalizowany, a na koniec posprz\u0105tamy<br \/>\npo sobie.<\/p>\n<p><i>Pami\u0119taj, \u017ce zabieramy r\u00f3wnie\u017c inne urz\u0105dzenia zawieraj\u0105ce substancje niebezpieczne, np: <a title=\"Wyw\u00f3z i recykling komputer\u00f3w\" href=\"http:\/\/www.smiecio.pl\/index.php\/wywoz-recykling-komputerow\">komputery<\/a> czy <a title=\"Wyw\u00f3z i recykling drukarek\" href=\"http:\/\/www.smiecio.pl\/index.php\/wywoz-drukarek-kserokopiarek\">drukarki<\/a>.<\/i><\/p>\n<p>Sprawd\u017a jak niebezpieczne s\u0105 poszczeg\u00f3lne pierwiastki i jak mog\u0105 wp\u0142ywa\u0107 na zdrowie i \u015brodowisko: <a href=\"http:\/\/pl.wikipedia.org\/wiki\/O%C5%82%C3%B3w\" target=\"_blank\" rel=\"noopener noreferrer\">o\u0142\u00f3w<\/a>, <a href=\"http:\/\/pl.wikipedia.org\/wiki\/Kadm\" target=\"_blank\" rel=\"noopener noreferrer\">kadm<\/a>, <a href=\"http:\/\/pl.wikipedia.org\/wiki\/Kadm\" target=\"_blank\" rel=\"noopener noreferrer\">rt\u0119\u0107<\/a>.<\/td>\n<\/tr>\n<\/tbody>\n<\/table>\n","protected":false},"excerpt":{"rendered":"<p>Zastanawiasz si\u0119 co zrobi\u0107 ze starym monitorem? Czy wiesz, \u017ce wi\u0119kszo\u015b\u0107 urz\u0105dze\u0144 elektronicznych zawiera pierwiastki chemiczne,kt\u00f3re mog\u0105 by\u0107 szkodliwe dla naszego zdrowia i \u015brodowiska je\u015bli zostan\u0105 w nieodpowiedni spos\u00f3b zutylizowane?Recykling monitor\u00f3w jest szczeg\u00f3lnie wa\u017cny, poniewa\u017c te urz\u0105dzenia zawieraj\u0105 szkodliwy o\u0142\u00f3w, kadm i rt\u0119\u0107. Kiedy monitory s\u0105 wyrzucane na wysypisko i tam niszczone, to wszystkie chemikalia [&hellip;]<\/p>\n","protected":false},"author":1,"featured_media":0,"parent":0,"menu_order":0,"comment_status":"closed","ping_status":"closed","template":"","meta":[],"_links":{"self":[{"href":"http:\/\/www.smiecio.pl\/index.php\/wp-json\/wp\/v2\/pages\/221"}],"collection":[{"href":"http:\/\/www.smiecio.pl\/index.php\/wp-json\/wp\/v2\/pages"}],"about":[{"href":"http:\/\/www.smiecio.pl\/index.php\/wp-json\/wp\/v2\/types\/page"}],"author":[{"embeddable":true,"href":"http:\/\/www.smiecio.pl\/index.php\/wp-json\/wp\/v2\/users\/1"}],"replies":[{"embeddable":true,"href":"http:\/\/www.smiecio.pl\/index.php\/wp-json\/wp\/v2\/comments?post=221"}],"version-history":[{"count":1,"href":"http:\/\/www.smiecio.pl\/index.php\/wp-json\/wp\/v2\/pages\/221\/revisions"}],"predecessor-version":[{"id":438,"href":"http:\/\/www.smiecio.pl\/index.php\/wp-json\/wp\/v2\/pages\/221\/revisions\/438"}],"wp:attachment":[{"href":"http:\/\/www.smiecio.pl\/index.php\/wp-json\/wp\/v2\/media?parent=221"}],"curies":[{"name":"wp","href":"https:\/\/api.w.org\/{rel}","templated":true}]}}