{"id":225,"date":"2017-02-03T19:32:54","date_gmt":"2017-02-03T18:32:54","guid":{"rendered":"http:\/\/www.smiecio.pl\/?page_id=225"},"modified":"2020-05-24T18:27:09","modified_gmt":"2020-05-24T16:27:09","slug":"wywoz-odpadow-z-ogrodu","status":"publish","type":"page","link":"http:\/\/www.smiecio.pl\/index.php\/wywoz-odpadow-z-ogrodu\/","title":{"rendered":"Odpady z ogrodu"},"content":{"rendered":"<p><img loading=\"lazy\" class=\"size-medium wp-image-226 alignright\" src=\"http:\/\/smiecio.pl\/wp-content\/uploads\/2020\/05\/liscie1-300x186.jpg\" alt=\"\" width=\"300\" height=\"186\" \/>Odpady organiczne ulegaj\u0105ce biodegradacji nie powinny trafia\u0107 na wysypisko, poniewa\u017c mog\u0105 zosta\u0107 poddane recyklingowi lub by\u0107 wykorzystane jako naw\u00f3z.<\/p>\n<p>Oferujemy wyw\u00f3z \u015bmieci i odpad\u00f3w zielonych w tym:\u00a0<b>ga\u0142\u0119zi, trawy, li\u015bci, krzak\u00f3w, drzewek<\/b>\u00a0oraz innych odpad\u00f3w powsta\u0142ych w ogrodzie.<\/p>\n<p>Kiedy chcesz si\u0119 pozby\u0107 li\u015bci lub jakichkolwiek innych odpad\u00f3w z ogrodu zadzwo\u0144 do \u015amiecio.<\/p>\n<h4><b>Jak dzia\u0142a wyw\u00f3z odpad\u00f3w z ogrodu w firmie \u015amiecio?<\/b><\/h4>\n<p>Wystarczy zam\u00f3wi\u0107 <a title=\"wyw\u00f3z odpad\u00f3w, \u015bmieci z ogrodu\" href=\"http:\/\/www.smiecio.pl\/index.php\/zamow-usluge\/\">wyw\u00f3z odpad\u00f3w online<\/a> lub telefonicznie pod numerem<br \/>\n786-817-387. Nasz przyjazny, ubrany w firmowe uniformy zesp\u00f3\u0142 zadzwoni do Ciebie 15-30 minut przed wybranym przez Ciebie dwu godzinnym terminem. Kiedy przyjedziemy wska\u017c odpady z ogrodu, kt\u00f3rych chcesz si\u0119 pozby\u0107, a my podamy Tobie cen\u0119 pe\u0142nej us\u0142ugi. Wystarczy, \u017ce powiesz s\u0142owo, a my zabierzemy odpady<br \/>\nz ogrodu gdziekolwiek s\u0105 zlokalizowane, a na koniec posprz\u0105tamy po sobie.<\/p>\n<p>Pami\u0119taj, \u017ce mo\u017cemy zabra\u0107 od Ciebie nie tylko odpady z ogrodu, ale r\u00f3wnie\u017c du\u017co innych rzeczy. Pe\u0142n\u0105 list\u0119 znajdziesz <a title=\"wyw\u00f3z odpad\u00f3w, \u015bmieci, gda\u0144sk, gdynia, tr\u00f3jmiasto\" href=\"http:\/\/www.smiecio.pl\/index.php\/co-zabieramy\/\">tutaj<\/a>.<\/p>\n<p>Opinie:<span class=\"description\"><br \/>\n<i>&#8222;Niby m\u00f3j ogr\u00f3dek jest ma\u0142y, ale po obci\u0119ciu drzewek i krzak\u00f3w, kt\u00f3re ros\u0142y w oko\u0142o zrobi\u0142a si\u0119 naprawd\u0119 spora kupa \u015bmieci. Kolejny minus by\u0142 taki, \u017ce dost\u0119p do ogrodu jest tylko przez gara\u017c. Co tu du\u017co m\u00f3wi\u0107, Panowie poradzili sobie rewelacyjnie, na koniec zamietli gara\u017c z igie\u0142 i li\u015bci. Bardzo przyzwoici m\u0142odzi ludzie.&#8221;<\/i><\/span> <img class=\"alignnone\" src=\"http:\/\/www.smiecio.pl\/\/img\/five_stars_icon1.jpg\" alt=\"\u015amiecio - opinia\" \/><span class=\"reviewer\">S\u0142awomir R. z Gdyni<\/span> oceni\u0142 <span class=\"item\"><span class=\"fn\">\u015amiecio<\/span><\/span> na <span class=\"rating\">5<\/span><br \/>\nWi\u0119cej opinii znajdziesz <a href=\"http:\/\/www.smiecio.pl\/index.php\/o-nas\/\">tutaj<\/a>.<\/p>\n","protected":false},"excerpt":{"rendered":"<p>Odpady organiczne ulegaj\u0105ce biodegradacji nie powinny trafia\u0107 na wysypisko, poniewa\u017c mog\u0105 zosta\u0107 poddane recyklingowi lub by\u0107 wykorzystane jako naw\u00f3z. Oferujemy wyw\u00f3z \u015bmieci i odpad\u00f3w zielonych w tym:\u00a0ga\u0142\u0119zi, trawy, li\u015bci, krzak\u00f3w, drzewek\u00a0oraz innych odpad\u00f3w powsta\u0142ych w ogrodzie. Kiedy chcesz si\u0119 pozby\u0107 li\u015bci lub jakichkolwiek innych odpad\u00f3w z ogrodu zadzwo\u0144 do \u015amiecio. Jak dzia\u0142a wyw\u00f3z odpad\u00f3w z [&hellip;]<\/p>\n","protected":false},"author":1,"featured_media":0,"parent":0,"menu_order":0,"comment_status":"closed","ping_status":"closed","template":"","meta":[],"_links":{"self":[{"href":"http:\/\/www.smiecio.pl\/index.php\/wp-json\/wp\/v2\/pages\/225"}],"collection":[{"href":"http:\/\/www.smiecio.pl\/index.php\/wp-json\/wp\/v2\/pages"}],"about":[{"href":"http:\/\/www.smiecio.pl\/index.php\/wp-json\/wp\/v2\/types\/page"}],"author":[{"embeddable":true,"href":"http:\/\/www.smiecio.pl\/index.php\/wp-json\/wp\/v2\/users\/1"}],"replies":[{"embeddable":true,"href":"http:\/\/www.smiecio.pl\/index.php\/wp-json\/wp\/v2\/comments?post=225"}],"version-history":[{"count":1,"href":"http:\/\/www.smiecio.pl\/index.php\/wp-json\/wp\/v2\/pages\/225\/revisions"}],"predecessor-version":[{"id":412,"href":"http:\/\/www.smiecio.pl\/index.php\/wp-json\/wp\/v2\/pages\/225\/revisions\/412"}],"wp:attachment":[{"href":"http:\/\/www.smiecio.pl\/index.php\/wp-json\/wp\/v2\/media?parent=225"}],"curies":[{"name":"wp","href":"https:\/\/api.w.org\/{rel}","templated":true}]}}