{"id":256,"date":"2017-02-03T20:29:47","date_gmt":"2017-02-03T19:29:47","guid":{"rendered":"http:\/\/www.smiecio.pl\/?page_id=256"},"modified":"2020-05-24T18:27:21","modified_gmt":"2020-05-24T16:27:21","slug":"likwidacja-mieszkan-piwnic-pomieszczen-magazynow-garazy-domow-strychow","status":"publish","type":"page","link":"http:\/\/www.smiecio.pl\/index.php\/likwidacja-mieszkan-piwnic-pomieszczen-magazynow-garazy-domow-strychow\/","title":{"rendered":"\u015amiecio &#8211; Likwidacja mieszka\u0144 i pomieszcze\u0144 Gda\u0144sk, Gdynia"},"content":{"rendered":"<p><img loading=\"lazy\" class=\"size-medium wp-image-257 alignright\" src=\"http:\/\/smiecio.pl\/wp-content\/uploads\/2020\/05\/likwidacja-mieszkan-piwnic-pomieszczen-300x225.jpg\" alt=\"\" width=\"300\" height=\"225\" \/><\/p>\n<table class=\"contentpaneopen\">\n<tbody>\n<tr>\n<td class=\"contentheading\" width=\"100%\">Likwidacja mieszka\u0144, dom\u00f3w, gara\u017cy, strych\u00f3w, magazyn\u00f3w, pomieszcze\u0144<\/td>\n<\/tr>\n<\/tbody>\n<\/table>\n<table class=\"contentpaneopen\">\n<tbody>\n<tr>\n<td valign=\"top\">\n<h4>Chcesz pozby\u0107 si\u0119 wszelkiego rodzaju grat\u00f3w z mieszkania, piwnicy, gara\u017cu, domu, magazynu lub innego pomieszczenia?<\/h4>\n<p><u>Sprzedajesz mieszkanie<\/u> czy dom, kt\u00f3re musisz czy chcesz opr\u00f3\u017cni\u0107 przed sprzeda\u017c\u0105? <u>Musisz opu\u015bci\u0107 wynajmowany magazyn<\/u>, a przedmioty, kt\u00f3re si\u0119 w nim znajduj\u0105 nie s\u0105 Tobie ju\u017c potrzebne? <u>Kupi\u0142e\u015b mieszkanie<\/u> lub dom, kt\u00f3re chcesz opr\u00f3\u017cni\u0107 ze starych grat\u00f3w? Albo mo\u017ce <u>masz do opr\u00f3\u017cnienia<\/u> gara\u017c, piwnic\u0119 lub inne pomieszczenie?<\/p>\n<p>Pozw\u00f3l, aby <b>\u015amiecio zaj\u0119\u0142o si\u0119 likwidacj\u0105<\/b> Twojego mieszkania, domu, piwnicy, gara\u017cu, magazynu lub innego pomieszczenia, w Gda\u0144sku, Gdyni lub w okolicach Tr\u00f3jmiasta. Przyjedziemy, wycenimy nasz\u0105 us\u0142ug\u0119 przed jej realizacj\u0105 i albo zaczniemy prac\u0119 od razu albo um\u00f3wimy odpowiedni dla\u00a0Ciebie termin.<\/p>\n<h4>Jak zlikwidowa\u0107 mieszkanie, dom, piwnic\u0119, gara\u017c, magazyn, strych lub inne pomieszczenie z firm\u0105 \u015amiecio?<\/h4>\n<p>Wystarczy, \u017ce zam\u00f3wisz <a title=\"wyw\u00f3z mebli, gda\u0144sk, gdynia, tr\u00f3jmiasto\" href=\"http:\/\/www.smiecio.pl\/index.php\/zamow-usluge\/\">wyw\u00f3z odpad\u00f3w online<\/a> lub telefonicznie pod numerem<br \/>\n786-817-387. Nasz przyjazny, ubrany w firmowe uniformy zesp\u00f3\u0142 zadzwoni do Ciebie 15-30 minut przed wybranym przez Ciebie dwu godzinnym terminem. Kiedy przyjedziemy wska\u017c pomieszczenie, kt\u00f3re ma by\u0107 opr\u00f3\u017cnione, a my podamy cen\u0119 us\u0142ugi. Wystarczy, \u017ce powiesz s\u0142owo i zaczniemy prac\u0119 od zaraz lub ustalimy dogodny termin,\u00a0a na koniec posprz\u0105tamy po sobie.<\/p>\n<h4>Likwidacja mieszka\u0144 Gda\u0144sk Gdynia i okolice.<\/h4>\n<p>Nasze us\u0142ugi wykonujemy na terenie Gda\u0144ska, Gdyni, Sopotu i okolic Tr\u00f3jmiasta (Pruszcz Gda\u0144ski, Banino, Straszyn, Chwaszczyno i inne). Je\u015bli masz w\u0105tpliwo\u015bci &#8211; prosz\u0119 dzwo\u0144 \u015bmia\u0142o na nasz numer podany na g\u00f3rze strony.<\/td>\n<\/tr>\n<\/tbody>\n<\/table>\n","protected":false},"excerpt":{"rendered":"<p>Likwidacja mieszka\u0144, dom\u00f3w, gara\u017cy, strych\u00f3w, magazyn\u00f3w, pomieszcze\u0144 Chcesz pozby\u0107 si\u0119 wszelkiego rodzaju grat\u00f3w z mieszkania, piwnicy, gara\u017cu, domu, magazynu lub innego pomieszczenia? Sprzedajesz mieszkanie czy dom, kt\u00f3re musisz czy chcesz opr\u00f3\u017cni\u0107 przed sprzeda\u017c\u0105? Musisz opu\u015bci\u0107 wynajmowany magazyn, a przedmioty, kt\u00f3re si\u0119 w nim znajduj\u0105 nie s\u0105 Tobie ju\u017c potrzebne? Kupi\u0142e\u015b mieszkanie lub dom, kt\u00f3re chcesz [&hellip;]<\/p>\n","protected":false},"author":1,"featured_media":0,"parent":0,"menu_order":0,"comment_status":"closed","ping_status":"closed","template":"","meta":[],"_links":{"self":[{"href":"http:\/\/www.smiecio.pl\/index.php\/wp-json\/wp\/v2\/pages\/256"}],"collection":[{"href":"http:\/\/www.smiecio.pl\/index.php\/wp-json\/wp\/v2\/pages"}],"about":[{"href":"http:\/\/www.smiecio.pl\/index.php\/wp-json\/wp\/v2\/types\/page"}],"author":[{"embeddable":true,"href":"http:\/\/www.smiecio.pl\/index.php\/wp-json\/wp\/v2\/users\/1"}],"replies":[{"embeddable":true,"href":"http:\/\/www.smiecio.pl\/index.php\/wp-json\/wp\/v2\/comments?post=256"}],"version-history":[{"count":1,"href":"http:\/\/www.smiecio.pl\/index.php\/wp-json\/wp\/v2\/pages\/256\/revisions"}],"predecessor-version":[{"id":422,"href":"http:\/\/www.smiecio.pl\/index.php\/wp-json\/wp\/v2\/pages\/256\/revisions\/422"}],"wp:attachment":[{"href":"http:\/\/www.smiecio.pl\/index.php\/wp-json\/wp\/v2\/media?parent=256"}],"curies":[{"name":"wp","href":"https:\/\/api.w.org\/{rel}","templated":true}]}}