{"id":276,"date":"2017-02-03T21:29:22","date_gmt":"2017-02-03T20:29:22","guid":{"rendered":"http:\/\/www.smiecio.pl\/?page_id=276"},"modified":"2020-05-24T18:27:06","modified_gmt":"2020-05-24T16:27:06","slug":"o-nas","status":"publish","type":"page","link":"http:\/\/www.smiecio.pl\/index.php\/o-nas\/","title":{"rendered":"O nas"},"content":{"rendered":"<p>Firma \u015amiecio rozpocz\u0119\u0142a swoj\u0105 dzia\u0142alno\u015b\u0107 w 2011 roku. Od tego czasu obs\u0142u\u017cyli\u015bmy ju\u017c na terenie Tr\u00f3jmiasta i okolic kilkuset klient\u00f3w. W\u015br\u00f3d naszych klient\u00f3w s\u0105 zar\u00f3wno osoby indywidualne, jak r\u00f3wnie\u017c firmy.<\/p>\n<p>Zajmujemy si\u0119 wywozem r\u00f3\u017cnego rodzaju \u015bmieci razem z za\u0142adunkiem. W skr\u00f3cie: przyje\u017cd\u017camy, wyceniamy, \u0142adujemy, sprz\u0105tamy i odje\u017cd\u017camy. Oferujemy alternatyw\u0119 dla wynajmu kontener\u00f3w i work\u00f3w na gruz (tzw. big bag\u00f3w). Dzi\u0119ki nam \u015bmieci mo\u017cna si\u0119 pozby\u0107 szybko i w prostu spos\u00f3b.<\/p>\n<p><u>Poni\u017cej znajduj\u0105 si\u0119 opinie naszych klient\u00f3w:<\/u><\/p>\n<div class=\"hreview\"><span class=\"description\"><i>&#8222;Fantastyczna sprawa. Panowie przyjechali i zabrali wszystkie meble. \u0141atwo nie by\u0142o bo mieszkam na 3 pietrze :)&#8221;<\/i><\/span> <img class=\"alignnone\" src=\"http:\/\/www.smiecio.pl\/\/img\/five_stars_icon1.jpg\" alt=\"\u015amiecio - opinia\" data-pin-nopin=\"true\" \/> <span class=\"reviewer\">Marlena B. z Gda\u0144ska<\/span> oceni\u0142a <span class=\"item\"><span class=\"fn\">\u015amiecio<\/span><\/span> na <span class=\"rating\">5<\/span><\/div>\n<div class=\"hreview\"><span class=\"rating\">\u00a0<\/span><\/div>\n<div class=\"hreview\"><span class=\"description\"><i>&#8222;Przy mojej ulicy nie ma miejsca na kontener, a big bag zaj\u0105\u0142 by ca\u0142y chodnik. Niestety ogr\u00f3dka przed domem te\u017c nie mam, dlatego wszystkie \u015bmieci by\u0142y pakowane w worki i znoszone do piwnicy. Ca\u0142e szcz\u0119\u015bcie, \u017ce trafi\u0142am na firm\u0119 \u015amiecio. Przyjechali i sami wszystko wynie\u015bli i za\u0142adowali na samoch\u00f3d. Szczerze polecam&#8221;<\/i><\/span> <img class=\"alignnone\" src=\"http:\/\/www.smiecio.pl\/\/img\/five_stars_icon1.jpg\" alt=\"\u015amiecio - opinia\" \/> <span class=\"reviewer\">Weronika W. z Gda\u0144ska<\/span> oceni\u0142a <span class=\"item\"><span class=\"fn\">\u015amiecio<\/span><\/span> na <span class=\"rating\">5<\/span><\/div>\n<div class=\"hreview\"><span class=\"rating\">\u00a0<\/span><\/div>\n<div class=\"hreview\"><span class=\"description\"><i>&#8222;Panowie opr\u00f3\u017cniali mieszkanie po ucieczce lokator\u00f3w. Jestem bardzo zadowolony.&#8221;<\/i><\/span> <img class=\"alignnone\" src=\"http:\/\/www.smiecio.pl\/\/img\/five_stars_icon1.jpg\" alt=\"\u015amiecio - opinia\" \/> <em><span class=\"reviewer\">Darek K. z Gdyni<\/span><\/em> oceni\u0142 <span class=\"item\"><span class=\"fn\">\u015amiecio<\/span><\/span> na <span class=\"rating\">5<\/span><\/div>\n<div class=\"hreview\"><span class=\"rating\">\u00a0<\/span><\/div>\n<div class=\"hreview\"><span class=\"description\"><i>&#8222;Sprzedawa\u0142em mieszkanie i musia\u0142em je opr\u00f3\u017cni\u0107 z mebli, oraz wyrzuci\u0107 wszystkie \u015bmieci z piwnicy. Ch\u0142opaki wykonali kawa\u0142 dobrej roboty!&#8221;<\/i><\/span> <img class=\"alignnone\" src=\"http:\/\/smiecio.pl\/wp-content\/uploads\/2020\/05\/five_stars_icon1.jpg\" alt=\"\u015amiecio - opinia\" \/> <em><span class=\"reviewer\">Marek O. z Gdyni<\/span><\/em> oceni\u0142 <span class=\"item\"><span class=\"fn\">\u015amiecio<\/span><\/span> na <span class=\"rating\">5<\/span><\/div>\n<div class=\"hreview\"><span class=\"rating\">\u00a0<\/span><\/div>\n<div class=\"hreview\"><span class=\"description\"><i>&#8222;Niby m\u00f3j ogr\u00f3dek jest ma\u0142y, ale po obci\u0119ciu drzewek i krzak\u00f3w, kt\u00f3re ros\u0142y w oko\u0142o zrobi\u0142a si\u0119 naprawd\u0119 spora kupa \u015bmieci. Kolejny minus by\u0142 taki, \u017ce dost\u0119p do ogrodu jest tylko przez gara\u017c. Co tu du\u017co m\u00f3wi\u0107, Panowie poradzili sobie rewelacyjnie, na koniec zamietli gara\u017c z igie\u0142 i li\u015bci. Bardzo przyzwoici m\u0142odzi ludzie.&#8221;<\/i><\/span> <img class=\"alignnone\" src=\"http:\/\/smiecio.pl\/wp-content\/uploads\/2020\/05\/five_stars_icon1.jpg\" alt=\"\u015amiecio - opinia\" \/><span class=\"reviewer\">S\u0142awomir R. z Gdyni<\/span> oceni\u0142 <span class=\"item\"><span class=\"fn\">\u015amiecio<\/span><\/span> na <span class=\"rating\">5<\/span><\/div>\n<div class=\"hreview\"><span class=\"rating\">\u00a0<\/span><\/div>\n<div class=\"hreview\"><span class=\"description\"><i>&#8222;Mia\u0142em do wyrzucenia troch\u0119 gruzu i \u015bmieci po remoncie, g\u0142\u00f3wnie jakie\u015b folie, wiaderka, kawa\u0142ki desek, profili i p\u0142yt kg. Ch\u0142opaki przyjechali punktualnie i zabrali wszystko. Wcze\u015bniej korzysta\u0142em z big bag\u00f3w, bo nie wiedzia\u0142em, \u017ce taka us\u0142uga w og\u00f3le istnieje. Z pewno\u015bci\u0105 jeszcze skorzystam przy okazji.&#8221;<\/i><\/span> <img class=\"alignnone\" src=\"http:\/\/smiecio.pl\/wp-content\/uploads\/2020\/05\/five_stars_icon1.jpg\" alt=\"\u015amiecio - opinia\" \/> <span class=\"reviewer\">Witek Z. z Gdyni<\/span> oceni\u0142 <span class=\"item\"><span class=\"fn\">\u015amiecio<\/span><\/span> na <span class=\"rating\">5<\/span><\/div>\n","protected":false},"excerpt":{"rendered":"<p>Firma \u015amiecio rozpocz\u0119\u0142a swoj\u0105 dzia\u0142alno\u015b\u0107 w 2011 roku. Od tego czasu obs\u0142u\u017cyli\u015bmy ju\u017c na terenie Tr\u00f3jmiasta i okolic kilkuset klient\u00f3w. W\u015br\u00f3d naszych klient\u00f3w s\u0105 zar\u00f3wno osoby indywidualne, jak r\u00f3wnie\u017c firmy. Zajmujemy si\u0119 wywozem r\u00f3\u017cnego rodzaju \u015bmieci razem z za\u0142adunkiem. W skr\u00f3cie: przyje\u017cd\u017camy, wyceniamy, \u0142adujemy, sprz\u0105tamy i odje\u017cd\u017camy. Oferujemy alternatyw\u0119 dla wynajmu kontener\u00f3w i work\u00f3w na [&hellip;]<\/p>\n","protected":false},"author":1,"featured_media":0,"parent":0,"menu_order":0,"comment_status":"closed","ping_status":"closed","template":"","meta":[],"_links":{"self":[{"href":"http:\/\/www.smiecio.pl\/index.php\/wp-json\/wp\/v2\/pages\/276"}],"collection":[{"href":"http:\/\/www.smiecio.pl\/index.php\/wp-json\/wp\/v2\/pages"}],"about":[{"href":"http:\/\/www.smiecio.pl\/index.php\/wp-json\/wp\/v2\/types\/page"}],"author":[{"embeddable":true,"href":"http:\/\/www.smiecio.pl\/index.php\/wp-json\/wp\/v2\/users\/1"}],"replies":[{"embeddable":true,"href":"http:\/\/www.smiecio.pl\/index.php\/wp-json\/wp\/v2\/comments?post=276"}],"version-history":[{"count":1,"href":"http:\/\/www.smiecio.pl\/index.php\/wp-json\/wp\/v2\/pages\/276\/revisions"}],"predecessor-version":[{"id":406,"href":"http:\/\/www.smiecio.pl\/index.php\/wp-json\/wp\/v2\/pages\/276\/revisions\/406"}],"wp:attachment":[{"href":"http:\/\/www.smiecio.pl\/index.php\/wp-json\/wp\/v2\/media?parent=276"}],"curies":[{"name":"wp","href":"https:\/\/api.w.org\/{rel}","templated":true}]}}