{"id":306,"date":"2017-02-03T23:20:45","date_gmt":"2017-02-03T22:20:45","guid":{"rendered":"http:\/\/www.smiecio.pl\/?page_id=306"},"modified":"2020-05-24T18:27:21","modified_gmt":"2020-05-24T16:27:21","slug":"uslugi-regularne","status":"publish","type":"page","link":"http:\/\/www.smiecio.pl\/index.php\/uslugi-regularne\/","title":{"rendered":"Us\u0142ugi regularne"},"content":{"rendered":"<table class=\"contentpaneopen\">\n<tbody>\n<tr>\n<td valign=\"top\">\n<h4><b>Wyw\u00f3z du\u017cej i ma\u0142ej ilo\u015bci odpad\u00f3w, regularne za\u0142adunki.<\/b><\/h4>\n<table class=\"mceItemTable\" border=\"0\" cellspacing=\"10\">\n<tbody>\n<tr>\n<td valign=\"top\" width=\"50%\">Nasz zesp\u00f3\u0142 zapewnia szybkie i bezproblemowe pozbycie si\u0119 odpad\u00f3w. Z nami pozb\u0119dziesz si\u0119 \u015bmieci bez ruszania nawet palcem, a nasza us\u0142uga nie zak\u0142\u00f3ci pracy Twojego sklepu.<\/td>\n<td valign=\"top\" width=\"50%\">\n<ul>\n<li>Oferujemy realizacj\u0119 us\u0142ugi nawet w dzie\u0144 z\u0142o\u017cenia zlecenia<\/li>\n<li>Elastyczne godziny realizacji us\u0142ugi (np. poza godzinami otwarcia Twojego sklepu)<\/li>\n<li>Przypisany Project Manager<\/li>\n<\/ul>\n<\/td>\n<\/tr>\n<\/tbody>\n<\/table>\n<p><a href=\"http:\/\/www.smiecio.pl\/index.php\/zamow-usluge\/\">Zarezerwuj nasz\u0105 us\u0142ug\u0119 online<\/a> lub skontaktuj si\u0119 z nami telefonicznie pod numerem 786-817-387.<\/td>\n<\/tr>\n<\/tbody>\n<\/table>\n","protected":false},"excerpt":{"rendered":"<p>Wyw\u00f3z du\u017cej i ma\u0142ej ilo\u015bci odpad\u00f3w, regularne za\u0142adunki. Nasz zesp\u00f3\u0142 zapewnia szybkie i bezproblemowe pozbycie si\u0119 odpad\u00f3w. Z nami pozb\u0119dziesz si\u0119 \u015bmieci bez ruszania nawet palcem, a nasza us\u0142uga nie zak\u0142\u00f3ci pracy Twojego sklepu. Oferujemy realizacj\u0119 us\u0142ugi nawet w dzie\u0144 z\u0142o\u017cenia zlecenia Elastyczne godziny realizacji us\u0142ugi (np. poza godzinami otwarcia Twojego sklepu) Przypisany Project Manager [&hellip;]<\/p>\n","protected":false},"author":1,"featured_media":0,"parent":0,"menu_order":0,"comment_status":"closed","ping_status":"closed","template":"","meta":[],"_links":{"self":[{"href":"http:\/\/www.smiecio.pl\/index.php\/wp-json\/wp\/v2\/pages\/306"}],"collection":[{"href":"http:\/\/www.smiecio.pl\/index.php\/wp-json\/wp\/v2\/pages"}],"about":[{"href":"http:\/\/www.smiecio.pl\/index.php\/wp-json\/wp\/v2\/types\/page"}],"author":[{"embeddable":true,"href":"http:\/\/www.smiecio.pl\/index.php\/wp-json\/wp\/v2\/users\/1"}],"replies":[{"embeddable":true,"href":"http:\/\/www.smiecio.pl\/index.php\/wp-json\/wp\/v2\/comments?post=306"}],"version-history":[{"count":1,"href":"http:\/\/www.smiecio.pl\/index.php\/wp-json\/wp\/v2\/pages\/306\/revisions"}],"predecessor-version":[{"id":428,"href":"http:\/\/www.smiecio.pl\/index.php\/wp-json\/wp\/v2\/pages\/306\/revisions\/428"}],"wp:attachment":[{"href":"http:\/\/www.smiecio.pl\/index.php\/wp-json\/wp\/v2\/media?parent=306"}],"curies":[{"name":"wp","href":"https:\/\/api.w.org\/{rel}","templated":true}]}}