{"id":316,"date":"2017-02-03T23:32:20","date_gmt":"2017-02-03T22:32:20","guid":{"rendered":"http:\/\/www.smiecio.pl\/?page_id=316"},"modified":"2020-05-24T18:27:21","modified_gmt":"2020-05-24T16:27:21","slug":"sprzatanie-biur","status":"publish","type":"page","link":"http:\/\/www.smiecio.pl\/index.php\/sprzatanie-biur\/","title":{"rendered":"Sprz\u0105tanie biur"},"content":{"rendered":"<h4><b>Ty przenosisz biuro. My wynosimy Twoje \u015bmieci.<\/b><\/h4>\n<p>Pomo\u017cemy Tobie szybko i sprawnie pozby\u0107 si\u0119 wszystkich grat\u00f3w z Twojego biura. Zabierzemy stare meble, urz\u0105dzenia biurowe (w tym odpady elektryczne i elektroniczne), odpady z biura i inne. Zapewniamy dogodne terminy i szybk\u0105 reakcj\u0119. Cena us\u0142ugi zawiera w sobie wszystkie op\u0142aty, wnoszenie, znoszenie, \u0142adowanie, recykling i utylizacj\u0119 odpad\u00f3w. O wszystko zadbamy sami. Zostaw \u015bmieci tam gdzie s\u0105 i zadzwo\u0144 do nas pod numer 786-817-387 lub skorzystaj z naszego <a title=\"zam\u00f3w wyw\u00f3z odpad\u00f3w online\" href=\"http:\/\/www.smiecio.pl\/index.php\/zamow-usluge\/\">formularza online<\/a>. Usuwamy zar\u00f3wno pojedyncze rzeczy jak r\u00f3wnie\u017c oferujemy wielokrotne za\u0142adunki. Wi\u0119kszo\u015b\u0107 naszych prac wykonujemy w ci\u0105gu 24 godzin od czasu zam\u00f3wienia us\u0142ugi.<\/p>\n<p><a href=\"http:\/\/www.smiecio.pl\/index.php\/zamow-usluge\/\">Zarezerwuj nasz\u0105 us\u0142ug\u0119 online<\/a> lub skontaktuj si\u0119 z nami telefonicznie pod numerem 786-817-387.<\/p>\n","protected":false},"excerpt":{"rendered":"<p>Ty przenosisz biuro. My wynosimy Twoje \u015bmieci. Pomo\u017cemy Tobie szybko i sprawnie pozby\u0107 si\u0119 wszystkich grat\u00f3w z Twojego biura. Zabierzemy stare meble, urz\u0105dzenia biurowe (w tym odpady elektryczne i elektroniczne), odpady z biura i inne. Zapewniamy dogodne terminy i szybk\u0105 reakcj\u0119. Cena us\u0142ugi zawiera w sobie wszystkie op\u0142aty, wnoszenie, znoszenie, \u0142adowanie, recykling i utylizacj\u0119 odpad\u00f3w. [&hellip;]<\/p>\n","protected":false},"author":1,"featured_media":0,"parent":0,"menu_order":0,"comment_status":"closed","ping_status":"closed","template":"","meta":[],"_links":{"self":[{"href":"http:\/\/www.smiecio.pl\/index.php\/wp-json\/wp\/v2\/pages\/316"}],"collection":[{"href":"http:\/\/www.smiecio.pl\/index.php\/wp-json\/wp\/v2\/pages"}],"about":[{"href":"http:\/\/www.smiecio.pl\/index.php\/wp-json\/wp\/v2\/types\/page"}],"author":[{"embeddable":true,"href":"http:\/\/www.smiecio.pl\/index.php\/wp-json\/wp\/v2\/users\/1"}],"replies":[{"embeddable":true,"href":"http:\/\/www.smiecio.pl\/index.php\/wp-json\/wp\/v2\/comments?post=316"}],"version-history":[{"count":1,"href":"http:\/\/www.smiecio.pl\/index.php\/wp-json\/wp\/v2\/pages\/316\/revisions"}],"predecessor-version":[{"id":424,"href":"http:\/\/www.smiecio.pl\/index.php\/wp-json\/wp\/v2\/pages\/316\/revisions\/424"}],"wp:attachment":[{"href":"http:\/\/www.smiecio.pl\/index.php\/wp-json\/wp\/v2\/media?parent=316"}],"curies":[{"name":"wp","href":"https:\/\/api.w.org\/{rel}","templated":true}]}}