{"id":381,"date":"2017-02-04T20:40:05","date_gmt":"2017-02-04T19:40:05","guid":{"rendered":"http:\/\/www.smiecio.pl\/?page_id=381"},"modified":"2024-02-21T08:40:05","modified_gmt":"2024-02-21T07:40:05","slug":"duze","status":"publish","type":"page","link":"http:\/\/www.smiecio.pl\/index.php\/duze\/","title":{"rendered":"Ci\u0119\u017ckie odpady"},"content":{"rendered":"<p><img loading=\"lazy\" class=\"size-full wp-image-382 alignright\" src=\"http:\/\/smiecio.pl\/wp-content\/uploads\/2020\/05\/smiecio-wymiary.png\" alt=\"\" width=\"276\" height=\"147\"><\/p>\n<p>Do odpad\u00f3w o du\u017cej wadze zaliczamy: cement, beton, ziemie, gruz, dach\u00f3wki, glebe, ziemi\u0119, \u017cwir, torf itp.<\/p>\n<p>Ze wzgl\u0119du na bezpiecze\u0144stwo i ograniczenia wagowe, odpadami ci\u0119\u017ckimi mo\u017cemy za\u0142adowa\u0107 samoch\u00f3d tylko na wysoko\u015b\u0107 30 cm. W przypadku takich odpad\u00f3w obowi\u0105zuj\u0105 poni\u017csze ceny:<\/p>\n<ul>\n<li>1\/4 &#8211; 500 z\u0142<\/li>\n<li>1\/2 &#8211; 900 z\u0142<\/li>\n<li>3\/4 &#8211; 1300 z\u0142<\/li>\n<li>Pe\u0142ne auto &#8211; 1800 z\u0142<\/li>\n<\/ul>\n<div>&nbsp;<\/div>\n","protected":false},"excerpt":{"rendered":"<p>Do odpad\u00f3w o du\u017cej wadze zaliczamy: cement, beton, ziemie, gruz, dach\u00f3wki, glebe, ziemi\u0119, \u017cwir, torf itp. Ze wzgl\u0119du na bezpiecze\u0144stwo i ograniczenia wagowe, odpadami ci\u0119\u017ckimi mo\u017cemy za\u0142adowa\u0107 samoch\u00f3d tylko na wysoko\u015b\u0107 30 cm. W przypadku takich odpad\u00f3w obowi\u0105zuj\u0105 poni\u017csze ceny: 1\/4 &#8211; 500 z\u0142 1\/2 &#8211; 900 z\u0142 3\/4 &#8211; 1300 z\u0142 Pe\u0142ne auto &#8211; [&hellip;]<\/p>\n","protected":false},"author":1,"featured_media":0,"parent":0,"menu_order":0,"comment_status":"closed","ping_status":"closed","template":"","meta":[],"_links":{"self":[{"href":"http:\/\/www.smiecio.pl\/index.php\/wp-json\/wp\/v2\/pages\/381"}],"collection":[{"href":"http:\/\/www.smiecio.pl\/index.php\/wp-json\/wp\/v2\/pages"}],"about":[{"href":"http:\/\/www.smiecio.pl\/index.php\/wp-json\/wp\/v2\/types\/page"}],"author":[{"embeddable":true,"href":"http:\/\/www.smiecio.pl\/index.php\/wp-json\/wp\/v2\/users\/1"}],"replies":[{"embeddable":true,"href":"http:\/\/www.smiecio.pl\/index.php\/wp-json\/wp\/v2\/comments?post=381"}],"version-history":[{"count":3,"href":"http:\/\/www.smiecio.pl\/index.php\/wp-json\/wp\/v2\/pages\/381\/revisions"}],"predecessor-version":[{"id":626,"href":"http:\/\/www.smiecio.pl\/index.php\/wp-json\/wp\/v2\/pages\/381\/revisions\/626"}],"wp:attachment":[{"href":"http:\/\/www.smiecio.pl\/index.php\/wp-json\/wp\/v2\/media?parent=381"}],"curies":[{"name":"wp","href":"https:\/\/api.w.org\/{rel}","templated":true}]}}