{"id":93,"date":"2017-01-31T19:50:12","date_gmt":"2017-01-31T18:50:12","guid":{"rendered":"http:\/\/www.smiecio.pl\/?page_id=6"},"modified":"2020-10-16T15:18:50","modified_gmt":"2020-10-16T13:18:50","slug":"co-robimy","status":"publish","type":"page","link":"http:\/\/www.smiecio.pl\/index.php\/co-robimy\/","title":{"rendered":"CO ROBIMY"},"content":{"rendered":"<table class=\"contentpaneopen\">\n<tbody>\n<tr>\n<td valign=\"top\">\u015amiecio zajmuje si\u0119 wywozem odpad\u00f3w na \u017c\u0105danie. Oferujemy wyw\u00f3z odpad\u00f3w z Twojego domu lub firmy, w\u0142\u0105czaj\u0105c w to biura, sklepy, magazyny, budowy i inne. Zajmujemy si\u0119 odpadami, kt\u00f3re nie mieszcz\u0105 si\u0119 w koszu na \u015bmieci i innymi, kt\u00f3rych inne firmy najcz\u0119\u015bciej nie chc\u0105 zabiera\u0107. Zapewniamy, \u017ce Twoje \u015bmieci zostan\u0105 poddane recyklingowi, wywiezione w odpowiednie miejsce na wysypisko lub przekazane organizacjom charytatywnym je\u015bli b\u0119dzie taka mo\u017cliwo\u015b\u0107.<\/p>\n<p>Posiadasz stare meble, urz\u0105dzenia, opony, odpady remontowe lub te z ogr\u00f3dka, kt\u00f3rych chcesz si\u0119 pozby\u0107? Mo\u017cemy zabra\u0107 prawie wszystko co zmie\u015bci si\u0119 na nasz\u0105 ci\u0119\u017car\u00f3wk\u0119, a Ty nie ruszysz przy tym nawet palcem. Zabierzemy odpady niezale\u017cnie od lokalizacji i nie zostawimy po sobie \u017cadnych uszkodze\u0144, ani ziarnka brudu.<\/td>\n<\/tr>\n<\/tbody>\n<\/table>\n<h3><strong>Jak korzysta\u0107 z us\u0142ug \u015aMIECIO?<\/strong><\/h3>\n<p>&#8230;to bardzo proste.<\/p>\n<p><b>1.<\/b> Zam\u00f3w niezobowi\u0105zuj\u0105c\u0105 wizyt\u0119 <a href=\"http:\/\/www.smiecio.pl\/index.php\/zamow-usluge\/\">online<\/a> lub telefonicznie pod numerem 786-817-387. Oferujemy us\u0142ugi jeszcze tego samego dnia. Nasz przyjazny,<br \/>\ndwu osobowy zesp\u00f3\u0142, ubrany w stroje firmowe zadzwoni do Ciebie 15-30 min przed przyjazdem, w wybranym przez Ciebie terminie.<br \/>\n<b>2.<\/b> Kiedy przyjedziemy, wska\u017c prosz\u0119 \u015bmieci, kt\u00f3re maj\u0105 zosta\u0107 wywiezione, a nasi pracownicy poinformuj\u0105 Ci\u0119 o dok\u0142adnej cenie za us\u0142ug\u0119, jeszcze zanim zostanie wykonana. Zawsze mo\u017cesz powiedzie\u0107 &#8222;Nie, dzi\u0119kuj\u0119&#8221;, nasza wizyta do niczego nie zobowi\u0105zuje!<br \/>\n<b>3.<\/b> Za\u0142adujemy wszystko czego chcesz si\u0119 pozby\u0107 &#8211; niezale\u017cnie od lokalizacji &#8211; i sko\u0144czymy sprz\u0105taj\u0105c po sobie.<br \/>\n<b>4.<\/b> Dla nas to nie tylko \u015bmieci. Staramy si\u0119, aby jak najwi\u0119cej odpad\u00f3w trafi\u0142o do odzysku i dzi\u0119ki temu dbamy o nasze \u015brodowisko.<\/p>\n<p>Sprawd\u017a jakie <a title=\"wyw\u00f3z \u015bmieci, wyw\u00f3z odpad\u00f3w, Gda\u0144sk, Gdynia, Tr\u00f3jmiasto, wyw\u00f3z gruzu, kontenery\" href=\"http:\/\/www.smiecio.pl\/index.php\/co-zabieramy\/\">odpady mo\u017cemy od Ciebie zabra\u0107<\/a>.<\/p>\n<p>Pe\u0142na lista us\u0142ug: <a href=\"http:\/\/www.smiecio.pl\/index.php\/\/co-robimy42\">opr\u00f3\u017cnianie i sprz\u0105tanie Gda\u0144sk Gdynia<\/a>.<\/p>\n","protected":false},"excerpt":{"rendered":"<p>\u015amiecio zajmuje si\u0119 wywozem odpad\u00f3w na \u017c\u0105danie. Oferujemy wyw\u00f3z odpad\u00f3w z Twojego domu lub firmy, w\u0142\u0105czaj\u0105c w to biura, sklepy, magazyny, budowy i inne. Zajmujemy si\u0119 odpadami, kt\u00f3re nie mieszcz\u0105 si\u0119 w koszu na \u015bmieci i innymi, kt\u00f3rych inne firmy najcz\u0119\u015bciej nie chc\u0105 zabiera\u0107. Zapewniamy, \u017ce Twoje \u015bmieci zostan\u0105 poddane recyklingowi, wywiezione w odpowiednie miejsce [&hellip;]<\/p>\n","protected":false},"author":1,"featured_media":0,"parent":0,"menu_order":0,"comment_status":"closed","ping_status":"closed","template":"","meta":[],"_links":{"self":[{"href":"http:\/\/www.smiecio.pl\/index.php\/wp-json\/wp\/v2\/pages\/93"}],"collection":[{"href":"http:\/\/www.smiecio.pl\/index.php\/wp-json\/wp\/v2\/pages"}],"about":[{"href":"http:\/\/www.smiecio.pl\/index.php\/wp-json\/wp\/v2\/types\/page"}],"author":[{"embeddable":true,"href":"http:\/\/www.smiecio.pl\/index.php\/wp-json\/wp\/v2\/users\/1"}],"replies":[{"embeddable":true,"href":"http:\/\/www.smiecio.pl\/index.php\/wp-json\/wp\/v2\/comments?post=93"}],"version-history":[{"count":3,"href":"http:\/\/www.smiecio.pl\/index.php\/wp-json\/wp\/v2\/pages\/93\/revisions"}],"predecessor-version":[{"id":522,"href":"http:\/\/www.smiecio.pl\/index.php\/wp-json\/wp\/v2\/pages\/93\/revisions\/522"}],"wp:attachment":[{"href":"http:\/\/www.smiecio.pl\/index.php\/wp-json\/wp\/v2\/media?parent=93"}],"curies":[{"name":"wp","href":"https:\/\/api.w.org\/{rel}","templated":true}]}}