{"id":94,"date":"2017-01-31T19:50:26","date_gmt":"2017-01-31T18:50:26","guid":{"rendered":"http:\/\/www.smiecio.pl\/?page_id=8"},"modified":"2020-10-16T15:19:18","modified_gmt":"2020-10-16T13:19:18","slug":"co-zabieramy","status":"publish","type":"page","link":"http:\/\/www.smiecio.pl\/index.php\/co-zabieramy\/","title":{"rendered":"CO ZABIERAMY"},"content":{"rendered":"<p>\u015amiecio ofer<img loading=\"lazy\" class=\"alignright wp-image-149 size-medium\" src=\"http:\/\/smiecio.pl\/wp-content\/uploads\/2020\/05\/co_zabieramy-300x201.jpg\" width=\"300\" height=\"201\" \/>uje wyw\u00f3z \u015bmieci, odpad\u00f3w i r\u00f3\u017cnego rodzaju grat\u00f3w<br \/>\nz Twojego domu, firmy, budowy, sklepu jak r\u00f3wnie\u017c z innych<br \/>\nlokalizacji.<\/p>\n<p>Przyje\u017cd\u017camy, <strong>w\u0142asnor\u0119cznie wynosimy odpady i sprz\u0105tamy po sobie<\/strong>.<\/p>\n<p>Je\u015bli potrzebujesz bardziej szczeg\u00f3\u0142owych informacji zerknij ni\u017cej.<\/p>\n<table border=\"0\" width=\"100%\">\n<tbody>\n<tr>\n<td><b>Odpady z gospodarstw domowych<\/b><\/td>\n<td><b>Inne odpady i us\u0142ugi<\/b><\/td>\n<\/tr>\n<tr>\n<td valign=\"top\"><a title=\"Wyw\u00f3z agd, elektro\u015bmieci, elektroodpad\u00f3w, Gda\u0144sk, Gdynia, Tr\u00f3jmiasto\" href=\"http:\/\/www.smiecio.pl\/index.php\/wywoz-agd\/\">Wyw\u00f3z urz\u0105dze\u0144<\/a><br \/>\n<a title=\"Wyw\u00f3z materacy, stare materace, starych \u0142\u00f3\u017cek, Gda\u0144sk, Gdynia, Tr\u00f3jmiasto\" href=\"http:\/\/www.smiecio.pl\/index.php\/\/wywoz-materacy\">Wyw\u00f3z materacy<\/a><br \/>\n<a title=\"wyw\u00f3z mebli Gda\u0144sk i Gdynia\" href=\"http:\/\/www.smiecio.pl\/index.php\/wywoz-mebli-gdansk-gdynia\">Wyw\u00f3z mebli<\/a><br \/>\n<a title=\"Wyw\u00f3z lod\u00f3wek, stare lod\u00f3wki, \u015bmieci, Gda\u0144sk, Gdynia, Tr\u00f3jmiasto\" href=\"http:\/\/www.smiecio.pl\/index.php\/\/wywoz-lodowek\">Wyw\u00f3z lod\u00f3wek<\/a><br \/>\n<a title=\"Wyw\u00f3z dywan\u00f3w, \u015bmieci, Gda\u0144sk, Gdynia, Tr\u00f3jmiasto\" href=\"http:\/\/www.smiecio.pl\/index.php\/wywoz-dywanow\">Wyw\u00f3z dywan\u00f3w<\/a><br \/>\n<a title=\"Wyw\u00f3z starych telewizor\u00f3w, elektroniki, Gda\u0144sk, Gdynia, Sopot\" href=\"http:\/\/www.smiecio.pl\/index.php\/wywoz-telewizorow\">Wyw\u00f3z telewizor\u00f3w<\/a><br \/>\n<a title=\"Wyw\u00f3z opon, stare opony, recykling opon, Gda\u0144sk, Gdynia, Tr\u00f3jmiasto\" href=\"http:\/\/www.smiecio.pl\/index.php\/wywoz-recykling-opon\">Wyw\u00f3z opon<\/a><br \/>\n<a title=\"Wyw\u00f3z starych wanien, stara wanna, Gda\u0144sk, Gdynia, Tr\u00f3jmiasto\" href=\"http:\/\/www.smiecio.pl\/index.php\/wywoz-wanien-jacuzzi\">Wyw\u00f3z wanien<\/a><br \/>\n<a title=\"Wyw\u00f3z odpad\u00f3w metalowych, z\u0142omu, odpad\u00f3w z metali, Gda\u0144sk, Gdynia\" href=\"http:\/\/www.smiecio.pl\/index.php\/wywoz-odpadow-metalowych\">Wyw\u00f3z odpad\u00f3w metalowych<\/a><\/td>\n<td valign=\"top\"><a title=\"Wyw\u00f3z odpad\u00f3w z ogrodu, odpady ogrodowe, li\u015bcie, Gda\u0144sk, Gdynia\" href=\"http:\/\/www.smiecio.pl\/index.php\/wywoz-odpadow-z-ogrodu\">Wyw\u00f3z odpad\u00f3w z ogrodu<\/a><br \/>\n<a title=\"wyw\u00f3z \u015bmieci Gda\u0144sk i Gdynia\" href=\"http:\/\/www.smiecio.pl\/index.php\/wywoz-smieci-gdansk-gdynia\">Wyw\u00f3z \u015bmieci<\/a><br \/>\n<a title=\"Wyw\u00f3z gruzu, odpad\u00f3w poremontowych, Gda\u0144sk, Gdynia, Tr\u00f3jmiasto\" href=\"http:\/\/www.smiecio.pl\/index.php\/wywoz-odpadow-poremontowych\">Wyw\u00f3z odpad\u00f3w poremontowych<\/a><br \/>\n<a title=\"Kontener na odpady, alternatywa, wyw\u00f3z gruzu, Gda\u0144sk, Gdynia\" href=\"http:\/\/www.smiecio.pl\/index.php\/alternatywa-dla-kontenera\">Alternatywa dla kontenera na odpady<\/a><br \/>\n<a title=\"Wyw\u00f3z odpad\u00f3w, grat\u00f3w, \u015bmieci, sprz\u0105tanie nieruchomo\u015bci, opr\u00f3\u017cnianie, Gda\u0144sk, Gdynia\" href=\"http:\/\/www.smiecio.pl\/index.php\/sprzatanie-nieruchomosci\">Sprz\u0105tanie nieruchomo\u015bci<\/a><br \/>\n<a title=\"prace ogrodowe Gda\u0144sk Gdynia Sopot\" href=\"http:\/\/www.smiecio.pl\/index.php\/prace-ogrodowe\">Prace ogrodowe<\/a><\/td>\n<\/tr>\n<\/tbody>\n<\/table>\n<p>Skontaktuj si\u0119 z nami dzwoni\u0105c pod numer 786-817-387 lub zam\u00f3w <a title=\"Wyw\u00f3z odpad\u00f3w, \u015bmieci, Gda\u0144sk, Gdynia, Tr\u00f3jmiasto i okolice\" href=\"http:\/\/www.smiecio.pl\/index.php\/\/zamow-usluge\">wyw\u00f3z odpad\u00f3w online<\/a> korzystaj\u0105c z naszego formularza. Nasz przyjazny dwuosobowy zesp\u00f3\u0142, ubrany w firmowe uniformy skontaktuje si\u0119 z Tob\u0105 15-30 min, przed wybranym przez Ciebie 2 godzinnym terminem. Kiedy przyjedziemy wska\u017c prosz\u0119 \u015bmieci, kt\u00f3re mamy zabra\u0107, a my podamy dok\u0142adn\u0105 cen\u0119 kompleksowej us\u0142ugi. Wystarczy, \u017ce powiesz s\u0142owo i zabierzemy si\u0119 do pracy, samodzielnie wykonuj\u0105c za\u0142adunek, niezale\u017cnie od tego w jakim miejscu zlokalizowane s\u0105 odpady, a na koniec posprz\u0105tamy po sobie. <b>Zobacz jak proste jest korzystanie z naszych us\u0142ug.<\/b><\/p>\n<p>Podchodzimy w spos\u00f3b odpowiedzialny do naszej pracy, dlatego do recyklingu staramy si\u0119 przekazywa\u0107 jak najwi\u0119ksz\u0105 ilo\u015b\u0107 odpad\u00f3w. Natomiast rzeczy, kt\u00f3re mo\u017cna jeszcze wykorzysta\u0107 przekazujemy organizacjom charytatywnym<\/p>\n<p>Sprawd\u017a te\u017c nasze <a title=\"Wyw\u00f3z odpad\u00f3w, \u015bmieci, Gda\u0144sk, Gdynia, obs\u0142uga nieruchomo\u015bci, deweloper\u00f3w\" href=\"http:\/\/www.smiecio.pl\/index.php\/uslugi-dla-firm\">us\u0142ugi dla firm<\/a>.<\/p>\n<h2>Opinie:<\/h2>\n<div class=\"hreview\"><span class=\"description\"><i>&#8222;Mia\u0142em do uprz\u0105tni\u0119cia \u015bredniej wielko\u015bci ogr\u00f3dek. Generalnie sporo li\u015bci, dwa ma\u0142e drzewka owocowe do wyci\u0119cia, do rozebrania szklarknia i kilka mniejszych rzeczy do wywiezienia. Kierowca z pomocnikiem wszystkim si\u0119 zaj\u0119li, a na koniec zgrabili ziemi\u0119 i posprz\u0105tali. Co tu du\u017co m\u00f3wi\u0107, korzystanie z takich firm to przyjemno\u015b\u0107.&#8221;<\/i><\/span> <img class=\"alignnone\" src=\"http:\/\/www.smiecio.pl\/\/img\/five_stars_icon1.jpg\" alt=\"\u015amiecio - opinia\" \/><span class=\"reviewer\">Henryk L. z Gdyni<\/span> oceni\u0142 <span class=\"item\"><span class=\"fn\">\u015amiecio<\/span><\/span> na <span class=\"rating\">5<\/span><\/div>\n<div class=\"hreview\"><\/div>\n<div class=\"hreview\"><span class=\"rating\">Wi\u0119cej opini znajdziesz <a href=\"http:\/\/www.smiecio.pl\/index.php\/o-nas\">tutaj<\/a>.<\/span><\/div>\n","protected":false},"excerpt":{"rendered":"<p>\u015amiecio oferuje wyw\u00f3z \u015bmieci, odpad\u00f3w i r\u00f3\u017cnego rodzaju grat\u00f3w z Twojego domu, firmy, budowy, sklepu jak r\u00f3wnie\u017c z innych lokalizacji. Przyje\u017cd\u017camy, w\u0142asnor\u0119cznie wynosimy odpady i sprz\u0105tamy po sobie. Je\u015bli potrzebujesz bardziej szczeg\u00f3\u0142owych informacji zerknij ni\u017cej. Odpady z gospodarstw domowych Inne odpady i us\u0142ugi Wyw\u00f3z urz\u0105dze\u0144 Wyw\u00f3z materacy Wyw\u00f3z mebli Wyw\u00f3z lod\u00f3wek Wyw\u00f3z dywan\u00f3w Wyw\u00f3z telewizor\u00f3w [&hellip;]<\/p>\n","protected":false},"author":1,"featured_media":0,"parent":0,"menu_order":0,"comment_status":"closed","ping_status":"closed","template":"","meta":[],"_links":{"self":[{"href":"http:\/\/www.smiecio.pl\/index.php\/wp-json\/wp\/v2\/pages\/94"}],"collection":[{"href":"http:\/\/www.smiecio.pl\/index.php\/wp-json\/wp\/v2\/pages"}],"about":[{"href":"http:\/\/www.smiecio.pl\/index.php\/wp-json\/wp\/v2\/types\/page"}],"author":[{"embeddable":true,"href":"http:\/\/www.smiecio.pl\/index.php\/wp-json\/wp\/v2\/users\/1"}],"replies":[{"embeddable":true,"href":"http:\/\/www.smiecio.pl\/index.php\/wp-json\/wp\/v2\/comments?post=94"}],"version-history":[{"count":2,"href":"http:\/\/www.smiecio.pl\/index.php\/wp-json\/wp\/v2\/pages\/94\/revisions"}],"predecessor-version":[{"id":523,"href":"http:\/\/www.smiecio.pl\/index.php\/wp-json\/wp\/v2\/pages\/94\/revisions\/523"}],"wp:attachment":[{"href":"http:\/\/www.smiecio.pl\/index.php\/wp-json\/wp\/v2\/media?parent=94"}],"curies":[{"name":"wp","href":"https:\/\/api.w.org\/{rel}","templated":true}]}}