{"id":11,"date":"2020-05-19T19:08:44","date_gmt":"2020-05-19T17:08:44","guid":{"rendered":"http:\/\/localhost\/smiecio\/?page_id=11"},"modified":"2022-09-09T14:37:48","modified_gmt":"2022-09-09T12:37:48","slug":"home","status":"publish","type":"page","link":"https:\/\/www.smiecio.pl\/","title":{"rendered":"Home"},"content":{"rendered":"<div class=\"lazyblock-slajder-WuNGw wp-block-lazyblock-slajder\"><div class=\"slajder-wrapper\">\n  <div class=\"swiper-container slajder-swiper\">\n    <div class=\"swiper-wrapper\">\n         <div class=\"swiper-slide\">\n            <div class=\"slajd\">\n              <img src=\"https:\/\/www.smiecio.pl\/wp-content\/uploads\/2020\/05\/slajd1.jpg\" alt=\"\">\n              <div class=\"overlay\"><\/div>\n              <div class=\"scontent\">\n                <h1><strong>Wyw\u00f3z<\/strong> \u015bmieci i odpad\u00f3w, Gda\u0144sk, Gdynia i <strong>okolice<\/strong><\/h1>\n<p>Oferujemy wyw\u00f3z mebli, urz\u0105dze\u0144 i innych<br \/>odpad\u00f3w razem z za\u0142adunkiem<\/p>\n<p><a href=\"http:\/\/smiecio.pl\/index.php\/co-zabieramy\/\" target=\"_blank\" rel=\"noopener\">Pe\u0142na lista<\/a><\/p>\n              <\/div>\n            <\/div>\n         <\/div>\n         <div class=\"swiper-slide\">\n            <div class=\"slajd\">\n              <img src=\"https:\/\/www.smiecio.pl\/wp-content\/uploads\/2020\/05\/wywoz-gruzu.jpg\" alt=\"\">\n              <div class=\"overlay\"><\/div>\n              <div class=\"scontent\">\n                <h2><strong>Wyw\u00f3z<\/strong> gruzu,<br \/>Gda\u0144sk, Gdynia i <strong>okolice<\/strong><\/h2>\n<p>Zajmujemy si\u0119 wywozem gruzu, na terenie Gda\u0144ska, Sopotu, Gdyni i okolic Tr\u00f3jmiasta. Sami wykonujemy za\u0142adunek.<\/p>\n<p><a href=\"http:\/\/smiecio.pl\/index.php\/alternatywa-dla-kontenera\/\" target=\"_blank\" rel=\"noopener\">Wi\u0119cej<\/a><\/p>\n              <\/div>\n            <\/div>\n         <\/div>\n    <\/div>  \n  <\/div>\n  <div class=\"swiper-pagination\"><\/div>\n<\/div><\/div>\n\n\n<div class=\"wp-container-6 wp-block-group sekcja sekcja-1\"><div class=\"wp-block-group__inner-container\">\n<h2 class=\"has-text-align-center\">Jak to <strong>dzia\u0142a?<\/strong><\/h2>\n\n\n\n<div class=\"wp-container-5 wp-block-columns\">\n<div class=\"wp-container-1 wp-block-column\">\n<h3>1<\/h3>\n\n\n\n<div class=\"wp-block-media-text alignwide\"><figure class=\"wp-block-media-text__media\"><img loading=\"lazy\" width=\"61\" height=\"60\" src=\"http:\/\/smiecio.pl\/wp-content\/uploads\/2020\/05\/kanapa.png\" alt=\"\" class=\"wp-image-49 size-full\"\/><\/figure><div class=\"wp-block-media-text__content\">\n<p>Masz zb\u0119dne rzeczy?<\/p>\n<\/div><\/div>\n<\/div>\n\n\n\n<div class=\"wp-container-2 wp-block-column\">\n<h3>2<\/h3>\n\n\n\n<div class=\"wp-block-media-text alignwide\"><figure class=\"wp-block-media-text__media\"><img loading=\"lazy\" width=\"61\" height=\"60\" src=\"http:\/\/smiecio.pl\/wp-content\/uploads\/2020\/05\/metka.png\" alt=\"\" class=\"wp-image-53 size-full\"\/><\/figure><div class=\"wp-block-media-text__content\">\n<p>Sprawdzasz cen\u0119<\/p>\n<\/div><\/div>\n<\/div>\n\n\n\n<div class=\"wp-container-3 wp-block-column\">\n<h3>3<\/h3>\n\n\n\n<div class=\"wp-block-media-text alignwide\"><figure class=\"wp-block-media-text__media\"><img loading=\"lazy\" width=\"61\" height=\"60\" src=\"http:\/\/smiecio.pl\/wp-content\/uploads\/2020\/05\/kalendarz.png\" alt=\"\" class=\"wp-image-52 size-full\"\/><\/figure><div class=\"wp-block-media-text__content\">\n<p>Ustalasz termin<\/p>\n<\/div><\/div>\n<\/div>\n\n\n\n<div class=\"wp-container-4 wp-block-column\">\n<h3>4<\/h3>\n\n\n\n<div class=\"wp-block-media-text alignwide\"><figure class=\"wp-block-media-text__media\"><img loading=\"lazy\" width=\"61\" height=\"60\" src=\"http:\/\/smiecio.pl\/wp-content\/uploads\/2020\/05\/gwarancja.png\" alt=\"\" class=\"wp-image-51 size-full\"\/><\/figure><div class=\"wp-block-media-text__content\">\n<p>Zamawiasz us\u0142ug\u0119<\/p>\n<\/div><\/div>\n<\/div>\n<\/div>\n<\/div><\/div>\n\n\n\n<div class=\"wp-container-11 wp-block-group sekcja sekcja-2\"><div class=\"wp-block-group__inner-container\">\n<h2 class=\"has-text-align-center\"><strong>Dlaczego warto<\/strong> skorzysta\u0107 z naszych us\u0142ug?<\/h2>\n\n\n\n<div class=\"wp-container-10 wp-block-columns\">\n<div class=\"wp-container-7 wp-block-column\"><div class=\"wp-block-image\">\n<figure class=\"aligncenter size-large\"><img loading=\"lazy\" width=\"59\" height=\"59\" src=\"http:\/\/smiecio.pl\/wp-content\/uploads\/2020\/05\/gwarancja-biala.png\" alt=\"\" class=\"wp-image-60\"\/><\/figure><\/div>\n\n\n<p class=\"has-text-align-center\">Sami wykonujemy<br>za\u0142adunek<\/p>\n<\/div>\n\n\n\n<div class=\"wp-container-8 wp-block-column\"><div class=\"wp-block-image\">\n<figure class=\"aligncenter size-large\"><img loading=\"lazy\" width=\"59\" height=\"59\" src=\"http:\/\/smiecio.pl\/wp-content\/uploads\/2020\/05\/gwarancja-biala.png\" alt=\"\" class=\"wp-image-60\"\/><\/figure><\/div>\n\n\n<p class=\"has-text-align-center\">Cena zale\u017cy od ilo\u015bci odebranych<br>odpad\u00f3w, a nie od rozmiaru<br>kontenera lub worka<\/p>\n<\/div>\n\n\n\n<div class=\"wp-container-9 wp-block-column\"><div class=\"wp-block-image\">\n<figure class=\"aligncenter size-large\"><img loading=\"lazy\" width=\"59\" height=\"59\" src=\"http:\/\/smiecio.pl\/wp-content\/uploads\/2020\/05\/gwarancja-biala.png\" alt=\"\" class=\"wp-image-60\"\/><\/figure><\/div>\n\n\n<p class=\"has-text-align-center\">Sprz\u0105tamy<br>po sobie<\/p>\n<\/div>\n<\/div>\n<\/div><\/div>\n\n\n\n<div class=\"wp-container-17 wp-block-group sekcja sekcja-3\"><div class=\"wp-block-group__inner-container\">\n<h2 class=\"has-text-align-center\">Oferujemy wyw\u00f3z <strong>\u015bmieci, mebli i innych odpad\u00f3w<\/strong> razem z <strong>za\u0142adunkiem!<\/strong><\/h2>\n\n\n\n<div class=\"wp-container-16 wp-block-columns\">\n<div class=\"wp-container-12 wp-block-column\">\n<p class=\"has-text-align-center\">Stare meble<br>i urz\u0105dzenia<\/p>\n<\/div>\n\n\n\n<div class=\"wp-container-13 wp-block-column\">\n<p class=\"has-text-align-center\">Gruz i odpady po remoncie czy budowie<\/p>\n<\/div>\n\n\n\n<div class=\"wp-container-14 wp-block-column\">\n<p class=\"has-text-align-center\">Wysprz\u0105tamy biuro,<br>dom lub ogr\u00f3d<\/p>\n<\/div>\n\n\n\n<div class=\"wp-container-15 wp-block-column\">\n<p class=\"has-text-align-center\">Od pojedynczej rzeczy<br>do wielokrotnych za\u0142adunk\u00f3w<\/p>\n<\/div>\n<\/div>\n\n\n\n<p class=\"has-text-align-center\">Wywieziemy prawie wszystko co mog\u0105 unie\u015b\u0107 dwie osoby<\/p>\n<\/div><\/div>\n\n\n\n<div class=\"wp-container-18 wp-block-group sekcja sekcja-4\"><div class=\"wp-block-group__inner-container\">\n<h2 class=\"has-text-align-center\"><strong><span class=\"has-inline-color has-very-dark-gray-color\">SZYBKI WYW\u00d3Z \u015aMIECI, KT\u00d3RE NIE MIESZCZ\u0104 SI\u0118 W \u015aMIETNIKU<\/span><\/strong><\/h2>\n\n\n\n<p class=\"has-text-align-center\"><mark style=\"background-color:rgba(0, 0, 0, 0)\" class=\"has-inline-color has-very-dark-gray-color\">Potrzebujesz wi\u0119cej informacji na temat wywo\u017conych przez nas odpad\u00f3w?<br>Sprawd\u017a <a href=\"http:\/\/smiecio.pl\/co-zabieramy\/\" target=\"_blank\" rel=\"noopener\">tutaj <\/a>pe\u0142n\u0105 list\u0119, lub skorzystaj z infolinii<\/mark><\/p>\n\n\n\n<p class=\"has-text-align-center telefon\"><mark style=\"background-color:rgba(0, 0, 0, 0)\" class=\"has-inline-color has-very-dark-gray-color\">+48 786 817 387<\/mark><\/p>\n<\/div><\/div>\n\n\n\n<div class=\"wp-container-24 wp-block-group sekcja sekcja-5\"><div class=\"wp-block-group__inner-container\">\n<h2 class=\"has-text-align-center\"><strong>Cztery istotne powody<\/strong>, aby skorzysta\u0107 z naszych <strong>us\u0142ug!<\/strong><\/h2>\n\n\n\n<div class=\"wp-container-23 wp-block-columns\">\n<div class=\"wp-container-19 wp-block-column\">\n<h3>1<\/h3>\n\n\n\n<p class=\"has-text-align-center\">Wywozimy \u015bmieci,<br>kt\u00f3rych inne firmy nie zabieraj\u0105<\/p>\n<\/div>\n\n\n\n<div class=\"wp-container-20 wp-block-column\">\n<h3>2<\/h3>\n\n\n\n<p class=\"has-text-align-center\">Doje\u017cd\u017camy na miejsce<br>w godzinach wyznaczonych<br>przez klienta<\/p>\n<\/div>\n\n\n\n<div class=\"wp-container-21 wp-block-column\">\n<h3>3<\/h3>\n\n\n\n<p class=\"has-text-align-center\">Sami wykonujemy<br>za\u0142adunek<\/p>\n<\/div>\n\n\n\n<div class=\"wp-container-22 wp-block-column\">\n<h3>4<\/h3>\n\n\n\n<p class=\"has-text-align-center\">Sprz\u0105tamy po sobie<\/p>\n<\/div>\n<\/div>\n<\/div><\/div>\n\n\n\n<div class=\"wp-container-25 wp-block-group sekcja sekcja-6\"><div class=\"wp-block-group__inner-container\">\n<h2 class=\"has-text-align-center\">Co <strong>zabieramy?<\/strong><\/h2>\n\n\n\n<ul><li>\n        <div class=\"ikona\"><div class=\"bg-urzadzenia\"><\/div><\/div>\n        <a href=\"http:\/\/smiecio.pl\/index.php\/wywoz-agd\/\" target=\"_blank\" rel=\"noopener\">Urz\u0105dzenia<\/a>\n    <\/li><li>\n        <div class=\"ikona\"><div class=\"bg-materace\"><\/div><\/div>\n        <a href=\"http:\/\/smiecio.pl\/index.php\/wywoz-materacy\/\" target=\"_blank\" rel=\"noopener\">Materace<\/a>\n    <\/li><li>\n        <div class=\"ikona\"><div class=\"bg-meble\"><\/div><\/div>\n        <a href=\"http:\/\/smiecio.pl\/index.php\/wywoz-mebli-gdansk-gdynia\/\" target=\"_blank\" rel=\"noopener\">Meble<\/a>\n    <\/li><li>\n        <div class=\"ikona\"><div class=\"bg-lodowki\"><\/div><\/div>\n        <a href=\"http:\/\/smiecio.pl\/index.php\/wywoz-lodowek\/\" target=\"_blank\" rel=\"noopener\">Lod\u00f3wki<\/a>\n    <\/li><li>\n        <div class=\"ikona\"><div class=\"bg-dywany\"><\/div><\/div>\n        <a href=\"http:\/\/smiecio.pl\/index.php\/wywoz-dywanow\/\" target=\"_blank\" rel=\"noopener\">Dywany<\/a>\n    <\/li><li>\n        <div class=\"ikona\"><div class=\"bg-telewizory\"><\/div><\/div>\n        <a href=\"http:\/\/smiecio.pl\/index.php\/wywoz-telewizorow\/\" target=\"_blank\" rel=\"noopener\">Telewizory<\/a>\n    <\/li><li>\n        <div class=\"ikona\"><div class=\"bg-opony\"><\/div><\/div>\n        <a href=\"http:\/\/smiecio.pl\/index.php\/wywoz-recykling-opon\/\" target=\"_blank\" rel=\"noopener\">Opony<\/a>\n    <\/li><li>\n        <div class=\"ikona\"><div class=\"bg-komputery\"><\/div><\/div>\n        <a href=\"http:\/\/smiecio.pl\/index.php\/wywoz-recykling-komputerow\/\" target=\"_blank\" rel=\"noopener\">Komputery<\/a>\n    <\/li><li>\n        <div class=\"ikona\"><div class=\"bg-drukarki\"><\/div><\/div>\n        <a href=\"http:\/\/smiecio.pl\/index.php\/wywoz-drukarek-kserokopiarek\/\" target=\"_blank\" rel=\"noopener\">Drukarki<\/a>\n    <\/li><li>\n        <div class=\"ikona\"><div class=\"bg-monitory\"><\/div><\/div>\n        <a href=\"http:\/\/smiecio.pl\/index.php\/wywoz-recykling-monitorow\/\" target=\"_blank\" rel=\"noopener\">Monitory<\/a>\n    <\/li><li>\n        <div class=\"ikona\"><div class=\"bg-odpady_z_ogrodu\"><\/div><\/div>\n        <a href=\"http:\/\/smiecio.pl\/index.php\/wywoz-odpadow-z-ogrodu\/\" target=\"_blank\" rel=\"noopener\">Odpady z ogrodu<\/a>\n    <\/li><li>\n        <div class=\"ikona\"><div class=\"bg-smieci\"><\/div><\/div>\n        <a href=\"http:\/\/smiecio.pl\/index.php\/wywoz-smieci-gdansk-gdynia\/\" target=\"_blank\" rel=\"noopener\">\u015amieci<\/a>\n    <\/li><li>\n        <div class=\"ikona\"><div class=\"bg-alternatywa_dla_kontenera\"><\/div><\/div>\n        <a href=\"http:\/\/smiecio.pl\/index.php\/alternatywa-dla-kontenera\/\" target=\"_blank\" rel=\"noopener\">Alternatywa dla kontenera<\/a>\n    <\/li><li>\n        <div class=\"ikona\"><div class=\"bg-wanny_jacuzzi\"><\/div><\/div>\n        <a href=\"http:\/\/smiecio.pl\/index.php\/wywoz-wanien-jacuzzi\/\" target=\"_blank\" rel=\"noopener\">Wanny, jacuzzi<\/a>\n    <\/li><li>\n        <div class=\"ikona\"><div class=\"bg-odpady_metalowe\"><\/div><\/div>\n        <a href=\"http:\/\/smiecio.pl\/index.php\/wywoz-odpadow-metalowych\/\" target=\"_blank\" rel=\"noopener\">Odpady metalowe<\/a>\n    <\/li><li>\n        <div class=\"ikona\"><div class=\"bg-odpady_z_remontow\"><\/div><\/div>\n        <a href=\"http:\/\/smiecio.pl\/index.php\/wywoz-odpadow-poremontowych\/\" target=\"_blank\" rel=\"noopener\">Odpady z remont\u00f3w<\/a>\n    <\/li><li>\n        <div class=\"ikona\"><div class=\"bg-sprzatanie_nieruchomosci\"><\/div><\/div>\n        <a href=\"http:\/\/smiecio.pl\/index.php\/sprzatanie-nieruchomosci\/\" target=\"_blank\" rel=\"noopener\">Sprz\u0105tanie nieruchomo\u015bci<\/a>\n    <\/li><li>\n        <div class=\"ikona\"><div class=\"bg-likwidacja_pomieszczen\"><\/div><\/div>\n        <a href=\"http:\/\/smiecio.pl\/index.php\/likwidacja-biur-magazynow-pomieszczen\/\" target=\"_blank\" rel=\"noopener\">Likwidacja pomieszcze\u0144<\/a>\n    <\/li><li>\n        <div class=\"ikona\"><div class=\"bg-prace_ogrodowe\"><\/div><\/div>\n        <a href=\"http:\/\/smiecio.pl\/index.php\/prace-ogrodowe\/\" target=\"_blank\" rel=\"noopener\">Prace ogrodowe<\/a>\n    <\/li><\/ul>\n<\/div><\/div>\n\n\n\n<div class=\"wp-container-27 wp-block-group sekcja sekcja-7\"><div class=\"wp-block-group__inner-container\">\n<h2><strong>Kliknij<\/strong> i zobacz <strong>por\u00f3wnanie <\/strong>z wynajmem <strong>kontenera!<\/strong><\/h2>\n\n\n\n<div id=\"porownanieModal\" class=\"modal\">\n  <!-- Modal content -->\n  <div class=\"modal-content\">\n    <span class=\"close\">\u00d7<\/span>\n    <img src=\"http:\/\/smiecio.pl\/wp-content\/uploads\/2020\/05\/porownanie.jpg\">\n  <\/div>\n<\/div>\n\n\n\n<div class=\"wp-container-26 wp-block-buttons\">\n<div class=\"wp-block-button pokaz-porownanie button\"><a class=\"wp-block-button__link\" rel=\"#\">Sprawd\u017a<\/a><\/div>\n<\/div>\n<\/div><\/div>\n\n\n\n<div class=\"wp-container-28 wp-block-group sekcja sekcja-8\"><div class=\"wp-block-group__inner-container\"><style id=\"sp_testimonial_dynamic_css81\">#sp-testimonial-free-wrapper-81 .sp-testimonial-free-section .testimonial-pagination span.swiper-pagination-bullet{background: #000000;}#sp-testimonial-free-wrapper-81 .sp-testimonial-free-section .testimonial-pagination span.swiper-pagination-bullet.swiper-pagination-bullet-active{background: #009bdb;}#sp-testimonial-free-wrapper-81 .sp-testimonial-free-section{margin-bottom: 50px;}#sp-testimonial-free-wrapper-81 .sp-testimonial-free-section .sp-testimonial-client-rating{color: #009bdb;}#sp-testimonial-free-wrapper-81 .sp-testimonial-free-section .sp-testimonial-client-name{color: #333333;}#sp-testimonial-free-wrapper-81 .sp-testimonial-free-section .sp-testimonial-client-testimonial{color: #333333;}#sp-testimonial-free-wrapper-81 .sp-testimonial-free {background : transparent;border: 1px solid transparent;border-radius: 0px;}<\/style><div id=\"sp-testimonial-free-wrapper-81\" class=\"sp-testimonial-free-wrapper\"><div id=\"sp-testimonial-free-81\" class=\"sp-testimonial-free-section tfree-style-theme-one\" dir=\"ltr\" data-preloader=\"\" data-swiper='{\"dots\": true, \"spaceBetween\": 20, \"adaptiveHeight\": true, \"pauseOnHover\": true, \"slidesToShow\": 1, \"speed\": 600, \"arrows\": false, \"autoplay\": true, \"autoplaySpeed\": 5000, \"swipe\": true, \"swipeToSlide\": false, \"draggable\": true, \"freeMode\": false, \"rtl\": false, \"infinite\": true,\"slidesPerView\": {\"lg_desktop\":1 , \"desktop\": 1, \"laptop\":1 , \"tablet\": 1, \"mobile\": 1},\"navigation_mobile\": false, \"pagination_mobile\":true, \"autoplay_mobile\":true}' ><div class=\"swiper-wrapper\"><div class=\"sp-testimonial-item swiper-slide\"><div class=\"sp-testimonial-free\"><div class=\"sp-testimonial-client-testimonial\"><div class=\"sp-testimonial-content\"><p>\u201eMia\u0142em do wyrzucenia troch\u0119 gruzu i \u015bmieci po remoncie, g\u0142\u00f3wnie jakie\u015b folie, wiaderka, kawa\u0142ki desek, profili i p\u0142yt kg. Ch\u0142opaki przyjechali punktualnie i zabrali wszystko. Wcze\u015bniej korzysta\u0142em z big bag\u00f3w, bo nie wiedzia\u0142em, \u017ce taka us\u0142uga w og\u00f3le istnieje. Z pewno\u015bci\u0105 jeszcze skorzystam przy okazji.\u201d<\/p><\/div><\/div><h4 class=\"sp-testimonial-client-name\">Witek Z. z Gdyni oceni\u0142 \u015amiecio na 5<\/h4><div class=\"sp-testimonial-client-rating\"><i class=\"fa fa-star\" aria-hidden=\"true\"><\/i><i class=\"fa fa-star\" aria-hidden=\"true\"><\/i><i class=\"fa fa-star\" aria-hidden=\"true\"><\/i><i class=\"fa fa-star\" aria-hidden=\"true\"><\/i><i class=\"fa fa-star\" aria-hidden=\"true\"><\/i><\/div><\/div> <\/div> <div class=\"sp-testimonial-item swiper-slide\"><div class=\"sp-testimonial-free\"><div class=\"sp-testimonial-client-testimonial\"><div class=\"sp-testimonial-content\"><p>\u201eNiby m\u00f3j ogr\u00f3dek jest ma\u0142y, ale po obci\u0119ciu drzewek i krzak\u00f3w, kt\u00f3re ros\u0142y w oko\u0142o zrobi\u0142a si\u0119 naprawd\u0119 spora kupa \u015bmieci. Kolejny minus by\u0142 taki, \u017ce dost\u0119p do ogrodu jest tylko przez gara\u017c. Co tu du\u017co m\u00f3wi\u0107, Panowie poradzili sobie rewelacyjnie, na koniec zamietli gara\u017c z igie\u0142 i li\u015bci. Bardzo przyzwoici m\u0142odzi ludzie.\u201d<\/p><\/div><\/div><h4 class=\"sp-testimonial-client-name\">S\u0142awomir R. z Gdyni oceni\u0142 \u015amiecio na 5<\/h4><div class=\"sp-testimonial-client-rating\"><i class=\"fa fa-star\" aria-hidden=\"true\"><\/i><i class=\"fa fa-star\" aria-hidden=\"true\"><\/i><i class=\"fa fa-star\" aria-hidden=\"true\"><\/i><i class=\"fa fa-star\" aria-hidden=\"true\"><\/i><i class=\"fa fa-star\" aria-hidden=\"true\"><\/i><\/div><\/div> <\/div> <div class=\"sp-testimonial-item swiper-slide\"><div class=\"sp-testimonial-free\"><div class=\"sp-testimonial-client-testimonial\"><div class=\"sp-testimonial-content\"><p>\u201eSprzedawa\u0142em mieszkanie i musia\u0142em je opr\u00f3\u017cni\u0107 z mebli, oraz wyrzuci\u0107 wszystkie \u015bmieci z piwnicy. Ch\u0142opaki wykonali kawa\u0142 dobrej roboty!\u201d<\/p><\/div><\/div><h4 class=\"sp-testimonial-client-name\">Marek O. z Gdyni oceni\u0142 \u015amiecio na 5<\/h4><div class=\"sp-testimonial-client-rating\"><i class=\"fa fa-star\" aria-hidden=\"true\"><\/i><i class=\"fa fa-star\" aria-hidden=\"true\"><\/i><i class=\"fa fa-star\" aria-hidden=\"true\"><\/i><i class=\"fa fa-star\" aria-hidden=\"true\"><\/i><i class=\"fa fa-star\" aria-hidden=\"true\"><\/i><\/div><\/div> <\/div> <\/div><div class=\"swiper-pagination testimonial-pagination\"><\/div><\/div><\/div><script type=\"application\/ld+json\">{\"@context\": \"http:\/\/schema.org\",\"@type\": \"Product\",\"name\": \"Strona g\u0142\u00f3wna (max 3)\",\"aggregateRating\": {\"@type\": \"AggregateRating\",\"bestRating\": \"5\",\"ratingValue\": \"5\",\"worstRating\": \"1\",\"reviewCount\": \"6\"},\"review\": []}<\/script>\n<\/div><\/div>\n","protected":false},"excerpt":{"rendered":"<p>Jak to dzia\u0142a? 1 Masz zb\u0119dne rzeczy? 2 Sprawdzasz cen\u0119 3 Ustalasz termin 4 Zamawiasz us\u0142ug\u0119 Dlaczego warto skorzysta\u0107 z naszych us\u0142ug? Sami wykonujemyza\u0142adunek Cena zale\u017cy od ilo\u015bci odebranychodpad\u00f3w, a nie od rozmiarukontenera lub worka Sprz\u0105tamypo sobie Oferujemy wyw\u00f3z \u015bmieci, mebli i innych odpad\u00f3w razem z za\u0142adunkiem! Stare meblei urz\u0105dzenia Gruz i odpady po remoncie [&hellip;]<\/p>\n","protected":false},"author":1,"featured_media":0,"parent":0,"menu_order":0,"comment_status":"closed","ping_status":"closed","template":"","meta":[],"_links":{"self":[{"href":"https:\/\/www.smiecio.pl\/index.php\/wp-json\/wp\/v2\/pages\/11"}],"collection":[{"href":"https:\/\/www.smiecio.pl\/index.php\/wp-json\/wp\/v2\/pages"}],"about":[{"href":"https:\/\/www.smiecio.pl\/index.php\/wp-json\/wp\/v2\/types\/page"}],"author":[{"embeddable":true,"href":"https:\/\/www.smiecio.pl\/index.php\/wp-json\/wp\/v2\/users\/1"}],"replies":[{"embeddable":true,"href":"https:\/\/www.smiecio.pl\/index.php\/wp-json\/wp\/v2\/comments?post=11"}],"version-history":[{"count":36,"href":"https:\/\/www.smiecio.pl\/index.php\/wp-json\/wp\/v2\/pages\/11\/revisions"}],"predecessor-version":[{"id":537,"href":"https:\/\/www.smiecio.pl\/index.php\/wp-json\/wp\/v2\/pages\/11\/revisions\/537"}],"wp:attachment":[{"href":"https:\/\/www.smiecio.pl\/index.php\/wp-json\/wp\/v2\/media?parent=11"}],"curies":[{"name":"wp","href":"https:\/\/api.w.org\/{rel}","templated":true}]}}