{"id":14,"date":"2017-01-31T19:51:18","date_gmt":"2017-01-31T18:51:18","guid":{"rendered":"http:\/\/www.smiecio.pl\/?page_id=14"},"modified":"2020-05-27T09:13:42","modified_gmt":"2020-05-27T07:13:42","slug":"zamow-usluge","status":"publish","type":"page","link":"https:\/\/www.smiecio.pl\/index.php\/zamow-usluge\/","title":{"rendered":"ZAM\u00d3W US\u0141UG\u0118"},"content":{"rendered":"<div class=\"wpcf7 no-js\" id=\"wpcf7-f480-o1\" lang=\"pl-PL\" dir=\"ltr\">\n<div class=\"screen-reader-response\"><p role=\"status\" aria-live=\"polite\" aria-atomic=\"true\"><\/p> <ul><\/ul><\/div>\n<form action=\"\/index.php\/wp-json\/wp\/v2\/pages\/14#wpcf7-f480-o1\" method=\"post\" class=\"wpcf7-form init\" aria-label=\"Contact form\" enctype=\"multipart\/form-data\" novalidate=\"novalidate\" data-status=\"init\">\n<div style=\"display: none;\">\n<input type=\"hidden\" name=\"_wpcf7\" value=\"480\" \/>\n<input type=\"hidden\" name=\"_wpcf7_version\" value=\"5.7\" \/>\n<input type=\"hidden\" name=\"_wpcf7_locale\" value=\"pl_PL\" \/>\n<input type=\"hidden\" name=\"_wpcf7_unit_tag\" value=\"wpcf7-f480-o1\" \/>\n<input type=\"hidden\" name=\"_wpcf7_container_post\" value=\"0\" \/>\n<input type=\"hidden\" name=\"_wpcf7_posted_data_hash\" value=\"\" \/>\n<input type=\"hidden\" name=\"_wpcf7_recaptcha_response\" value=\"\" \/>\n<\/div>\n<div class=\"kontakt-zamow-usluge\">\n\t<p><br \/>\n\t<\/p>\n\t<div class=\"podzial\">\n\t\t<p><br \/>\n\t\t<\/p>\n\t\t<div class=\"lewy\">\n\t\t\t<p><span class=\"wpcf7-form-control-wrap\" data-name=\"Opis\"><textarea cols=\"40\" rows=\"17\" class=\"wpcf7-form-control wpcf7-textarea\" aria-invalid=\"false\" placeholder=\"Kr\u00f3tki opis (niekoniecznie)\" name=\"Opis\"><\/textarea><\/span><br \/>\n\t\t\t<\/p>\n\t\t<\/div>\n\t\t<p><br \/>\n\t\t<\/p>\n\t\t<div class=\"prawy\">\n\t\t\t<p><br \/>\n\t\t\t<\/p>\n\t\t\t<div class=\"data-godzina\">\n\t\t\t\t<p><br \/>\n<label class=\"data\">Wybierz dat\u0119 wywozu:<span class=\"wpcf7-form-control-wrap\" data-name=\"data\"><input class=\"wpcf7-form-control wpcf7-date wpcf7-validates-as-date\" min=\"2026-04-20\" aria-invalid=\"false\" value=\"\" type=\"date\" name=\"data\" \/><\/span><\/label><br \/>\n<label class=\"godzina\">Wybierz godzin\u0119:<span class=\"wpcf7-form-control-wrap\" data-name=\"godzina\"><select class=\"wpcf7-form-control wpcf7-select\" aria-invalid=\"false\" name=\"godzina\"><option value=\"\">&#8212;Please choose an option&#8212;<\/option><option value=\"8-10\">8-10<\/option><option value=\"9-11\">9-11<\/option><option value=\"10-12\">10-12<\/option><option value=\"11-13\">11-13<\/option><option value=\"12-14\">12-14<\/option><option value=\"13-15\">13-15<\/option><option value=\"14-16\">14-16<\/option><option value=\"15-17\">15-17<\/option><\/select><\/span><\/label><br \/>\n\t\t\t\t<\/p>\n\t\t\t<\/div>\n\t\t\t<p><br \/>\n<span class=\"wpcf7-form-control-wrap\" data-name=\"imie-lub-firma\"><input size=\"40\" class=\"wpcf7-form-control wpcf7-text wpcf7-validates-as-required\" aria-required=\"true\" aria-invalid=\"false\" placeholder=\"Imi\u0119 lub nazwa firmy\" value=\"\" type=\"text\" name=\"imie-lub-firma\" \/><\/span><br \/>\n<span class=\"wpcf7-form-control-wrap\" data-name=\"ulica-nr-domu\"><input size=\"40\" class=\"wpcf7-form-control wpcf7-text wpcf7-validates-as-required\" aria-required=\"true\" aria-invalid=\"false\" placeholder=\"Ulica i nr\" value=\"\" type=\"text\" name=\"ulica-nr-domu\" \/><\/span><br \/>\n<span class=\"wpcf7-form-control-wrap\" data-name=\"miasto\"><input size=\"40\" class=\"wpcf7-form-control wpcf7-text wpcf7-validates-as-required\" aria-required=\"true\" aria-invalid=\"false\" placeholder=\"Miasto\" value=\"\" type=\"text\" name=\"miasto\" \/><\/span><br \/>\n<span class=\"wpcf7-form-control-wrap\" data-name=\"telefon\"><input size=\"40\" class=\"wpcf7-form-control wpcf7-text wpcf7-tel wpcf7-validates-as-required wpcf7-validates-as-tel\" aria-required=\"true\" aria-invalid=\"false\" placeholder=\"Numer telefonu\" value=\"\" type=\"tel\" name=\"telefon\" \/><\/span><br \/>\n<span class=\"wpcf7-form-control-wrap\" data-name=\"email\"><input size=\"40\" class=\"wpcf7-form-control wpcf7-text wpcf7-email wpcf7-validates-as-required wpcf7-validates-as-email\" aria-required=\"true\" aria-invalid=\"false\" placeholder=\"Adres e-mail\" value=\"\" type=\"email\" name=\"email\" \/><\/span><br \/>\n\t\t\t<\/p>\n\t\t<\/div>\n\t<\/div>\n\t<p><br \/>\n\t<\/p>\n\t<div class=\"zdjecia\">\n\t\t<p><br \/>\n<label>Przeka\u017c nam zdj\u0119cia:<\/label><br \/>\n<span class=\"wpcf7-form-control-wrap\" data-name=\"zdjecie-1\"><input size=\"40\" class=\"wpcf7-form-control wpcf7-file\" accept=\".gif,.png,.jpg,.jpeg\" aria-invalid=\"false\" type=\"file\" name=\"zdjecie-1\" \/><\/span><br \/>\n<span class=\"wpcf7-form-control-wrap\" data-name=\"zdjecie-2\"><input size=\"40\" class=\"wpcf7-form-control wpcf7-file\" accept=\".gif,.png,.jpg,.jpeg\" aria-invalid=\"false\" type=\"file\" name=\"zdjecie-2\" \/><\/span><br \/>\n<span class=\"wpcf7-form-control-wrap\" data-name=\"zdjecie-3\"><input size=\"40\" class=\"wpcf7-form-control wpcf7-file\" accept=\".gif,.png,.jpg,.jpeg\" aria-invalid=\"false\" type=\"file\" name=\"zdjecie-3\" \/><\/span><br \/>\n\t\t<\/p>\n\t<\/div>\n\t<p><br \/>\n\t<\/p>\n\t<h3>Podaj orientacyjne gabaryty odpad\u00f3w\n\t<\/h3>\n\t<p><br \/>\n\t<\/p>\n\t<p>Prosz\u0119 pami\u0119taj \u017ce podajesz tylko orientacyjny rozmiar wszystkich odpad\u00f3w. Po przyje\u017adzie nasi pracownicy okre\u015bl\u0105 precyzyjnie cen\u0119 us\u0142ugi. Pami\u0119taj, \u017ce nasza wizyta jest niezobowi\u0105zuj\u0105ca i zawsze mo\u017cesz zrezygnowa\u0107.\n\t<\/p>\n\t<p><br \/>\n<span class=\"wpcf7-form-control-wrap\" data-name=\"cennik\"><span class=\"wpcf7-form-control wpcf7-checkbox wpcf7-exclusive-checkbox\" id=\"cennik\"><span class=\"wpcf7-list-item first\"><label><input type=\"checkbox\" name=\"cennik\" value=\"Minimum\" tabindex=\"\" \/><span class=\"wpcf7-list-item-label\">Minimum<\/span><\/label><\/span><span class=\"wpcf7-list-item\"><label><input type=\"checkbox\" name=\"cennik\" value=\"1\/8\" tabindex=\"\" \/><span class=\"wpcf7-list-item-label\">1\/8<\/span><\/label><\/span><span class=\"wpcf7-list-item\"><label><input type=\"checkbox\" name=\"cennik\" value=\"1\/6\" tabindex=\"\" \/><span class=\"wpcf7-list-item-label\">1\/6<\/span><\/label><\/span><span class=\"wpcf7-list-item\"><label><input type=\"checkbox\" name=\"cennik\" value=\"1\/4\" tabindex=\"\" \/><span class=\"wpcf7-list-item-label\">1\/4<\/span><\/label><\/span><span class=\"wpcf7-list-item\"><label><input type=\"checkbox\" name=\"cennik\" value=\"1\/3\" tabindex=\"\" \/><span class=\"wpcf7-list-item-label\">1\/3<\/span><\/label><\/span><span class=\"wpcf7-list-item\"><label><input type=\"checkbox\" name=\"cennik\" value=\"3\/8\" tabindex=\"\" \/><span class=\"wpcf7-list-item-label\">3\/8<\/span><\/label><\/span><span class=\"wpcf7-list-item\"><label><input type=\"checkbox\" name=\"cennik\" value=\"1\/2\" tabindex=\"\" \/><span class=\"wpcf7-list-item-label\">1\/2<\/span><\/label><\/span><span class=\"wpcf7-list-item\"><label><input type=\"checkbox\" name=\"cennik\" value=\"5\/8\" tabindex=\"\" \/><span class=\"wpcf7-list-item-label\">5\/8<\/span><\/label><\/span><span class=\"wpcf7-list-item\"><label><input type=\"checkbox\" name=\"cennik\" value=\"2\/3\" tabindex=\"\" \/><span class=\"wpcf7-list-item-label\">2\/3<\/span><\/label><\/span><span class=\"wpcf7-list-item\"><label><input type=\"checkbox\" name=\"cennik\" value=\"3\/4\" tabindex=\"\" \/><span class=\"wpcf7-list-item-label\">3\/4<\/span><\/label><\/span><span class=\"wpcf7-list-item\"><label><input type=\"checkbox\" name=\"cennik\" value=\"5\/6\" tabindex=\"\" \/><span class=\"wpcf7-list-item-label\">5\/6<\/span><\/label><\/span><span class=\"wpcf7-list-item\"><label><input type=\"checkbox\" name=\"cennik\" value=\"7\/8\" tabindex=\"\" \/><span class=\"wpcf7-list-item-label\">7\/8<\/span><\/label><\/span><span class=\"wpcf7-list-item last\"><label><input type=\"checkbox\" name=\"cennik\" value=\"Max\" tabindex=\"\" \/><span class=\"wpcf7-list-item-label\">Max<\/span><\/label><\/span><\/span><\/span><br \/>\n<input class=\"wpcf7-form-control has-spinner wpcf7-submit button\" type=\"submit\" value=\"Zam\u00f3w us\u0142ug\u0119\" \/><br \/>\n\t<\/p>\n<\/div><div class=\"wpcf7-response-output\" aria-hidden=\"true\"><\/div><\/form><\/div>\n","protected":false},"excerpt":{"rendered":"","protected":false},"author":1,"featured_media":0,"parent":0,"menu_order":0,"comment_status":"closed","ping_status":"closed","template":"","meta":[],"_links":{"self":[{"href":"https:\/\/www.smiecio.pl\/index.php\/wp-json\/wp\/v2\/pages\/14"}],"collection":[{"href":"https:\/\/www.smiecio.pl\/index.php\/wp-json\/wp\/v2\/pages"}],"about":[{"href":"https:\/\/www.smiecio.pl\/index.php\/wp-json\/wp\/v2\/types\/page"}],"author":[{"embeddable":true,"href":"https:\/\/www.smiecio.pl\/index.php\/wp-json\/wp\/v2\/users\/1"}],"replies":[{"embeddable":true,"href":"https:\/\/www.smiecio.pl\/index.php\/wp-json\/wp\/v2\/comments?post=14"}],"version-history":[{"count":2,"href":"https:\/\/www.smiecio.pl\/index.php\/wp-json\/wp\/v2\/pages\/14\/revisions"}],"predecessor-version":[{"id":481,"href":"https:\/\/www.smiecio.pl\/index.php\/wp-json\/wp\/v2\/pages\/14\/revisions\/481"}],"wp:attachment":[{"href":"https:\/\/www.smiecio.pl\/index.php\/wp-json\/wp\/v2\/media?parent=14"}],"curies":[{"name":"wp","href":"https:\/\/api.w.org\/{rel}","templated":true}]}}