{"id":167,"date":"2017-02-03T18:36:39","date_gmt":"2017-02-03T17:36:39","guid":{"rendered":"http:\/\/www.smiecio.pl\/?page_id=167"},"modified":"2020-05-24T18:27:24","modified_gmt":"2020-05-24T16:27:24","slug":"wywoz-materacy","status":"publish","type":"page","link":"https:\/\/www.smiecio.pl\/index.php\/wywoz-materacy\/","title":{"rendered":"Wyw\u00f3z materacy"},"content":{"rendered":"<p><img loading=\"lazy\" class=\"size-full wp-image-174 alignright\" src=\"http:\/\/smiecio.pl\/wp-content\/uploads\/2020\/05\/stare_materace1.jpg\" alt=\"\" width=\"250\" height=\"198\" \/>Prawdopodobnie ju\u017c wiesz, \u017ce pozbycie si\u0119 materaca, to nie taka prosta sprawa. Jedna osoba, mo\u017ce mie\u0107 problem z wyniesieniem<br \/>\ni przeniesieniem du\u017cego materaca. Gdzie wyrzuci\u0107 stary materac? Bo przecie\u017c do zwyk\u0142ego \u015bmietnika si\u0119 nie zmie\u015bci. Ewentualnie mo\u017cesz go gdzie\u015b podrzuci\u0107, z my\u015bl\u0105, \u017ce kiedy\u015b zniknie. Mo\u017cemy Tobie pom\u00f3c&#8230;<\/p>\n<p>&nbsp;<\/p>\n<p>\u015amiecio zajmie si\u0119 w odpowiedni spos\u00f3b Twoim materacem. Postaramy si\u0119, aby zosta\u0142 przekazany do organizacji charytatywnej. Je\u015bli si\u0119 nie uda, to gwarantujemy, \u017ce zostanie zutylizowany w odpowiedni spos\u00f3b.<\/p>\n<h4><b>Jak pozby\u0107 si\u0119 starego materaca z firm\u0105 \u015amiecio?<\/b><\/h4>\n<p>Wystarczy, \u017ce zam\u00f3wisz <a title=\"wyw\u00f3z odpad\u00f3w, gda\u0144sk, gdynia, sopot, tr\u00f3jmiasto i okolice\" href=\"http:\/\/www.smiecio.pl\/index.php\/zamow-usluge\/\">wyw\u00f3z odpad\u00f3w online<\/a> lub telefonicznie pod numerem<br \/>\n786-817-387. Nasz przyjazny, ubrany w firmowe uniformy zesp\u00f3\u0142 zadzwoni do Ciebie 15-30 minut przed wybranym przez Ciebie dwu godzinnym terminem. Kiedy przyjedziemy wska\u017c materace, kt\u00f3rych chcesz si\u0119 pozby\u0107, a my podamy cen\u0119 us\u0142ugi. Wystarczy, \u017ce powiesz s\u0142owo i zabierzemy materace gdziekolwiek s\u0105 zlokalizowane,<br \/>\na na koniec posprz\u0105tamy po sobie.<\/p>\n<p><i>Zobacz jakie <a title=\"wyw\u00f3z smieci, gda\u0144sk, gdynia, sopot\" href=\"http:\/\/www.smiecio.pl\/index.php\/co-zabieramy\/\">odpady z gospodarstw domowych<\/a> mo\u017cemy jeszcze zabra\u0107.<\/i><\/p>\n","protected":false},"excerpt":{"rendered":"<p>Prawdopodobnie ju\u017c wiesz, \u017ce pozbycie si\u0119 materaca, to nie taka prosta sprawa. Jedna osoba, mo\u017ce mie\u0107 problem z wyniesieniem i przeniesieniem du\u017cego materaca. Gdzie wyrzuci\u0107 stary materac? Bo przecie\u017c do zwyk\u0142ego \u015bmietnika si\u0119 nie zmie\u015bci. Ewentualnie mo\u017cesz go gdzie\u015b podrzuci\u0107, z my\u015bl\u0105, \u017ce kiedy\u015b zniknie. Mo\u017cemy Tobie pom\u00f3c&#8230; &nbsp; \u015amiecio zajmie si\u0119 w odpowiedni spos\u00f3b [&hellip;]<\/p>\n","protected":false},"author":1,"featured_media":0,"parent":0,"menu_order":0,"comment_status":"closed","ping_status":"closed","template":"","meta":[],"_links":{"self":[{"href":"https:\/\/www.smiecio.pl\/index.php\/wp-json\/wp\/v2\/pages\/167"}],"collection":[{"href":"https:\/\/www.smiecio.pl\/index.php\/wp-json\/wp\/v2\/pages"}],"about":[{"href":"https:\/\/www.smiecio.pl\/index.php\/wp-json\/wp\/v2\/types\/page"}],"author":[{"embeddable":true,"href":"https:\/\/www.smiecio.pl\/index.php\/wp-json\/wp\/v2\/users\/1"}],"replies":[{"embeddable":true,"href":"https:\/\/www.smiecio.pl\/index.php\/wp-json\/wp\/v2\/comments?post=167"}],"version-history":[{"count":1,"href":"https:\/\/www.smiecio.pl\/index.php\/wp-json\/wp\/v2\/pages\/167\/revisions"}],"predecessor-version":[{"id":446,"href":"https:\/\/www.smiecio.pl\/index.php\/wp-json\/wp\/v2\/pages\/167\/revisions\/446"}],"wp:attachment":[{"href":"https:\/\/www.smiecio.pl\/index.php\/wp-json\/wp\/v2\/media?parent=167"}],"curies":[{"name":"wp","href":"https:\/\/api.w.org\/{rel}","templated":true}]}}