{"id":181,"date":"2017-02-03T18:59:51","date_gmt":"2017-02-03T17:59:51","guid":{"rendered":"http:\/\/www.smiecio.pl\/?page_id=181"},"modified":"2020-05-24T18:27:24","modified_gmt":"2020-05-24T16:27:24","slug":"wywoz-mebli-gdansk-gdynia","status":"publish","type":"page","link":"https:\/\/www.smiecio.pl\/index.php\/wywoz-mebli-gdansk-gdynia\/","title":{"rendered":"Wyw\u00f3z mebli"},"content":{"rendered":"<p><img loading=\"lazy\" class=\"size-medium wp-image-194 alignright\" src=\"http:\/\/smiecio.pl\/wp-content\/uploads\/2020\/05\/stare_meble-300x173.jpg\" alt=\"\" width=\"300\" height=\"173\" \/>Zastanawiasz si\u0119 <u>co zrobi\u0107 ze starymi meblami<\/u>, nie masz specjalnie pomys\u0142u <u>gdzie je wyrzuci\u0107<\/u>? S\u0105 ci\u0119\u017ckie, niepor\u0119czne i potrzeba przynajmniej dw\u00f3ch os\u00f3b aby je wynie\u015b\u0107?<\/p>\n<p>Pozw\u00f3l aby \u015amiecio zaj\u0119\u0142o si\u0119 wywozem starym mebli za Ciebie. Zabierzemy je z Twojego domu czy biura. Sami je za\u0142adujemy i przeka\u017cemy<br \/>\nw odpowiednie miejsce.<\/p>\n<p>Wywieziemy <b>tapczan, kanape, \u0142\u00f3\u017cko, sof\u0119, fotele, krzes\u0142a, biurka, rega\u0142y, stoliki, sto\u0142y, dywany, pufy, meblo\u015bcianki, szafki, meble \u0142azienkowe, meble kuchenne, meble z salony czy sypialni, meble ogrodowe, stare meble ze strychu<\/b> \u00a0i inne odpady meblowe.<\/p>\n<p>Przesta\u0144 si\u0119 zastanawia\u0107 <b>co zrobi\u0107 i gdzie wyrzuci\u0107 meble<\/b>. Jeste\u015bmy profesjonaln\u0105 firm\u0105, kt\u00f3ra zajmuje si\u0119 wywozem i utylizacj\u0105 mebli &#8211; skontaktuj si\u0119 z nami.<\/p>\n<ul>\n<li>Mieszkanie zosta\u0142o sprzedane, albo kupi\u0142e\u015b nowe i trzeba pozby\u0107 si\u0119 starych mebli?<\/li>\n<li>Kupi\u0142e\u015b now\u0105 kanap\u0119 czy szafki do pokoju i chcesz si\u0119 szybko pozby\u0107 starych?<\/li>\n<li>W Twojej piwnicy stoj\u0105 stare meble, kt\u00f3re tylko Ci przeszkadzaj\u0105?<\/li>\n<\/ul>\n<div><\/div>\n<div>Nie wa\u017cne w jakiej jeste\u015b sytuacji, pomo\u017cemy si\u0119 Tobie pozby\u0107 mebli i innych grat\u00f3w. Nie wa\u017cne czy masz do wywiezienia jeden fotel czy ca\u0142y dom do opr\u00f3\u017cnienia. Dla nas \u017cadne zlecenie nie jest za ma\u0142e czy zbyt du\u017ce.<\/div>\n<div><\/div>\n<div><\/div>\n<p>&nbsp;<\/p>\n<h4><b>Jak pozby\u0107 si\u0119 starych mebli z firm\u0105 \u015amiecio?\u00a0<\/b><\/h4>\n<p>Wystarczy, \u017ce zam\u00f3wisz <a title=\"wyw\u00f3z mebli, gda\u0144sk, gdynia, tr\u00f3jmiasto\" href=\"http:\/\/www.smiecio.pl\/index.php\/zamow-usluge\/\">wyw\u00f3z odpad\u00f3w online<\/a> lub telefonicznie pod numerem<br \/>\n786-817-387. Nasz przyjazny, ubrany w firmowe uniformy zesp\u00f3\u0142 zadzwoni do Ciebie 15-30 minut przed wybranym przez Ciebie dwu godzinnym terminem. Kiedy przyjedziemy wska\u017c meble, kt\u00f3rych chcesz si\u0119 pozby\u0107, a my podamy cen\u0119 us\u0142ugi. Wystarczy, \u017ce powiesz s\u0142owo i zabierzemy meble gdziekolwiek s\u0105 zlokalizowane,<br \/>\na na koniec posprz\u0105tamy po sobie.<\/p>\n<h4>Ile kosztuje wyw\u00f3z mebli w Gda\u0144sku, Gdyni lub w okolicach Tr\u00f3jmiasta?<\/h4>\n<p>Nasze auto posiada \u0142adowno\u015b\u0107 14m3 (do 1,5 tony za\u0142adunku) i za\u0142adunek ca\u0142o\u015bci to koszt 1500 z\u0142 brutto. Minimalny koszt to 150 z\u0142 brutto. Sprawd\u017a nasze <a title=\"Ceny wywozu \u015bmieci, mebli Gda\u0144sk Gdynia\" href=\"http:\/\/www.smiecio.pl\/index.php\/cennik\/\">ceny wywozu \u015bmieci<\/a>.<\/p>\n<h4><b>Wyw\u00f3z i utylizacja mebli ? gdzie dzia\u0142amy.<\/b><\/h4>\n<p>Wyw\u00f3z i utylizacje mebli oferujemy w Gda\u0144sku, Gdyni, Sopocie, Pruszczu Gda\u0144skim, Tr\u00f3jmie\u015bcie i okolicach.<\/p>\n<p><i>Z nami <b>wyw\u00f3z mebli <\/b>to prosta sprawa!<br \/>\n<\/i><\/p>\n<p><i><u>Opr\u00f3cz starych mebli zabieramy tak\u017ce inne rzeczy.\u00a0<\/u><\/i><\/p>\n<p>Sprawd\u017a <a title=\"wyw\u00f3z odpad\u00f3w, \u015bmieci\" href=\"http:\/\/www.smiecio.pl\/index.php\/co-zabieramy\/\">pe\u0142n\u0105 list\u0119 tutaj<\/a>.<\/p>\n<h4>Opinie:<\/h4>\n<p><span class=\"description\"><i>&#8222;Fantastyczna sprawa. Panowie przyjechali i zabrali wszystkie meble. \u0141atwo nie by\u0142o bo mieszkam na 3 pietrze :)&#8221;<\/i><\/span> <img class=\"alignnone\" src=\"http:\/\/www.smiecio.pl\/\/img\/five_stars_icon1.jpg\" alt=\"\u015amiecio - opinia\" \/> <span class=\"reviewer\">Marlena B. z Gda\u0144ska<\/span> oceni\u0142a <span class=\"item\"><span class=\"fn\">\u015amiecio<\/span><\/span> na <span class=\"rating\">5<\/span><\/p>\n<p>&nbsp;<\/p>\n<p><span class=\"rating\">Wi\u0119cej opinii znajdziesz <a href=\"http:\/\/www.smiecio.pl\/index.php\/o-nas\/\">tutaj<\/a>.<\/span><\/p>\n","protected":false},"excerpt":{"rendered":"<p>Zastanawiasz si\u0119 co zrobi\u0107 ze starymi meblami, nie masz specjalnie pomys\u0142u gdzie je wyrzuci\u0107? S\u0105 ci\u0119\u017ckie, niepor\u0119czne i potrzeba przynajmniej dw\u00f3ch os\u00f3b aby je wynie\u015b\u0107? Pozw\u00f3l aby \u015amiecio zaj\u0119\u0142o si\u0119 wywozem starym mebli za Ciebie. Zabierzemy je z Twojego domu czy biura. Sami je za\u0142adujemy i przeka\u017cemy w odpowiednie miejsce. Wywieziemy tapczan, kanape, \u0142\u00f3\u017cko, sof\u0119, [&hellip;]<\/p>\n","protected":false},"author":1,"featured_media":0,"parent":0,"menu_order":0,"comment_status":"closed","ping_status":"closed","template":"","meta":[],"_links":{"self":[{"href":"https:\/\/www.smiecio.pl\/index.php\/wp-json\/wp\/v2\/pages\/181"}],"collection":[{"href":"https:\/\/www.smiecio.pl\/index.php\/wp-json\/wp\/v2\/pages"}],"about":[{"href":"https:\/\/www.smiecio.pl\/index.php\/wp-json\/wp\/v2\/types\/page"}],"author":[{"embeddable":true,"href":"https:\/\/www.smiecio.pl\/index.php\/wp-json\/wp\/v2\/users\/1"}],"replies":[{"embeddable":true,"href":"https:\/\/www.smiecio.pl\/index.php\/wp-json\/wp\/v2\/comments?post=181"}],"version-history":[{"count":2,"href":"https:\/\/www.smiecio.pl\/index.php\/wp-json\/wp\/v2\/pages\/181\/revisions"}],"predecessor-version":[{"id":526,"href":"https:\/\/www.smiecio.pl\/index.php\/wp-json\/wp\/v2\/pages\/181\/revisions\/526"}],"wp:attachment":[{"href":"https:\/\/www.smiecio.pl\/index.php\/wp-json\/wp\/v2\/media?parent=181"}],"curies":[{"name":"wp","href":"https:\/\/api.w.org\/{rel}","templated":true}]}}