{"id":206,"date":"2017-02-03T19:19:54","date_gmt":"2017-02-03T18:19:54","guid":{"rendered":"http:\/\/www.smiecio.pl\/?page_id=206"},"modified":"2020-05-24T18:27:24","modified_gmt":"2020-05-24T16:27:24","slug":"wywoz-telewizorow","status":"publish","type":"page","link":"https:\/\/www.smiecio.pl\/index.php\/wywoz-telewizorow\/","title":{"rendered":"Wyw\u00f3z i recykling telewizor\u00f3w"},"content":{"rendered":"<p><img loading=\"lazy\" class=\"size-full wp-image-207 alignright\" src=\"http:\/\/smiecio.pl\/wp-content\/uploads\/2020\/05\/stary_telewizor.jpg\" alt=\"\" width=\"250\" height=\"164\" \/>Telewizory, podobnie jak inne urz\u0105dzenia elektryczne i elektroniczne zawieraj\u0105 substancje niebezpieczne, kt\u00f3re mog\u0105 dzia\u0142a\u0107 szkodliwie na nasze zdrowie lub \u015brodowisko. Odpowiedzialne usuwanie telewizor\u00f3w, a kiedy to mo\u017cliwe r\u00f3wnie\u017c recykling jest bardzo wa\u017cne. Dzi\u0119ki w\u0142a\u015bciwym mo\u017cna zapobiec, aby niebezpieczne substancje chemiczne niepotrzebnie nie zanieczyszcza\u0142y naszego powietrza czy wody.<\/p>\n<p>Podczas recyklingu telewizor\u00f3w mo\u017cemy odzyska\u0107 warto\u015bciowe materia\u0142y, np: szk\u0142o, plastik, miedziane przewody, lub inne warto\u015bciowe metale.<\/p>\n<h4>Jak pozby\u0107 si\u0119 starego telewizora z firm\u0105 \u015amiecio?<\/h4>\n<p>Wystarczy, \u017ce zam\u00f3wisz <a title=\"Wyw\u00f3z i recykling telewizor\u00f3w\" href=\"http:\/\/www.smiecio.pl\/index.php\/zamow-usluge\/\">wyw\u00f3z odpad\u00f3w online<\/a> lub telefonicznie pod numerem<br \/>\n786-817-387. Nasz przyjazny, ubrany w firmowe uniformy zesp\u00f3\u0142 zadzwoni do Ciebie 15-30 minut przed wybranym przez Ciebie dwu godzinnym terminem. Kiedy przyjedziemy wska\u017c urz\u0105dzenia, kt\u00f3rych chcesz si\u0119 pozby\u0107, a my podamy cen\u0119 us\u0142ugi. Wystarczy, \u017ce powiesz s\u0142owo i zabierzemy urz\u0105dzenia gdziekolwiek s\u0105 zlokalizowane, a na koniec posprz\u0105tamy po sobie.<\/p>\n<p><i>Pami\u0119taj, \u017ce zabieramy r\u00f3wnie\u017c inne urz\u0105dzenia zawieraj\u0105ce substancje niebezpieczne\u00a0<\/i>np: <a title=\"wyw\u00f3z i recykling lod\u00f3wek\" href=\"http:\/\/www.smiecio.pl\/index.php\/wywoz-lodowek\/\">lod\u00f3wki<\/a> i inne <a title=\"wyw\u00f3z i recykling urz\u0105dze\u0144 elektrycznych, elektronicznych\" href=\"http:\/\/www.smiecio.pl\/index.php\/wywoz-agd\/\">urz\u0105dzenia elektryczne i elektroniczne<\/a>.<\/p>\n","protected":false},"excerpt":{"rendered":"<p>Telewizory, podobnie jak inne urz\u0105dzenia elektryczne i elektroniczne zawieraj\u0105 substancje niebezpieczne, kt\u00f3re mog\u0105 dzia\u0142a\u0107 szkodliwie na nasze zdrowie lub \u015brodowisko. Odpowiedzialne usuwanie telewizor\u00f3w, a kiedy to mo\u017cliwe r\u00f3wnie\u017c recykling jest bardzo wa\u017cne. Dzi\u0119ki w\u0142a\u015bciwym mo\u017cna zapobiec, aby niebezpieczne substancje chemiczne niepotrzebnie nie zanieczyszcza\u0142y naszego powietrza czy wody. Podczas recyklingu telewizor\u00f3w mo\u017cemy odzyska\u0107 warto\u015bciowe materia\u0142y, np: [&hellip;]<\/p>\n","protected":false},"author":1,"featured_media":0,"parent":0,"menu_order":0,"comment_status":"closed","ping_status":"closed","template":"","meta":[],"_links":{"self":[{"href":"https:\/\/www.smiecio.pl\/index.php\/wp-json\/wp\/v2\/pages\/206"}],"collection":[{"href":"https:\/\/www.smiecio.pl\/index.php\/wp-json\/wp\/v2\/pages"}],"about":[{"href":"https:\/\/www.smiecio.pl\/index.php\/wp-json\/wp\/v2\/types\/page"}],"author":[{"embeddable":true,"href":"https:\/\/www.smiecio.pl\/index.php\/wp-json\/wp\/v2\/users\/1"}],"replies":[{"embeddable":true,"href":"https:\/\/www.smiecio.pl\/index.php\/wp-json\/wp\/v2\/comments?post=206"}],"version-history":[{"count":1,"href":"https:\/\/www.smiecio.pl\/index.php\/wp-json\/wp\/v2\/pages\/206\/revisions"}],"predecessor-version":[{"id":442,"href":"https:\/\/www.smiecio.pl\/index.php\/wp-json\/wp\/v2\/pages\/206\/revisions\/442"}],"wp:attachment":[{"href":"https:\/\/www.smiecio.pl\/index.php\/wp-json\/wp\/v2\/media?parent=206"}],"curies":[{"name":"wp","href":"https:\/\/api.w.org\/{rel}","templated":true}]}}