{"id":239,"date":"2017-02-03T19:40:10","date_gmt":"2017-02-03T18:40:10","guid":{"rendered":"http:\/\/www.smiecio.pl\/?page_id=239"},"modified":"2022-09-09T14:47:14","modified_gmt":"2022-09-09T12:47:14","slug":"wywoz-wanien-jacuzzi","status":"publish","type":"page","link":"https:\/\/www.smiecio.pl\/index.php\/wywoz-wanien-jacuzzi\/","title":{"rendered":"Wyw\u00f3z wanien, jacuzzi"},"content":{"rendered":"<p><img loading=\"lazy\" class=\"size-medium wp-image-240 alignright\" src=\"http:\/\/smiecio.pl\/wp-content\/uploads\/2020\/05\/stara_wanna-300x158.jpg\" alt=\"\" width=\"300\" height=\"158\">Zastanawiasz si\u0119 co zrobi\u0107 ze star\u0105 wann\u0105?<\/p>\n<p>Tak jak w przypadku naszych innych us\u0142ug &#8211; przyjedziemy do Twojego domu lub mieszkania, a to czego chcesz si\u0119 pozby\u0107 za\u0142adujemy na nasz\u0105 ci\u0119\u017car\u00f3wk\u0119. Ty oczywi\u015bcie nie ruszysz przy tym nawet palcem.<\/p>\n<h4>Jak si\u0119 pozby\u0107 starej wanny lub jaccuzi z firm\u0105 \u015amiecio?<\/h4>\n<p>Wystarczy, \u017ce zam\u00f3wisz&nbsp;<a title=\"wyw\u00f3z mebli, gda\u0144sk, gdynia, tr\u00f3jmiasto\" href=\"http:\/\/www.smiecio.pl\/index.php\/zamow-usluge\/\">wyw\u00f3z odpad\u00f3w online<\/a> lub telefonicznie pod numerem<br \/>\n786-817-387. Nasz przyjazny, ubrany w firmowe uniformy zesp\u00f3\u0142 zadzwoni do Ciebie 15-30 minut przed przyjazdem. Kiedy przyjedziemy wska\u017c wann\u0119, kt\u00f3rej chcesz si\u0119 pozby\u0107, a my podamy cen\u0119 us\u0142ugi. Wystarczy, \u017ce powiesz s\u0142owo i zabierzemy wann\u0119 gdziekolwiek jest zlokalizowana, a na koniec posprz\u0105tamy po sobie.<\/p>\n<p><i>Opr\u00f3cz starych wanien zabieramy tak\u017ce inne rzeczy.&nbsp;<\/i>Sprawd\u017a&nbsp;<a title=\"wyw\u00f3z odpad\u00f3w, \u015bmieci\" href=\"http:\/\/www.smiecio.pl\/index.php\/co-zabieramy\/\">pe\u0142n\u0105 list\u0119 tutaj<\/a>.<\/p>\n","protected":false},"excerpt":{"rendered":"<p>Zastanawiasz si\u0119 co zrobi\u0107 ze star\u0105 wann\u0105? Tak jak w przypadku naszych innych us\u0142ug &#8211; przyjedziemy do Twojego domu lub mieszkania, a to czego chcesz si\u0119 pozby\u0107 za\u0142adujemy na nasz\u0105 ci\u0119\u017car\u00f3wk\u0119. Ty oczywi\u015bcie nie ruszysz przy tym nawet palcem. Jak si\u0119 pozby\u0107 starej wanny lub jaccuzi z firm\u0105 \u015amiecio? Wystarczy, \u017ce zam\u00f3wisz&nbsp;wyw\u00f3z odpad\u00f3w online lub [&hellip;]<\/p>\n","protected":false},"author":1,"featured_media":0,"parent":0,"menu_order":0,"comment_status":"closed","ping_status":"closed","template":"","meta":[],"_links":{"self":[{"href":"https:\/\/www.smiecio.pl\/index.php\/wp-json\/wp\/v2\/pages\/239"}],"collection":[{"href":"https:\/\/www.smiecio.pl\/index.php\/wp-json\/wp\/v2\/pages"}],"about":[{"href":"https:\/\/www.smiecio.pl\/index.php\/wp-json\/wp\/v2\/types\/page"}],"author":[{"embeddable":true,"href":"https:\/\/www.smiecio.pl\/index.php\/wp-json\/wp\/v2\/users\/1"}],"replies":[{"embeddable":true,"href":"https:\/\/www.smiecio.pl\/index.php\/wp-json\/wp\/v2\/comments?post=239"}],"version-history":[{"count":2,"href":"https:\/\/www.smiecio.pl\/index.php\/wp-json\/wp\/v2\/pages\/239\/revisions"}],"predecessor-version":[{"id":540,"href":"https:\/\/www.smiecio.pl\/index.php\/wp-json\/wp\/v2\/pages\/239\/revisions\/540"}],"wp:attachment":[{"href":"https:\/\/www.smiecio.pl\/index.php\/wp-json\/wp\/v2\/media?parent=239"}],"curies":[{"name":"wp","href":"https:\/\/api.w.org\/{rel}","templated":true}]}}