{"id":243,"date":"2017-02-03T20:20:50","date_gmt":"2017-02-03T19:20:50","guid":{"rendered":"http:\/\/www.smiecio.pl\/?page_id=243"},"modified":"2022-09-09T14:44:58","modified_gmt":"2022-09-09T12:44:58","slug":"wywoz-odpadow-metalowych","status":"publish","type":"page","link":"https:\/\/www.smiecio.pl\/index.php\/wywoz-odpadow-metalowych\/","title":{"rendered":"Wyw\u00f3z odpad\u00f3w metalowych"},"content":{"rendered":"<p><img loading=\"lazy\" class=\"aligncenter wp-image-244 size-full\" src=\"http:\/\/smiecio.pl\/wp-content\/uploads\/2020\/05\/odpady_metalowe.jpg\" width=\"576\" height=\"238\"><\/p>\n<p><strong>\u015amiecio <\/strong>oferuje usuwanie i wyw\u00f3z odpad\u00f3w metalowych z Twojego domu, biura czy firmy. Sami przeniesiemy i za\u0142adujemy wskazane przez Ciebie odpady. Posiadamy odpowiednie ubezpieczenia i pozwolenia. Odpady nie pow\u0119druj\u0105 na wysypisko, a zostan\u0105 przekazane do recyklingu.<\/p>\n<h4><b>Jak pozby\u0107 si\u0119 metalowych odpad\u00f3w?<\/b><\/h4>\n<p>Wystarczy zam\u00f3wi\u0107 <a title=\"wyw\u00f3z odpad\u00f3w, \u015bmieci, Gda\u0144sk, Gdynia, Tr\u00f3jmiasto\" href=\"http:\/\/www.smiecio.pl\/index.php\/co-zabieramy\/\">wyw\u00f3z odpad\u00f3w online<\/a> lub telefonicznie pod numerem<br \/>\n786-817-387. Nasz przyjazny, ubrany w firmowe uniformy zesp\u00f3\u0142 zadzwoni do Ciebie 15-30 minut przed wybranym przez Ciebie dwu godzinnym terminem. Kiedy przyjedziemy wska\u017c odpady metalowe, kt\u00f3rych chcesz si\u0119 pozby\u0107,<br \/>\na my podamy Tobie cen\u0119 pe\u0142nej us\u0142ugi. Wystarczy, \u017ce powiesz s\u0142owo i zabierzemy odpady metalowe gdziekolwiek s\u0105 zlokalizowane, a na koniec posprz\u0105tamy po sobie.<\/p>\n","protected":false},"excerpt":{"rendered":"<p>\u015amiecio oferuje usuwanie i wyw\u00f3z odpad\u00f3w metalowych z Twojego domu, biura czy firmy. Sami przeniesiemy i za\u0142adujemy wskazane przez Ciebie odpady. Posiadamy odpowiednie ubezpieczenia i pozwolenia. Odpady nie pow\u0119druj\u0105 na wysypisko, a zostan\u0105 przekazane do recyklingu. Jak pozby\u0107 si\u0119 metalowych odpad\u00f3w? Wystarczy zam\u00f3wi\u0107 wyw\u00f3z odpad\u00f3w online lub telefonicznie pod numerem 786-817-387. Nasz przyjazny, ubrany w [&hellip;]<\/p>\n","protected":false},"author":1,"featured_media":0,"parent":0,"menu_order":0,"comment_status":"closed","ping_status":"closed","template":"","meta":[],"_links":{"self":[{"href":"https:\/\/www.smiecio.pl\/index.php\/wp-json\/wp\/v2\/pages\/243"}],"collection":[{"href":"https:\/\/www.smiecio.pl\/index.php\/wp-json\/wp\/v2\/pages"}],"about":[{"href":"https:\/\/www.smiecio.pl\/index.php\/wp-json\/wp\/v2\/types\/page"}],"author":[{"embeddable":true,"href":"https:\/\/www.smiecio.pl\/index.php\/wp-json\/wp\/v2\/users\/1"}],"replies":[{"embeddable":true,"href":"https:\/\/www.smiecio.pl\/index.php\/wp-json\/wp\/v2\/comments?post=243"}],"version-history":[{"count":2,"href":"https:\/\/www.smiecio.pl\/index.php\/wp-json\/wp\/v2\/pages\/243\/revisions"}],"predecessor-version":[{"id":538,"href":"https:\/\/www.smiecio.pl\/index.php\/wp-json\/wp\/v2\/pages\/243\/revisions\/538"}],"wp:attachment":[{"href":"https:\/\/www.smiecio.pl\/index.php\/wp-json\/wp\/v2\/media?parent=243"}],"curies":[{"name":"wp","href":"https:\/\/api.w.org\/{rel}","templated":true}]}}