{"id":247,"date":"2017-02-03T20:23:06","date_gmt":"2017-02-03T19:23:06","guid":{"rendered":"http:\/\/www.smiecio.pl\/?page_id=247"},"modified":"2020-05-24T18:27:26","modified_gmt":"2020-05-24T16:27:26","slug":"wywoz-odpadow-poremontowych","status":"publish","type":"page","link":"https:\/\/www.smiecio.pl\/index.php\/wywoz-odpadow-poremontowych\/","title":{"rendered":"Wyw\u00f3z odpad\u00f3w poremontowych"},"content":{"rendered":"<p><img loading=\"lazy\" class=\"aligncenter wp-image-248 size-full\" src=\"http:\/\/smiecio.pl\/wp-content\/uploads\/2020\/05\/odpady_poremontowe.jpg\" width=\"575\" height=\"142\" \/><\/p>\n<p>Nie wiesz co zrobi\u0107 z odpadami powsta\u0142ymi przy budowie lub remoncie? \u015amiecio oferuje wyw\u00f3z odpad\u00f3w po remoncie jak r\u00f3wnie\u017c odpad\u00f3w budowlanych. Przyjedziemy<br \/>\ni zabierzemy wszystkie \u015bmieci czy odpady budowlane. Dla nas nie ma znaczenia,<br \/>\nczy robisz ma\u0142y remont, czy gruntown\u0105 przebudow\u0119 domu, mieszkania, czy zupe\u0142nie inny projekt. Zabierzemy stare deski, futryny, drzwi, ceg\u0142y, pustaki, cement, stare urz\u0105dzenia AGD, zlewy, wanny i inne niepotrzebne rzeczy.<\/p>\n<p>Z nami szybko pozb\u0119dziesz si\u0119 niechcianych pozosta\u0142o\u015bci.<\/p>\n<h4><b>Jak pozby\u0107 si\u0119 odpad\u00f3w poremontowych z firm\u0105 \u015amiecio?<\/b><\/h4>\n<p>Wystarczy zam\u00f3wi\u0107 <a title=\"wyw\u00f3z odpad\u00f3w, \u015bmieci z ogrodu\" href=\"http:\/\/www.smiecio.pl\/index.php\/co-zabieramy\/\">wyw\u00f3z odpad\u00f3w online<\/a> lub telefonicznie pod numerem<br \/>\n786-817-387. Nasz przyjazny, ubrany w firmowe uniformy zesp\u00f3\u0142 zadzwoni do Ciebie 15-30 minut przed wybranym przez Ciebie dwu godzinnym terminem. Kiedy przyjedziemy wska\u017c wszystkie rzeczy i odpady, kt\u00f3rych chcesz si\u0119 pozby\u0107, a my podamy Tobie cen\u0119 pe\u0142nej us\u0142ugi. Wystarczy, \u017ce powiesz s\u0142owo, a my zabierzemy odpadu z ogrodu gdziekolwiek s\u0105 zlokalizowane, a na koniec posprz\u0105tamy po sobie.<\/p>\n<h4>Wyw\u00f3z \u015bmieci i odpad\u00f3w po remoncie Gda\u0144sk Gdynia i okolice.<\/h4>\n<p>Nasze us\u0142ugi \u015bwiadczymy na terenie Gda\u0144ska, Gdynia, Sopotu i okolic Tr\u00f3jmiasta (Pruszcz Gda\u0144ski, Banino, Chwaszczyno, Straszyn, B\u0105kowo, Jankowo, Kolbudy i w innych miejscowo\u015bciach). Je\u015bli masz w\u0105tpliwo\u015bci czy wywozimy odpady z danego miejsca to zadzwo\u0144 do nas na numer podany na g\u00f3rze strony.<\/p>\n<p>Zobacz <a title=\"wyw\u00f3z odpad\u00f3w, \u015bmieci, gda\u0144sk, gdynia, tr\u00f3jmiasto\" href=\"http:\/\/www.smiecio.pl\/index.php\/co-zabieramy\/\">pe\u0142n\u0105 list\u0119 odpad\u00f3w<\/a>, kt\u00f3re mo\u017cemy od Ciebie zabra\u0107.<\/p>\n<p>Opinie:<\/p>\n<div class=\"hreview\"><span class=\"description\"><i>&#8222;Mia\u0142em do wyrzucenia troch\u0119 gruzu i \u015bmieci po remoncie, g\u0142\u00f3wnie jakie\u015b folie, wiaderka, kawa\u0142ki desek, profili i p\u0142yt kg. Ch\u0142opaki przyjechali punktualnie i zabrali wszystko. Wcze\u015bniej korzysta\u0142em z big bag\u00f3w, bo nie wiedzia\u0142em, \u017ce taka us\u0142uga w og\u00f3le istnieje. Z pewno\u015bci\u0105 jeszcze skorzystam przy okazji.&#8221;<\/i><\/span> <img class=\"alignnone\" src=\"http:\/\/smiecio.pl\/wp-content\/uploads\/2020\/05\/five_stars_icon1.jpg\" alt=\"\u015amiecio - opinia\" \/> <span class=\"reviewer\">Witek Z. z Gdyni<\/span> oceni\u0142 <span class=\"item\"><span class=\"fn\">\u015amiecio<\/span><\/span> na <span class=\"rating\">5<\/span><\/div>\n<div class=\"hreview\"><\/div>\n<div class=\"hreview\"><span class=\"rating\">Wi\u0119cej opini znajdziesz <a href=\"http:\/\/www.smiecio.pl\/index.php\/o-nas\">tutaj<\/a>.<\/span><\/div>\n","protected":false},"excerpt":{"rendered":"<p>Nie wiesz co zrobi\u0107 z odpadami powsta\u0142ymi przy budowie lub remoncie? \u015amiecio oferuje wyw\u00f3z odpad\u00f3w po remoncie jak r\u00f3wnie\u017c odpad\u00f3w budowlanych. Przyjedziemy i zabierzemy wszystkie \u015bmieci czy odpady budowlane. Dla nas nie ma znaczenia, czy robisz ma\u0142y remont, czy gruntown\u0105 przebudow\u0119 domu, mieszkania, czy zupe\u0142nie inny projekt. Zabierzemy stare deski, futryny, drzwi, ceg\u0142y, pustaki, cement, [&hellip;]<\/p>\n","protected":false},"author":1,"featured_media":0,"parent":0,"menu_order":0,"comment_status":"closed","ping_status":"closed","template":"","meta":[],"_links":{"self":[{"href":"https:\/\/www.smiecio.pl\/index.php\/wp-json\/wp\/v2\/pages\/247"}],"collection":[{"href":"https:\/\/www.smiecio.pl\/index.php\/wp-json\/wp\/v2\/pages"}],"about":[{"href":"https:\/\/www.smiecio.pl\/index.php\/wp-json\/wp\/v2\/types\/page"}],"author":[{"embeddable":true,"href":"https:\/\/www.smiecio.pl\/index.php\/wp-json\/wp\/v2\/users\/1"}],"replies":[{"embeddable":true,"href":"https:\/\/www.smiecio.pl\/index.php\/wp-json\/wp\/v2\/comments?post=247"}],"version-history":[{"count":1,"href":"https:\/\/www.smiecio.pl\/index.php\/wp-json\/wp\/v2\/pages\/247\/revisions"}],"predecessor-version":[{"id":451,"href":"https:\/\/www.smiecio.pl\/index.php\/wp-json\/wp\/v2\/pages\/247\/revisions\/451"}],"wp:attachment":[{"href":"https:\/\/www.smiecio.pl\/index.php\/wp-json\/wp\/v2\/media?parent=247"}],"curies":[{"name":"wp","href":"https:\/\/api.w.org\/{rel}","templated":true}]}}