{"id":252,"date":"2017-02-03T20:27:05","date_gmt":"2017-02-03T19:27:05","guid":{"rendered":"http:\/\/www.smiecio.pl\/?page_id=252"},"modified":"2020-05-24T18:27:21","modified_gmt":"2020-05-24T16:27:21","slug":"sprzatanie-nieruchomosci","status":"publish","type":"page","link":"https:\/\/www.smiecio.pl\/index.php\/sprzatanie-nieruchomosci\/","title":{"rendered":"Sprz\u0105tanie nieruchomo\u015bci, wyw\u00f3z grat\u00f3w"},"content":{"rendered":"<p><img loading=\"lazy\" class=\"aligncenter wp-image-253 size-full\" src=\"http:\/\/smiecio.pl\/wp-content\/uploads\/2020\/05\/sprzatanie_nieruchomosci.jpg\" width=\"575\" height=\"240\" \/><\/p>\n<p>Podczas sprz\u0105tania nieruchomo\u015bci, chcesz mie\u0107 do czynienia z firm\u0105 punktualn\u0105, cierpliw\u0105 i tak\u0105, kt\u00f3ra b\u0119dzie traktowa\u0107 Ci\u0119 z szacunkiem. Warto pami\u0119ta\u0107 o tym, \u017ce b\u0119dziemy starali si\u0119 jak najwi\u0119cej rzeczy odda\u0107 organizacjom charytatywnym oraz podda\u0107 odzyskowi.<\/p>\n<h4><b>Jak skorzysta\u0107 z us\u0142ug firmy \u015amiecio?<\/b><\/h4>\n<p>Wystarczy zam\u00f3wi\u0107 <a title=\"wyw\u00f3z odpad\u00f3w, \u015bmieci z ogrodu\" href=\"http:\/\/www.smiecio.pl\/index.php\/zamow-usluge\/\">wyw\u00f3z odpad\u00f3w online<\/a> lub telefonicznie pod numerem<br \/>\n786-817-387. Nasz przyjazny, ubrany w firmowe uniformy zesp\u00f3\u0142 zadzwoni do Ciebie 15-30 minut przed wybranym przez Ciebie dwu godzinnym terminem. Kiedy przyjedziemy wska\u017c wszystkie rzeczy, kt\u00f3rych chcesz si\u0119 pozby\u0107, a my podamy Tobie cen\u0119 pe\u0142nej us\u0142ugi. Wystarczy, \u017ce powiesz s\u0142owo, a my zabierzemy wszystkie rzeczy, gdziekolwiek s\u0105 zlokalizowane, a na koniec posprz\u0105tamy po sobie.<\/p>\n<p>Sprawd\u017a <a title=\"wyw\u00f3z odpad\u00f3w, \u015bmieci, gda\u0144sk, gdynia, tr\u00f3jmiasto\" href=\"http:\/\/www.smiecio.pl\/index.php\/co-zabieramy\/\">pe\u0142n\u0105 list\u0119 odpad\u00f3w<\/a>, kt\u00f3re mo\u017cemy od Ciebie zabra\u0107.<\/p>\n","protected":false},"excerpt":{"rendered":"<p>Podczas sprz\u0105tania nieruchomo\u015bci, chcesz mie\u0107 do czynienia z firm\u0105 punktualn\u0105, cierpliw\u0105 i tak\u0105, kt\u00f3ra b\u0119dzie traktowa\u0107 Ci\u0119 z szacunkiem. Warto pami\u0119ta\u0107 o tym, \u017ce b\u0119dziemy starali si\u0119 jak najwi\u0119cej rzeczy odda\u0107 organizacjom charytatywnym oraz podda\u0107 odzyskowi. Jak skorzysta\u0107 z us\u0142ug firmy \u015amiecio? Wystarczy zam\u00f3wi\u0107 wyw\u00f3z odpad\u00f3w online lub telefonicznie pod numerem 786-817-387. Nasz przyjazny, ubrany [&hellip;]<\/p>\n","protected":false},"author":1,"featured_media":0,"parent":0,"menu_order":0,"comment_status":"closed","ping_status":"closed","template":"","meta":[],"_links":{"self":[{"href":"https:\/\/www.smiecio.pl\/index.php\/wp-json\/wp\/v2\/pages\/252"}],"collection":[{"href":"https:\/\/www.smiecio.pl\/index.php\/wp-json\/wp\/v2\/pages"}],"about":[{"href":"https:\/\/www.smiecio.pl\/index.php\/wp-json\/wp\/v2\/types\/page"}],"author":[{"embeddable":true,"href":"https:\/\/www.smiecio.pl\/index.php\/wp-json\/wp\/v2\/users\/1"}],"replies":[{"embeddable":true,"href":"https:\/\/www.smiecio.pl\/index.php\/wp-json\/wp\/v2\/comments?post=252"}],"version-history":[{"count":1,"href":"https:\/\/www.smiecio.pl\/index.php\/wp-json\/wp\/v2\/pages\/252\/revisions"}],"predecessor-version":[{"id":426,"href":"https:\/\/www.smiecio.pl\/index.php\/wp-json\/wp\/v2\/pages\/252\/revisions\/426"}],"wp:attachment":[{"href":"https:\/\/www.smiecio.pl\/index.php\/wp-json\/wp\/v2\/media?parent=252"}],"curies":[{"name":"wp","href":"https:\/\/api.w.org\/{rel}","templated":true}]}}