{"id":264,"date":"2017-02-03T20:35:00","date_gmt":"2017-02-03T19:35:00","guid":{"rendered":"http:\/\/www.smiecio.pl\/?page_id=264"},"modified":"2020-05-24T18:27:11","modified_gmt":"2020-05-24T16:27:11","slug":"prace-ogrodowe","status":"publish","type":"page","link":"https:\/\/www.smiecio.pl\/index.php\/prace-ogrodowe\/","title":{"rendered":"Prace ogrodowe"},"content":{"rendered":"<p><img loading=\"lazy\" class=\"size-medium wp-image-265 alignright\" src=\"http:\/\/smiecio.pl\/wp-content\/uploads\/2020\/05\/rozbiorka_szklarni_altan-300x225.jpg\" alt=\"\" width=\"300\" height=\"225\" \/>Zastanawiasz si\u0119 <u>jak si\u0119 pozby\u0107 niechcianej starej szklarni czy altanki?<\/u> A mo\u017ce masz kilka drzewek owocowych do wyci\u0119cia?<\/p>\n<p>Z pomoc\u0105 przychodzi nasza oferta na drobne prace ogrodowe.\u00a0Oferujemy:<\/p>\n<p><b>&#8211; rozbi\u00f3r szklarni<br \/>\n&#8211; rozbi\u00f3r altan i altanek<br \/>\n&#8211; rozbi\u00f3rk\u0119 innych ogrodowych niewielkich budowli<br \/>\n&#8211; wycink\u0119 drzewek i krzak\u00f3w<\/b><\/p>\n<p>Oczywi\u015bcie opr\u00f3cz rozbi\u00f3rki i wycinki w cenie us\u0142ugi jest wyw\u00f3z odpad\u00f3w po zako\u0144czeniu prac i posprz\u0105tanie miejsca prac.<\/p>\n<h4>Jak uporz\u0105dkowa\u0107 ogr\u00f3d z firm\u0105 \u015amiecio?<\/h4>\n<p>Wystarczy, \u017ce zam\u00f3wisz <a href=\"http:\/\/www.smiecio.pl\/index.php\/zamow-usluge\/\">wyw\u00f3z odpad\u00f3w online<\/a> lub telefonicznie pod numerem 786-817-387. Przyjedziemy i wycenimy zakres prac. Oczywi\u015bcie nasza wizyta jest niezobowi\u0105zuj\u0105ca. Po akceptacji ceny i ustaleniu terminu zabieramy si\u0119 do pracy. Prace takie jak wyburzanie szklarni, altan czy altanek umawiamy przynajmniej z jedno lub dwu dniowym wyprzedzeniem. Z tego wzgl\u0119du, \u017ce nie zawsze wozimy ze sob\u0105 komplet narz\u0119dzi potrzebny do tego rodzaju prac, zach\u0119camy Pa\u0144stwa do um\u00f3wienia si\u0119 najpierw na ogl\u0119dziny i wycen\u0119 us\u0142ug.<\/p>\n<p><b>Rozbi\u00f3rk\u0119 szklarni i altanek oraz wycink\u0119 drzewek <\/b>oraz inne prace oferujemy w Gda\u0144sku, Gdyni, Sopocie, Rumi, Pruszczu Gda\u0144skim, Kolbudach, Straszynie, Baninie oraz w innych miejscowo\u015bciach zlokalizowanych niedaleko Tr\u00f3jmiasta.<\/p>\n","protected":false},"excerpt":{"rendered":"<p>Zastanawiasz si\u0119 jak si\u0119 pozby\u0107 niechcianej starej szklarni czy altanki? A mo\u017ce masz kilka drzewek owocowych do wyci\u0119cia? Z pomoc\u0105 przychodzi nasza oferta na drobne prace ogrodowe.\u00a0Oferujemy: &#8211; rozbi\u00f3r szklarni &#8211; rozbi\u00f3r altan i altanek &#8211; rozbi\u00f3rk\u0119 innych ogrodowych niewielkich budowli &#8211; wycink\u0119 drzewek i krzak\u00f3w Oczywi\u015bcie opr\u00f3cz rozbi\u00f3rki i wycinki w cenie us\u0142ugi jest [&hellip;]<\/p>\n","protected":false},"author":1,"featured_media":0,"parent":0,"menu_order":0,"comment_status":"closed","ping_status":"closed","template":"","meta":[],"_links":{"self":[{"href":"https:\/\/www.smiecio.pl\/index.php\/wp-json\/wp\/v2\/pages\/264"}],"collection":[{"href":"https:\/\/www.smiecio.pl\/index.php\/wp-json\/wp\/v2\/pages"}],"about":[{"href":"https:\/\/www.smiecio.pl\/index.php\/wp-json\/wp\/v2\/types\/page"}],"author":[{"embeddable":true,"href":"https:\/\/www.smiecio.pl\/index.php\/wp-json\/wp\/v2\/users\/1"}],"replies":[{"embeddable":true,"href":"https:\/\/www.smiecio.pl\/index.php\/wp-json\/wp\/v2\/comments?post=264"}],"version-history":[{"count":1,"href":"https:\/\/www.smiecio.pl\/index.php\/wp-json\/wp\/v2\/pages\/264\/revisions"}],"predecessor-version":[{"id":419,"href":"https:\/\/www.smiecio.pl\/index.php\/wp-json\/wp\/v2\/pages\/264\/revisions\/419"}],"wp:attachment":[{"href":"https:\/\/www.smiecio.pl\/index.php\/wp-json\/wp\/v2\/media?parent=264"}],"curies":[{"name":"wp","href":"https:\/\/api.w.org\/{rel}","templated":true}]}}