{"id":298,"date":"2017-02-03T22:52:31","date_gmt":"2017-02-03T21:52:31","guid":{"rendered":"http:\/\/www.smiecio.pl\/?page_id=298"},"modified":"2022-10-14T10:34:46","modified_gmt":"2022-10-14T08:34:46","slug":"polityka-prywatnosci","status":"publish","type":"page","link":"https:\/\/www.smiecio.pl\/index.php\/polityka-prywatnosci\/","title":{"rendered":"Polityka Prywatno\u015bci"},"content":{"rendered":"<p><i>Korzystaj\u0105c w jakikolwiek spos\u00f3b z serwisu znajduj\u0105cego si\u0119 pod adresem www.smiecio.pl, akceptujesz zasady zawarte w Polityce Prywatno\u015bci znajduj\u0105cej si\u0119 na niniejszej stronie.<\/i><\/p>\n<p>Zastrzegamy sobie prawo do wprowadzania zmian w Polityce Prywatno\u015bci bez powiadamiania o tym u\u017cytkownik\u00f3w strony internetowej. Ka\u017cd\u0105 osob\u0119 korzystaj\u0105c\u0105 w jakikolwiek spos\u00f3b z serwisu www.smiecio.pl obowi\u0105zuje aktualna Polityka Prywatno\u015bci. Jakiekolwiek wprowadzane zmiany nie wp\u0142ywaj\u0105 na podstawow\u0105 zasad\u0119: <u>nigdy nie sprzedajemy i nie udost\u0119pniamy osobom trzecim danych personalnych czy adresowych klient\u00f3w\/u\u017cytkownik\u00f3w serwisu www.smiecio.pl.<\/u><\/p>\n<p>Zawsze masz prawo do zmiany swoich danych lub usuni\u0119cia ich z naszej bazy.<\/p>\n<p>Je\u015bli nie zgadzasz si\u0119 z nasz\u0105 Polityk\u0105 Prywatno\u015bci, prosz\u0119, nie odwiedzaj serwisu www.smiecio.pl i nie wype\u0142niaj \u017cadnych formularzy.<\/p>\n<p><b>Dane osobowe<br \/>\n<\/b><\/p>\n<p>W czasie korzystania z serwisu www.smiecio.pl mo\u017cesz zosta\u0107 poproszona\/y o podanie niekt\u00f3rych swoich danych osobowych poprzez wype\u0142nienie formularza lub w inny spos\u00f3b. Dane, o kt\u00f3re b\u0119dziesz proszony, to w wi\u0119kszo\u015bci przypadk\u00f3w imi\u0119, nazwisko, adres zamieszkania, numer telefonu i adres e-mail. Wymagamy tylko tych danych, kt\u00f3re s\u0105 niezb\u0119dne do dzia\u0142ania serwisu. Niepodanie wymaganych danych zablokuje czynno\u015b\u0107, kt\u00f3r\u0105 te dane dotyczy\u0142y.<\/p>\n<p><b>Korzystanie z formularza kontaktowego<br \/>\n<\/b><\/p>\n<p>Wys\u0142anie zapytania za pomoc\u0105 formularza kontaktowego wymaga podania swojego imienia i adresu e-mail. Pola te s\u0105 obowi\u0105zkowe.<\/p>\n<p><b>Korzystanie z formularza kontaktowego dla firm<\/b><\/p>\n<p>Wys\u0142anie zapytania za pomoc\u0105 formularza kontaktowego wymaga podania swojego nazwy firmy i adresu e-mail. Pola te s\u0105 obowi\u0105zkowe.<\/p>\n<p><b>Korzystanie z formularza do zamawiania wywozu \u015bmieci.<br \/>\n<\/b><\/p>\n<p>Rezerwacja i zam\u00f3wienie us\u0142ugi poprzez formularz zam\u00f3wie\u0144 do wywozu \u015bmieci wymaga podania imienia, nazwiska, adresu wykonania us\u0142ugi, adresu e-mail oraz numeru telefonu. Pola te s\u0105 obowi\u0105zkowe.<\/p>\n<p><b>Jawne dane osobowe<\/b><\/p>\n<p>Formularze znajduj\u0105ce si\u0119 go\u015bcinnie w serwisie www.smiecio.pl i dotycz\u0105ce us\u0142ug, produkt\u00f3w, serwis\u00f3w i czasopism nieobs\u0142ugiwanych przez serwis www.smiecio.pl nie podlegaj\u0105 Polityce Prywatno\u015bci.<\/p>\n<p><b>Cookies (Ciasteczka)<\/b><\/p>\n<p>Niekt\u00f3re obszary serwisu www.smiecio.pl mog\u0105 wykorzystywa\u0107 cookies, czyli ma\u0142e pliki tekstowe wysy\u0142ane do komputera internauty identyfikuj\u0105ce go w spos\u00f3b potrzebny do uproszczenia lub umorzenia danej operacji. Cookies s\u0105 nieszkodliwe zar\u00f3wno dla komputera jak i dla jego u\u017cytkownika i jego danych. Warunkiem dzia\u0142ania cookies jest ich akceptacja przez przegl\u0105dark\u0119 i nie usuwanie ich z dysku.<\/p>\n<p><b>Niezapowiedziane wiadomo\u015bci<\/b><\/p>\n<p>Firma \u015amiecio Sp. z o.o. zastrzega sobie prawo do wysy\u0142ania niezapowiedzianych wiadomo\u015bci osobom, kt\u00f3re wyrazi\u0142y na to zgod\u0119 oraz zaakceptowa\u0142y zasady Polityki Prywatno\u015bci. Pod poj\u0119ciem niezapowiedzianych wiadomo\u015bci rozumiemy informacje odnosz\u0105ce si\u0119 bezpo\u015brednio do jego serwis\u00f3w, czasopism, us\u0142ug i produkt\u00f3w (np. zmiany, wewn\u0119trzne promocje), niekomercyjne listy (np. \u017cyczenia, komentarze osobiste itp.) oraz informacje komercyjne, kt\u00f3rych rozsy\u0142ka zosta\u0142a zam\u00f3wiona przez klient\u00f3w firmy \u015amiecio Sp. z o.o.<\/p>\n<p><b>Partnerzy<\/b><\/p>\n<p>Polityka Prywatno\u015bci nie dotyczy serwis\u00f3w i firm, kt\u00f3rych dane kontaktowe podane s\u0105 w serwisach i czasopismach nale\u017c\u0105cych do firmy \u015amiecio Sp. z o.o.<\/p>\n<p><i>W przypadku pyta\u0144 dotycz\u0105cych polityki prywatno\u015bci prosz\u0119 pisa\u0107 na adres: biuro [at] smiecio.pl<\/i><\/p>\n<p><b>Zasady korzystania ze strony internetowej pod adresem www.smiecio.pl\u00a0<\/b><\/p>\n<p><b>Prawa autorskie<\/b><\/p>\n<p>Zawarto\u015b\u0107 stron w tej domenie oraz nazwa domeny podlega ochronie prawnej. Dokumenty, artyku\u0142y,zdj\u0119cia, grafiki, skrypty i inne pliki tworz\u0105ce serwisy na tej domenie stanowi\u0105 w\u0142asno\u015b\u0107 firmy \u015amiecio Sp. z o.o. lub zosta\u0142y wykorzystane za zgod\u0105 os\u00f3b uprawnionych. Kopiowanie i rozpowszechnianie jak\u0105kolwiek metod\u0105 poligraficzn\u0105 czy elektroniczn\u0105 jest zabronione, chyba \u017ce zosta\u0142o inaczej uzgodnione z firm\u0105 \u015amiecio Sp. z o.o.. Pojedyncze dokumenty publikowane przez serwis www.smiecio.pl mog\u0105 zawiera\u0107 inne notki o prawach autorskich zwi\u0105zane z tymi dokumentami.<\/p>\n<p><b>Wy\u0142\u0105czenie odpowiedzialno\u015bci<\/b><\/p>\n<p>Chocia\u017c do\u0142o\u017cono wszelkich stara\u0144, by informacje na tej stronie by\u0142y jak najbardziej prawid\u0142owe, firma \u015amiecio Sp. z o.o. nie ponosi odpowiedzialno\u015bci za jej tre\u015b\u0107. Materia\u0142y mog\u0105 zawiera\u0107 nie\u015bcis\u0142o\u015bci i b\u0142\u0119dy w pisowni. Firma \u015amiecio Sp. z o.o. nie gwarantuje poprawno\u015bci i kompletno\u015bci materia\u0142\u00f3w ani wiarygodno\u015bci rad, opinii, o\u015bwiadcze\u0144, rysunk\u00f3w lub innych informacji wy\u015bwietlanych na stronie lub rozpowszechnianych za jej po\u015brednictwem. U\u017cytkownik akceptuje, \u017ce opieranie si\u0119 na takich opiniach, radach, o\u015bwiadczeniach, notatkach i rysunkach stanowi dzia\u0142anie na w\u0142asne ryzyko. Tre\u015bci przekazywane s\u0105 w takiej formie, w jakiej s\u0105 i w jakiej s\u0105 dost\u0119pne. Firma \u015amiecio Sp. z o.o. nie ponosi \u017cadnej odpowiedzialno\u015bci za pomy\u0142ki, niedok\u0142adno\u015bci, braki i inne b\u0142\u0119dy, niepunktualno\u015b\u0107 lub nieautentyczno\u015b\u0107 jakichkolwiek informacji zawartych na niniejszej stronie.<\/p>\n<p><b>Zamawianie us\u0142ugi wywozu \u015bmieci online<\/b><\/p>\n<p>Firma \u015amiecio Sp. z o.o. mo\u017ce odm\u00f3wi\u0107 wykonania us\u0142ugi , bez podania przyczyny. Lub zaniecha\u0107 wykonania us\u0142ugi w przypadku podania niepe\u0142nych danych, kt\u00f3re s\u0105 wymagane.<\/p>\n","protected":false},"excerpt":{"rendered":"<p>Korzystaj\u0105c w jakikolwiek spos\u00f3b z serwisu znajduj\u0105cego si\u0119 pod adresem www.smiecio.pl, akceptujesz zasady zawarte w Polityce Prywatno\u015bci znajduj\u0105cej si\u0119 na niniejszej stronie. Zastrzegamy sobie prawo do wprowadzania zmian w Polityce Prywatno\u015bci bez powiadamiania o tym u\u017cytkownik\u00f3w strony internetowej. Ka\u017cd\u0105 osob\u0119 korzystaj\u0105c\u0105 w jakikolwiek spos\u00f3b z serwisu www.smiecio.pl obowi\u0105zuje aktualna Polityka Prywatno\u015bci. Jakiekolwiek wprowadzane zmiany nie [&hellip;]<\/p>\n","protected":false},"author":1,"featured_media":0,"parent":0,"menu_order":0,"comment_status":"closed","ping_status":"closed","template":"","meta":[],"_links":{"self":[{"href":"https:\/\/www.smiecio.pl\/index.php\/wp-json\/wp\/v2\/pages\/298"}],"collection":[{"href":"https:\/\/www.smiecio.pl\/index.php\/wp-json\/wp\/v2\/pages"}],"about":[{"href":"https:\/\/www.smiecio.pl\/index.php\/wp-json\/wp\/v2\/types\/page"}],"author":[{"embeddable":true,"href":"https:\/\/www.smiecio.pl\/index.php\/wp-json\/wp\/v2\/users\/1"}],"replies":[{"embeddable":true,"href":"https:\/\/www.smiecio.pl\/index.php\/wp-json\/wp\/v2\/comments?post=298"}],"version-history":[{"count":2,"href":"https:\/\/www.smiecio.pl\/index.php\/wp-json\/wp\/v2\/pages\/298\/revisions"}],"predecessor-version":[{"id":543,"href":"https:\/\/www.smiecio.pl\/index.php\/wp-json\/wp\/v2\/pages\/298\/revisions\/543"}],"wp:attachment":[{"href":"https:\/\/www.smiecio.pl\/index.php\/wp-json\/wp\/v2\/media?parent=298"}],"curies":[{"name":"wp","href":"https:\/\/api.w.org\/{rel}","templated":true}]}}