{"id":308,"date":"2017-02-03T23:26:21","date_gmt":"2017-02-03T22:26:21","guid":{"rendered":"http:\/\/www.smiecio.pl\/?page_id=308"},"modified":"2020-05-24T18:27:06","modified_gmt":"2020-05-24T16:27:06","slug":"firmy-remontowo-budowlane","status":"publish","type":"page","link":"https:\/\/www.smiecio.pl\/index.php\/firmy-remontowo-budowlane\/","title":{"rendered":"Firmy remontowo\/budowlane"},"content":{"rendered":"<h4><b>Buduj wi\u0119cej. Oszcz\u0119dzaj czas. Prosta i wygodna alternatywa dla kontener\u00f3w i koszy na \u015bmieci.\u00a0<\/b><\/h4>\n<p>Pomo\u017cemy Tobie uko\u0144czy\u0107 projekty na czas i zaoszcz\u0119dzi\u0107 pieni\u0105dze. Nasza us\u0142uga obejmuje zar\u00f3wno wyw\u00f3z odpad\u00f3w jak <u>r\u00f3wnie\u017c za\u0142adunek.<\/u>\u00a0Ceny zawsze podajemy przed przyst\u0105pieniem do prac, a nasze godziny pracy s\u0105 bardzo elastyczne i mo\u017cemy dopasowa\u0107 si\u0119 do Twoich potrzeb. Dzi\u0119ki temu Twoje zmartwienia znikn\u0105. Kiedy podczas wykonywania prac nie mo\u017cesz korzysta\u0107 z kontenera czy koszy na \u015bmieci, lub dost\u0119p do nich jest utrudniony &#8211; skontaktuj si\u0119 z nami. Nasi pracownicy ubrani w firmowe uniformy wykonuj\u0105 swoj\u0105 prac\u0119 szybko i efektywnie. Dzi\u0119ki temu Twoi pracownicy b\u0119d\u0105 mogli si\u0119 skupi\u0107 na swojej pracy i na tym, aby doko\u0144czy\u0107 swoje zadania w terminie. Zapewniamy, \u017ce b\u0119dziemy dost\u0119pni wtedy kiedy b\u0119dziesz najbardziej nas potrzebowa\u0142.<\/p>\n<p><a href=\"http:\/\/www.smiecio.pl\/index.php\/zamow-usluge\/\">Zarezerwuj nasz\u0105 us\u0142ug\u0119 online<\/a> lub skontaktuj si\u0119 z nami telefonicznie pod numerem 786-817-387.<\/p>\n","protected":false},"excerpt":{"rendered":"<p>Buduj wi\u0119cej. Oszcz\u0119dzaj czas. Prosta i wygodna alternatywa dla kontener\u00f3w i koszy na \u015bmieci.\u00a0 Pomo\u017cemy Tobie uko\u0144czy\u0107 projekty na czas i zaoszcz\u0119dzi\u0107 pieni\u0105dze. Nasza us\u0142uga obejmuje zar\u00f3wno wyw\u00f3z odpad\u00f3w jak r\u00f3wnie\u017c za\u0142adunek.\u00a0Ceny zawsze podajemy przed przyst\u0105pieniem do prac, a nasze godziny pracy s\u0105 bardzo elastyczne i mo\u017cemy dopasowa\u0107 si\u0119 do Twoich potrzeb. Dzi\u0119ki temu Twoje [&hellip;]<\/p>\n","protected":false},"author":1,"featured_media":0,"parent":0,"menu_order":0,"comment_status":"closed","ping_status":"closed","template":"","meta":[],"_links":{"self":[{"href":"https:\/\/www.smiecio.pl\/index.php\/wp-json\/wp\/v2\/pages\/308"}],"collection":[{"href":"https:\/\/www.smiecio.pl\/index.php\/wp-json\/wp\/v2\/pages"}],"about":[{"href":"https:\/\/www.smiecio.pl\/index.php\/wp-json\/wp\/v2\/types\/page"}],"author":[{"embeddable":true,"href":"https:\/\/www.smiecio.pl\/index.php\/wp-json\/wp\/v2\/users\/1"}],"replies":[{"embeddable":true,"href":"https:\/\/www.smiecio.pl\/index.php\/wp-json\/wp\/v2\/comments?post=308"}],"version-history":[{"count":1,"href":"https:\/\/www.smiecio.pl\/index.php\/wp-json\/wp\/v2\/pages\/308\/revisions"}],"predecessor-version":[{"id":402,"href":"https:\/\/www.smiecio.pl\/index.php\/wp-json\/wp\/v2\/pages\/308\/revisions\/402"}],"wp:attachment":[{"href":"https:\/\/www.smiecio.pl\/index.php\/wp-json\/wp\/v2\/media?parent=308"}],"curies":[{"name":"wp","href":"https:\/\/api.w.org\/{rel}","templated":true}]}}