{"id":321,"date":"2017-02-03T23:51:52","date_gmt":"2017-02-03T22:51:52","guid":{"rendered":"http:\/\/www.smiecio.pl\/?page_id=321"},"modified":"2020-05-24T18:27:06","modified_gmt":"2020-05-24T16:27:06","slug":"faq","status":"publish","type":"page","link":"https:\/\/www.smiecio.pl\/index.php\/faq\/","title":{"rendered":"Cz\u0119sto zadawane pytania"},"content":{"rendered":"<table class=\"contentpaneopen\">\n<tbody>\n<tr>\n<td valign=\"top\">\n<h4>Poni\u017cej znajdziesz odpowiedzi na najcz\u0119\u015bciej zadawane przez naszych klient\u00f3w pytania. Je\u015bli nie znajdziesz nurtuj\u0105cej Ciebie odpowiedzi, czuj si\u0119 swobodnie <a title=\"wyw\u00f3z odpad\u00f3w, wyw\u00f3z \u015bmieci, Gda\u0144sk, Gdynia, Tr\u00f3jmiasto, recykling, wyw\u00f3z sprz\u0119tu agd\" href=\"http:\/\/www.smiecio.pl\/index.php\/kontakt\/\">kontaktuj\u0105c si\u0119 z nami.<\/a><\/h4>\n<h4>\nCzym jest \u015amiecio?<\/h4>\n<div id=\"hidden1\">Zajmujemy si\u0119 wywozem \u015bmieci na \u017c\u0105danie. G\u0142\u00f3wnie tych, kt\u00f3re nie mieszcz\u0105 si\u0119 w \u015bmietniku i kt\u00f3rych chcesz si\u0119 szybko pozby\u0107.<\/div>\n<h4>Jakie odpady\/\u015bmieci mo\u017ceci zabra\u0107?<\/h4>\n<div id=\"hidden2\">\n<p>Mo\u017cemy zabra\u0107 prawie wszystko co mog\u0105 unie\u015b\u0107 dwie osoby.<\/p>\n<p><b>Co zabieramy:<\/b><\/p>\n<p>Drewno &#8211; stare ogrodzenie, drzwi, pod\u0142ogi<br \/>\nMateria\u0142y budowlane &#8211; gruz, ceg\u0142y, p\u0142yty karton-gips<br \/>\nMeble &#8211; kanapy, \u0142\u00f3\u017cka, szafki, materace<br \/>\nAGD &#8211; lod\u00f3wki, zamra\u017carki, zmywarki, suszarki, pralki<br \/>\nBeton &#8211; z rozbitych czy uszkodzonych cie\u017cek (np. kostka), czy pod\u0142ogi<br \/>\nOdpady z ogrodu &#8211; \u0142awki, drzewa, stare li\u015bcie, gleba<br \/>\nPokrycia dachowe &#8211; dach\u00f3wka, blachodach\u00f3wka, p\u0142ytki<br \/>\nOdpady poremontowe &#8211; \u015bcianki, okna, pokrycia pod\u0142\u00f3g, futryny, itp<\/p>\n<p><b>Czego nie zabieramy:<\/b><\/p>\n<p>Farb, chemikali\u00f3w, rozpuszczalnik\u00f3w, olej\u00f3w, azbestu, zbiornik\u00f3w po ropie, benzynie, czy olejach samochodowych.<\/p>\n<\/div>\n<h4>Czy posiadacie odpowiednie uprawnienia?<\/h4>\n<div id=\"hidden3\">W\u0142a\u015bciciele, samochody oraz pracownicy posiadaj\u0105 niezb\u0119dne pozwolenia oraz ubezpieczenie do wykonywania pracy.<\/div>\n<h4>Czemu nie mo\u017cecie poda\u0107 dok\u0142adnej ceny przed przyjazdem?<\/h4>\n<div id=\"hidden4\">Cena jest uzale\u017cniona od gabarytu odpad\u00f3w oraz rodzaju materia\u0142u. Nie mo\u017cemy poda\u0107 Tobie dok\u0142adnej ceny dopuki nie zobaczymy tego co mamy zabra\u0107. Mo\u017cesz dokona\u0107 rezerwacji us\u0142ugi i uzyska\u0107 informacj\u0119 o cenie orientacyjnej. Na miejscu kierowcy zweryfikuj\u0105 cen\u0119.<\/div>\n<h4>Kiedy powinienem z\u0142o\u017cy\u0107 zam\u00f3wienie na wyw\u00f3z odpad\u00f3w?<\/h4>\n<div id=\"hidden5\">Skontaktuj si\u0119 z nami tak szybko jak to mo\u017cliwe. Nasz\u0105 dost\u0119pno\u015b\u0107 mo\u017cesz sprawdzi\u0107 na dwa sposoby &#8211; dzwoni\u0105c na infolini\u0119 lub korzystaj\u0105c z formularza zam\u00f3wie\u0144 na naszej stronie internetowej. Konieczne jest podanie dok\u0142adnego adresu.<\/div>\n<h4>Dlaczego spotkania umawiane s\u0105 w dwu godzinnych okienkach?<\/h4>\n<div id=\"hidden6\">Kierowcy zadzwoni\u0105 15-30 min przed przyjazdem. Dwu godzinne okienka pozwalaj\u0105 kierowcom upora\u0107 si\u0119 z nieprzewidzianymi okoliczno\u015bciami, np korkami lub prac\u0105, kt\u00f3ra zaj\u0119\u0142\u0105 wi\u0119cej czasu ni\u017c to by\u0142o zak\u0142adane. .<\/div>\n<h4>Czy mo\u017cecie wykona\u0107 us\u0142ug\u0119 kiedy nie b\u0119dzie mnie na miejscu?<\/h4>\n<div id=\"hidden7\">Klient powinien by\u0107 na miejscu, kiedy przyje\u017cdza ci\u0119\u017car\u00f3wka. Zadzwonimy do Ciebie 15-30 min przed przyjazdem, aby da\u0107 Ci zna\u0107, \u017ce jeste\u015bmy ju\u017c w drodze. Je\u015bli nie b\u0119dzie Ci\u0119 na miejscu, kierowcy skontaktuj\u0105 si\u0119 z Tob\u0105, aby poinformowa\u0107 o cenie us\u0142ugi oraz uzyska\u0107 potwierdzenie.<\/div>\n<h4>Chce skorzysta\u0107 z waszych us\u0142ug, ale nie odpowiadaj\u0105 mi godziny. Czy jest mo\u017cliwo\u015b\u0107 wywiezienia \u015bmieci w innych godzinach?<\/h4>\n<div id=\"hidden8\">Skontaktuj si\u0119 z nami, b\u0119dzie nam mi\u0142o przedyskutowa\u0107 t\u0119 opcj\u0119. To niebezpieczne, aby nasi kierowcy pracowali, gdy ju\u017c jest ciemno. Specjalne uzgodnienia mog\u0105 by\u0107 ustalone je\u015bli b\u0119dzie taka potrzeba.<\/div>\n<h4>Co robicie ze \u015bmieciami?<\/h4>\n<div id=\"hidden9\">To zale\u017cy od rodzaju odpadu. Niekt\u00f3re rzeczy zawieziemy na wysypisko, a niekt\u00f3re do naszej siedziby. Tam mo\u017cemy podda\u0107 je sortowaniu i segregacji. Staramy si\u0119, aby jak najwi\u0119ksza liczba odpad\u00f3w by\u0142a poddawana recyklingowi.<\/div>\n<h4>Czemu nie zabieracie materia\u0142\u00f3w niebezpiecznych?<\/h4>\n<div id=\"hidden10\">Z materia\u0142\u00f3w niebezpiecznych zabieramy tylko r\u00f3znego rodzaju urz\u0105dzenia elektryczne (np. lod\u00f3wki, drukarki, telewizory, monitory itp. itd.). Natomiast nie zabieramy rzeczy typu azbest, farby, czy inne \u015brodki chemiczne, lub przedmioty nimi zanieczyszczone z tego powodu, \u017ce ani kierowcy, ani nasze samochody nie posiadaj\u0105 odpowiednich uprawnie\u0144.<\/div>\n<h4>Czy mo\u017cecie przewie\u017a\u0107 moje rzeczy z jednego miejsca w inne?<\/h4>\n<div id=\"hidden12\">Nie jeste\u015bmy specjalistami od przeprowadzek, ani przewo\u017cenia przedmit\u00f3w z jednego miejsca w drugie. Nasze ci\u0119\u017car\u00f3wki to mini-\u015bmieciarki i mog\u0105 by\u0107 brudne w \u015brodku. Mo\u017cemy zabra\u0107 tylko te rzeczy, kt\u00f3rych ju\u017c nie potrzebujesz.<\/div>\n<h4>Czemu pobieracie op\u0142aty?<\/h4>\n<div id=\"hidden13\">Samodzielnie wykonujemy ca\u0142y za\u0142adunek oraz sprz\u0105tamy po sobie. Odpady s\u0105 zabierane na wysypisko lub przekazywane do recyklingu. Wywo\u017c\u0105c \u015bmieci na wysypisko podlegamy takim samym op\u0142atom jak Pa\u0144stwo.<\/div>\n<h4>W jakie narz\u0119dzia wyposa\u017ceni s\u0105 wasi kierowcy?<\/h4>\n<div id=\"hidden14\">Opr\u00f3cz tego, \u017ce posiadaj\u0105 odpowiedni\u0105 si\u0142\u0119, maj\u0105 r\u00f3wnie\u017c szufl\u0119 i grabie. Czasami, te\u017c w\u00f3zek lub taczk\u0119. Nie korzystamy z maszyn ani wind samochodowych.<\/div>\n<h4>Czemu mam korzysta\u0107 z waszych us\u0142ug, a nie z wynajmu kontenera?<\/h4>\n<div id=\"hidden15\">Dwie osoby przyje\u017cdzaj\u0105 wykonuj\u0105 ca\u0142\u0105 prac\u0119 i sprz\u0105taj\u0105 po sobi\u0119. Nasze stawki uzale\u017cnione s\u0105 od ilo\u015bci zabieranych odpad\u00f3w i posiadamy 12 przedia\u0142\u00f3w cenowych. Kontener musi by\u0107 umieszczone na Twojej posesji i musisz samemu wykona\u0107 ca\u0142y za\u0142adunek, i posprz\u0105ta\u0107. P\u0142acisz te\u017c za ca\u0142y kontener nie zale\u017cnie od ilo\u015bci w jakiej go wype\u0142nisz.<\/div>\n<div><\/div>\n<div><b>Jak du\u017ca jest wasza ci\u0119\u017car\u00f3wka?<\/b><\/div>\n<div><\/div>\n<div id=\"hidden16\">Jej pojemno\u015b\u0107 to ok 12-13\u00a0m3. Jej wymiary to 3,3 x 2 x 2 m (d\u0142\/sz\/wys)<\/div>\n<\/td>\n<\/tr>\n<\/tbody>\n<\/table>\n","protected":false},"excerpt":{"rendered":"<p>Poni\u017cej znajdziesz odpowiedzi na najcz\u0119\u015bciej zadawane przez naszych klient\u00f3w pytania. Je\u015bli nie znajdziesz nurtuj\u0105cej Ciebie odpowiedzi, czuj si\u0119 swobodnie kontaktuj\u0105c si\u0119 z nami. Czym jest \u015amiecio? Zajmujemy si\u0119 wywozem \u015bmieci na \u017c\u0105danie. G\u0142\u00f3wnie tych, kt\u00f3re nie mieszcz\u0105 si\u0119 w \u015bmietniku i kt\u00f3rych chcesz si\u0119 szybko pozby\u0107. Jakie odpady\/\u015bmieci mo\u017ceci zabra\u0107? Mo\u017cemy zabra\u0107 prawie wszystko co [&hellip;]<\/p>\n","protected":false},"author":1,"featured_media":0,"parent":0,"menu_order":0,"comment_status":"closed","ping_status":"closed","template":"","meta":[],"_links":{"self":[{"href":"https:\/\/www.smiecio.pl\/index.php\/wp-json\/wp\/v2\/pages\/321"}],"collection":[{"href":"https:\/\/www.smiecio.pl\/index.php\/wp-json\/wp\/v2\/pages"}],"about":[{"href":"https:\/\/www.smiecio.pl\/index.php\/wp-json\/wp\/v2\/types\/page"}],"author":[{"embeddable":true,"href":"https:\/\/www.smiecio.pl\/index.php\/wp-json\/wp\/v2\/users\/1"}],"replies":[{"embeddable":true,"href":"https:\/\/www.smiecio.pl\/index.php\/wp-json\/wp\/v2\/comments?post=321"}],"version-history":[{"count":1,"href":"https:\/\/www.smiecio.pl\/index.php\/wp-json\/wp\/v2\/pages\/321\/revisions"}],"predecessor-version":[{"id":401,"href":"https:\/\/www.smiecio.pl\/index.php\/wp-json\/wp\/v2\/pages\/321\/revisions\/401"}],"wp:attachment":[{"href":"https:\/\/www.smiecio.pl\/index.php\/wp-json\/wp\/v2\/media?parent=321"}],"curies":[{"name":"wp","href":"https:\/\/api.w.org\/{rel}","templated":true}]}}