{"id":96,"date":"2017-01-31T19:51:06","date_gmt":"2017-01-31T18:51:06","guid":{"rendered":"http:\/\/www.smiecio.pl\/?page_id=12"},"modified":"2020-05-27T09:40:30","modified_gmt":"2020-05-27T07:40:30","slug":"obslugiwane-obszary","status":"publish","type":"page","link":"https:\/\/www.smiecio.pl\/index.php\/obslugiwane-obszary\/","title":{"rendered":"OBS\u0141UGIWANE OBSZARY"},"content":{"rendered":"<table class=\"contentpaneopen\">\n<tbody>\n<tr>\n<td valign=\"top\">Obs\u0142ugiwane gminy:<\/p>\n<p>Gda\u0144sk, Sopot, Gdynia, Kolbudy, \u017bukowo, Pruszcz Gda\u0144ski,<br \/>\ncz\u0119\u015b\u0107 gminy Szemud oraz cz\u0119\u015b\u0107 gminy Przodkowo<\/td>\n<\/tr>\n<\/tbody>\n<\/table>\n<p><img loading=\"lazy\" class=\"size-large wp-image-488 alignleft\" src=\"http:\/\/smiecio.pl\/wp-content\/uploads\/2020\/05\/mapa_obszaru-925x1024.jpg\" alt=\"\" width=\"640\" height=\"708\" srcset=\"https:\/\/www.smiecio.pl\/wp-content\/uploads\/2020\/05\/mapa_obszaru-925x1024.jpg 925w, https:\/\/www.smiecio.pl\/wp-content\/uploads\/2020\/05\/mapa_obszaru-271x300.jpg 271w, https:\/\/www.smiecio.pl\/wp-content\/uploads\/2020\/05\/mapa_obszaru-768x850.jpg 768w, https:\/\/www.smiecio.pl\/wp-content\/uploads\/2020\/05\/mapa_obszaru.jpg 976w\" sizes=\"(max-width: 640px) 100vw, 640px\" \/><\/p>\n<table class=\"contentpaneopen\">\n<tbody>\n<tr>\n<td valign=\"top\">Obs\u0142ugujemy obszar w odleg\u0142o\u015bci 20 km od naszej siedziby.<\/td>\n<\/tr>\n<\/tbody>\n<\/table>\n","protected":false},"excerpt":{"rendered":"<p>Obs\u0142ugiwane gminy: Gda\u0144sk, Sopot, Gdynia, Kolbudy, \u017bukowo, Pruszcz Gda\u0144ski, cz\u0119\u015b\u0107 gminy Szemud oraz cz\u0119\u015b\u0107 gminy Przodkowo Obs\u0142ugujemy obszar w odleg\u0142o\u015bci 20 km od naszej siedziby.<\/p>\n","protected":false},"author":1,"featured_media":0,"parent":0,"menu_order":0,"comment_status":"closed","ping_status":"closed","template":"","meta":[],"_links":{"self":[{"href":"https:\/\/www.smiecio.pl\/index.php\/wp-json\/wp\/v2\/pages\/96"}],"collection":[{"href":"https:\/\/www.smiecio.pl\/index.php\/wp-json\/wp\/v2\/pages"}],"about":[{"href":"https:\/\/www.smiecio.pl\/index.php\/wp-json\/wp\/v2\/types\/page"}],"author":[{"embeddable":true,"href":"https:\/\/www.smiecio.pl\/index.php\/wp-json\/wp\/v2\/users\/1"}],"replies":[{"embeddable":true,"href":"https:\/\/www.smiecio.pl\/index.php\/wp-json\/wp\/v2\/comments?post=96"}],"version-history":[{"count":3,"href":"https:\/\/www.smiecio.pl\/index.php\/wp-json\/wp\/v2\/pages\/96\/revisions"}],"predecessor-version":[{"id":490,"href":"https:\/\/www.smiecio.pl\/index.php\/wp-json\/wp\/v2\/pages\/96\/revisions\/490"}],"wp:attachment":[{"href":"https:\/\/www.smiecio.pl\/index.php\/wp-json\/wp\/v2\/media?parent=96"}],"curies":[{"name":"wp","href":"https:\/\/api.w.org\/{rel}","templated":true}]}}